{"id":745,"date":"2020-07-20T16:11:44","date_gmt":"2020-07-20T09:11:44","guid":{"rendered":"http:\/\/datviet.khatech.vn\/?post_type=product&#038;p=745"},"modified":"2025-12-10T20:08:44","modified_gmt":"2025-12-10T13:08:44","slug":"ca-phe-hoa-tan-sua-dua","status":"publish","type":"product","link":"https:\/\/datvietcoffee.com.vn\/en\/san-pham\/ca-phe-hoa-tan-sua-dua","title":{"rendered":"Instant coffee with coconut milk"},"content":{"rendered":"Dat Viet Coconut Instant Coffee is a unique combination of Highland coffee and delicious fresh coconut in the West of the river. Our specially formulated Coconut Coconut Cappuccino is a delicious instant coffee that retains the flavor of the coffee without losing the coconut&#8217;s taste. Sip a cup of Cappuccino Coconut and dissolve Vietnamese Land and start a new day full of energy.<img loading=\"lazy\" decoding=\"async\" class=\"aligncenter size-full wp-image-748\" src=\"\/wp-content\/uploads\/2020\/07\/ca-phe-hoa-tan-sua-dua-3.jpg\" alt=\"\" width=\"1080\" height=\"1080\" \/>","protected":false},"excerpt":{"rendered":"<p>86.000 Vnd\/180g (10 pack x 18g)<\/p>\n","protected":false},"featured_media":840,"comment_status":"open","ping_status":"closed","template":"","meta":[],"product_brand":[],"product_cat":[71],"product_tag":[],"class_list":{"0":"post-745","1":"product","2":"type-product","3":"status-publish","4":"has-post-thumbnail","6":"product_cat-ca-phe-hoa-tan","8":"first","9":"instock","10":"shipping-taxable","11":"purchasable","12":"product-type-simple"},"yoast_head":"<!-- This site is optimized with the Yoast SEO plugin v27.1.1 - https:\/\/yoast.com\/product\/yoast-seo-wordpress\/ -->\n<title>Instant coffee with coconut milk - Coffee \u0110\u1ea5t Vi\u1ec7t<\/title>\n<meta name=\"robots\" content=\"index, follow, max-snippet:-1, max-image-preview:large, max-video-preview:-1\" \/>\n<link rel=\"canonical\" href=\"https:\/\/datvietcoffee.com.vn\/san-pham\/ca-phe-hoa-tan-sua-dua\" \/>\n<meta property=\"og:locale\" content=\"en_US\" \/>\n<meta property=\"og:type\" content=\"article\" \/>\n<meta property=\"og:title\" content=\"[:vi]C\u00e0 ph\u00ea h\u00f2a tan s\u1eefa d\u1eeba[:en]Instant coffee with coconut milk[:] - Coffee \u0110\u1ea5t Vi\u1ec7t\" \/>\n<meta property=\"og:description\" content=\"[:vi]100.000 \u0111\/180g (10 g\u00f3i x 18g)[:en]86.000 Vnd\/180g (10 pack x 18g)[:]\" \/>\n<meta property=\"og:url\" content=\"https:\/\/datvietcoffee.com.vn\/san-pham\/ca-phe-hoa-tan-sua-dua\" \/>\n<meta property=\"og:site_name\" content=\"Coffee \u0110\u1ea5t Vi\u1ec7t\" \/>\n<meta property=\"article:modified_time\" content=\"2025-12-10T13:08:44+00:00\" \/>\n<meta property=\"og:image\" content=\"https:\/\/datvietcoffee.com.vn\/wp-content\/uploads\/2020\/07\/MG_13032.jpg\" \/>\n\t<meta property=\"og:image:width\" content=\"1200\" \/>\n\t<meta property=\"og:image:height\" content=\"1200\" \/>\n\t<meta property=\"og:image:type\" content=\"image\/jpeg\" \/>\n<meta name=\"twitter:card\" content=\"summary_large_image\" \/>\n<meta name=\"twitter:label1\" content=\"Est. reading time\" \/>\n\t<meta name=\"twitter:data1\" content=\"1 minute\" \/>\n<script type=\"application\/ld+json\" class=\"yoast-schema-graph\">{\"@context\":\"https:\/\/schema.org\",\"@graph\":[{\"@type\":\"WebPage\",\"@id\":\"https:\/\/datvietcoffee.com.vn\/san-pham\/ca-phe-hoa-tan-sua-dua\",\"url\":\"https:\/\/datvietcoffee.com.vn\/san-pham\/ca-phe-hoa-tan-sua-dua\",\"name\":\"[:vi]C\u00e0 ph\u00ea h\u00f2a tan s\u1eefa d\u1eeba[:en]Instant coffee with coconut milk[:] - Coffee \u0110\u1ea5t Vi\u1ec7t\",\"isPartOf\":{\"@id\":\"https:\/\/datvietcoffee.com.vn\/#website\"},\"primaryImageOfPage\":{\"@id\":\"https:\/\/datvietcoffee.com.vn\/san-pham\/ca-phe-hoa-tan-sua-dua#primaryimage\"},\"image\":{\"@id\":\"https:\/\/datvietcoffee.com.vn\/san-pham\/ca-phe-hoa-tan-sua-dua#primaryimage\"},\"thumbnailUrl\":\"https:\/\/datvietcoffee.com.vn\/wp-content\/uploads\/2020\/07\/MG_13032.jpg\",\"datePublished\":\"2020-07-20T09:11:44+00:00\",\"dateModified\":\"2025-12-10T13:08:44+00:00\",\"breadcrumb\":{\"@id\":\"https:\/\/datvietcoffee.com.vn\/san-pham\/ca-phe-hoa-tan-sua-dua#breadcrumb\"},\"inLanguage\":\"en-US\",\"potentialAction\":[{\"@type\":\"ReadAction\",\"target\":[\"https:\/\/datvietcoffee.com.vn\/san-pham\/ca-phe-hoa-tan-sua-dua\"]}]},{\"@type\":\"ImageObject\",\"inLanguage\":\"en-US\",\"@id\":\"https:\/\/datvietcoffee.com.vn\/san-pham\/ca-phe-hoa-tan-sua-dua#primaryimage\",\"url\":\"https:\/\/datvietcoffee.com.vn\/wp-content\/uploads\/2020\/07\/MG_13032.jpg\",\"contentUrl\":\"https:\/\/datvietcoffee.com.vn\/wp-content\/uploads\/2020\/07\/MG_13032.jpg\",\"width\":1200,\"height\":1200},{\"@type\":\"BreadcrumbList\",\"@id\":\"https:\/\/datvietcoffee.com.vn\/san-pham\/ca-phe-hoa-tan-sua-dua#breadcrumb\",\"itemListElement\":[{\"@type\":\"ListItem\",\"position\":1,\"name\":\"Trang ch\u1ee7\",\"item\":\"https:\/\/datvietcoffee.com.vn\/\"},{\"@type\":\"ListItem\",\"position\":2,\"name\":\"S\u1ea3n ph\u1ea9m\",\"item\":\"https:\/\/datvietcoffee.com.vn\/san-pham\"},{\"@type\":\"ListItem\",\"position\":3,\"name\":\"C\u00e0 ph\u00ea h\u00f2a tan s\u1eefa d\u1eeba\"}]},{\"@type\":\"WebSite\",\"@id\":\"https:\/\/datvietcoffee.com.vn\/#website\",\"url\":\"https:\/\/datvietcoffee.com.vn\/\",\"name\":\"Coffee \u0110\u1ea5t Vi\u1ec7t\",\"description\":\"C\u00f4ng ty TNHH C\u00e0 Ph\u00ea \u0110\u1ea5t Vi\u1ec7t\",\"potentialAction\":[{\"@type\":\"SearchAction\",\"target\":{\"@type\":\"EntryPoint\",\"urlTemplate\":\"https:\/\/datvietcoffee.com.vn\/?s={search_term_string}\"},\"query-input\":{\"@type\":\"PropertyValueSpecification\",\"valueRequired\":true,\"valueName\":\"search_term_string\"}}],\"inLanguage\":\"en-US\"}]}<\/script>\n<!-- \/ Yoast SEO plugin. -->","yoast_head_json":{"title":"[:vi]C\u00e0 ph\u00ea h\u00f2a tan s\u1eefa d\u1eeba[:en]Instant coffee with coconut milk[:] - Coffee \u0110\u1ea5t Vi\u1ec7t","robots":{"index":"index","follow":"follow","max-snippet":"max-snippet:-1","max-image-preview":"max-image-preview:large","max-video-preview":"max-video-preview:-1"},"canonical":"https:\/\/datvietcoffee.com.vn\/san-pham\/ca-phe-hoa-tan-sua-dua","og_locale":"en_US","og_type":"article","og_title":"[:vi]C\u00e0 ph\u00ea h\u00f2a tan s\u1eefa d\u1eeba[:en]Instant coffee with coconut milk[:] - Coffee \u0110\u1ea5t Vi\u1ec7t","og_description":"[:vi]100.000 \u0111\/180g (10 g\u00f3i x 18g)[:en]86.000 Vnd\/180g (10 pack x 18g)[:]","og_url":"https:\/\/datvietcoffee.com.vn\/san-pham\/ca-phe-hoa-tan-sua-dua","og_site_name":"Coffee \u0110\u1ea5t Vi\u1ec7t","article_modified_time":"2025-12-10T13:08:44+00:00","og_image":[{"width":1200,"height":1200,"url":"https:\/\/datvietcoffee.com.vn\/wp-content\/uploads\/2020\/07\/MG_13032.jpg","type":"image\/jpeg"}],"twitter_card":"summary_large_image","twitter_misc":{"Est. reading time":"1 minute"},"schema":{"@context":"https:\/\/schema.org","@graph":[{"@type":"WebPage","@id":"https:\/\/datvietcoffee.com.vn\/san-pham\/ca-phe-hoa-tan-sua-dua","url":"https:\/\/datvietcoffee.com.vn\/san-pham\/ca-phe-hoa-tan-sua-dua","name":"[:vi]C\u00e0 ph\u00ea h\u00f2a tan s\u1eefa d\u1eeba[:en]Instant coffee with coconut milk[:] - Coffee \u0110\u1ea5t Vi\u1ec7t","isPartOf":{"@id":"https:\/\/datvietcoffee.com.vn\/#website"},"primaryImageOfPage":{"@id":"https:\/\/datvietcoffee.com.vn\/san-pham\/ca-phe-hoa-tan-sua-dua#primaryimage"},"image":{"@id":"https:\/\/datvietcoffee.com.vn\/san-pham\/ca-phe-hoa-tan-sua-dua#primaryimage"},"thumbnailUrl":"https:\/\/datvietcoffee.com.vn\/wp-content\/uploads\/2020\/07\/MG_13032.jpg","datePublished":"2020-07-20T09:11:44+00:00","dateModified":"2025-12-10T13:08:44+00:00","breadcrumb":{"@id":"https:\/\/datvietcoffee.com.vn\/san-pham\/ca-phe-hoa-tan-sua-dua#breadcrumb"},"inLanguage":"en-US","potentialAction":[{"@type":"ReadAction","target":["https:\/\/datvietcoffee.com.vn\/san-pham\/ca-phe-hoa-tan-sua-dua"]}]},{"@type":"ImageObject","inLanguage":"en-US","@id":"https:\/\/datvietcoffee.com.vn\/san-pham\/ca-phe-hoa-tan-sua-dua#primaryimage","url":"https:\/\/datvietcoffee.com.vn\/wp-content\/uploads\/2020\/07\/MG_13032.jpg","contentUrl":"https:\/\/datvietcoffee.com.vn\/wp-content\/uploads\/2020\/07\/MG_13032.jpg","width":1200,"height":1200},{"@type":"BreadcrumbList","@id":"https:\/\/datvietcoffee.com.vn\/san-pham\/ca-phe-hoa-tan-sua-dua#breadcrumb","itemListElement":[{"@type":"ListItem","position":1,"name":"Trang ch\u1ee7","item":"https:\/\/datvietcoffee.com.vn\/"},{"@type":"ListItem","position":2,"name":"S\u1ea3n ph\u1ea9m","item":"https:\/\/datvietcoffee.com.vn\/san-pham"},{"@type":"ListItem","position":3,"name":"C\u00e0 ph\u00ea h\u00f2a tan s\u1eefa d\u1eeba"}]},{"@type":"WebSite","@id":"https:\/\/datvietcoffee.com.vn\/#website","url":"https:\/\/datvietcoffee.com.vn\/","name":"Coffee \u0110\u1ea5t Vi\u1ec7t","description":"C\u00f4ng ty TNHH C\u00e0 Ph\u00ea \u0110\u1ea5t Vi\u1ec7t","potentialAction":[{"@type":"SearchAction","target":{"@type":"EntryPoint","urlTemplate":"https:\/\/datvietcoffee.com.vn\/?s={search_term_string}"},"query-input":{"@type":"PropertyValueSpecification","valueRequired":true,"valueName":"search_term_string"}}],"inLanguage":"en-US"}]}},"_links":{"self":[{"href":"https:\/\/datvietcoffee.com.vn\/en\/wp-json\/wp\/v2\/product\/745","targetHints":{"allow":["GET"]}}],"collection":[{"href":"https:\/\/datvietcoffee.com.vn\/en\/wp-json\/wp\/v2\/product"}],"about":[{"href":"https:\/\/datvietcoffee.com.vn\/en\/wp-json\/wp\/v2\/types\/product"}],"replies":[{"embeddable":true,"href":"https:\/\/datvietcoffee.com.vn\/en\/wp-json\/wp\/v2\/comments?post=745"}],"wp:featuredmedia":[{"embeddable":true,"href":"https:\/\/datvietcoffee.com.vn\/en\/wp-json\/wp\/v2\/media\/840"}],"wp:attachment":[{"href":"https:\/\/datvietcoffee.com.vn\/en\/wp-json\/wp\/v2\/media?parent=745"}],"wp:term":[{"taxonomy":"product_brand","embeddable":true,"href":"https:\/\/datvietcoffee.com.vn\/en\/wp-json\/wp\/v2\/product_brand?post=745"},{"taxonomy":"product_cat","embeddable":true,"href":"https:\/\/datvietcoffee.com.vn\/en\/wp-json\/wp\/v2\/product_cat?post=745"},{"taxonomy":"product_tag","embeddable":true,"href":"https:\/\/datvietcoffee.com.vn\/en\/wp-json\/wp\/v2\/product_tag?post=745"}],"curies":[{"name":"wp","href":"https:\/\/api.w.org\/{rel}","templated":true}]}}