{"id":744,"date":"2020-07-20T16:06:59","date_gmt":"2020-07-20T09:06:59","guid":{"rendered":"http:\/\/datviet.khatech.vn\/?post_type=product&#038;p=744"},"modified":"2025-12-10T19:30:15","modified_gmt":"2025-12-10T12:30:15","slug":"ca-phe-phin-giay","status":"publish","type":"product","link":"https:\/\/datvietcoffee.com.vn\/en\/san-pham\/ca-phe-phin-giay","title":{"rendered":"Paper filter coffee"},"content":{"rendered":"<p><a href=\"https:\/\/datvietcoffee.com.vn\/cf-phin-giay\"><img loading=\"lazy\" decoding=\"async\" class=\"aligncenter size-full wp-image-328\" src=\"\/wp-content\/uploads\/2020\/06\/cf-phin-giay.jpg\" alt=\"\" width=\"600\" height=\"400\" \/><\/a><\/p>\n","protected":false},"excerpt":{"rendered":"<p>It is the optimal choice for those who prefer Vietnamese traditional coffee cups but use modern brewing to save time and be environmentally friendly. Easy to use at home or office, picnic &#8230;<\/p>\n<p>120.000 Vnd\/150g (10 pack x 15g)<\/p>\n","protected":false},"featured_media":829,"comment_status":"open","ping_status":"closed","template":"","meta":[],"product_brand":[],"product_cat":[70],"product_tag":[],"class_list":{"0":"post-744","1":"product","2":"type-product","3":"status-publish","4":"has-post-thumbnail","6":"product_cat-ca-phe-phin-giay","8":"first","9":"instock","10":"shipping-taxable","11":"product-type-simple"},"yoast_head":"<!-- This site is optimized with the Yoast SEO plugin v27.1.1 - https:\/\/yoast.com\/product\/yoast-seo-wordpress\/ -->\n<title>Paper filter coffee - Coffee \u0110\u1ea5t Vi\u1ec7t<\/title>\n<meta name=\"robots\" content=\"index, follow, max-snippet:-1, max-image-preview:large, max-video-preview:-1\" \/>\n<link rel=\"canonical\" href=\"https:\/\/datvietcoffee.com.vn\/san-pham\/ca-phe-phin-giay\" \/>\n<meta property=\"og:locale\" content=\"en_US\" \/>\n<meta property=\"og:type\" content=\"article\" \/>\n<meta property=\"og:title\" content=\"[:vi]C\u00e0 ph\u00ea phin gi\u1ea5y[:en]Paper filter coffee[:] - Coffee \u0110\u1ea5t Vi\u1ec7t\" \/>\n<meta property=\"og:description\" content=\"[:vi]S\u1ea3n ph\u1ea7m t\u1ea1m d\u1eebng s\u1ea3n xu\u1ea5t.[:en]It is the optimal choice for those who prefer Vietnamese traditional coffee cups but use modern brewing to save time and be environmentally friendly. Easy to use at home or office, picnic ...  120.000 Vnd\/150g (10 pack x 15g)[:]\" \/>\n<meta property=\"og:url\" content=\"https:\/\/datvietcoffee.com.vn\/san-pham\/ca-phe-phin-giay\" \/>\n<meta property=\"og:site_name\" content=\"Coffee \u0110\u1ea5t Vi\u1ec7t\" \/>\n<meta property=\"article:modified_time\" content=\"2025-12-10T12:30:15+00:00\" \/>\n<meta property=\"og:image\" content=\"https:\/\/datvietcoffee.com.vn\/wp-content\/uploads\/2020\/07\/CaphePhinGiay.jpg\" \/>\n\t<meta property=\"og:image:width\" content=\"1200\" \/>\n\t<meta property=\"og:image:height\" content=\"1200\" \/>\n\t<meta property=\"og:image:type\" content=\"image\/jpeg\" \/>\n<meta name=\"twitter:card\" content=\"summary_large_image\" \/>\n<script type=\"application\/ld+json\" class=\"yoast-schema-graph\">{\"@context\":\"https:\/\/schema.org\",\"@graph\":[{\"@type\":\"WebPage\",\"@id\":\"https:\/\/datvietcoffee.com.vn\/san-pham\/ca-phe-phin-giay\",\"url\":\"https:\/\/datvietcoffee.com.vn\/san-pham\/ca-phe-phin-giay\",\"name\":\"[:vi]C\u00e0 ph\u00ea phin gi\u1ea5y[:en]Paper filter coffee[:] - Coffee \u0110\u1ea5t Vi\u1ec7t\",\"isPartOf\":{\"@id\":\"https:\/\/datvietcoffee.com.vn\/#website\"},\"primaryImageOfPage\":{\"@id\":\"https:\/\/datvietcoffee.com.vn\/san-pham\/ca-phe-phin-giay#primaryimage\"},\"image\":{\"@id\":\"https:\/\/datvietcoffee.com.vn\/san-pham\/ca-phe-phin-giay#primaryimage\"},\"thumbnailUrl\":\"https:\/\/datvietcoffee.com.vn\/wp-content\/uploads\/2020\/07\/CaphePhinGiay.jpg\",\"datePublished\":\"2020-07-20T09:06:59+00:00\",\"dateModified\":\"2025-12-10T12:30:15+00:00\",\"breadcrumb\":{\"@id\":\"https:\/\/datvietcoffee.com.vn\/san-pham\/ca-phe-phin-giay#breadcrumb\"},\"inLanguage\":\"en-US\",\"potentialAction\":[{\"@type\":\"ReadAction\",\"target\":[\"https:\/\/datvietcoffee.com.vn\/san-pham\/ca-phe-phin-giay\"]}]},{\"@type\":\"ImageObject\",\"inLanguage\":\"en-US\",\"@id\":\"https:\/\/datvietcoffee.com.vn\/san-pham\/ca-phe-phin-giay#primaryimage\",\"url\":\"https:\/\/datvietcoffee.com.vn\/wp-content\/uploads\/2020\/07\/CaphePhinGiay.jpg\",\"contentUrl\":\"https:\/\/datvietcoffee.com.vn\/wp-content\/uploads\/2020\/07\/CaphePhinGiay.jpg\",\"width\":1200,\"height\":1200},{\"@type\":\"BreadcrumbList\",\"@id\":\"https:\/\/datvietcoffee.com.vn\/san-pham\/ca-phe-phin-giay#breadcrumb\",\"itemListElement\":[{\"@type\":\"ListItem\",\"position\":1,\"name\":\"Trang ch\u1ee7\",\"item\":\"https:\/\/datvietcoffee.com.vn\/\"},{\"@type\":\"ListItem\",\"position\":2,\"name\":\"S\u1ea3n ph\u1ea9m\",\"item\":\"https:\/\/datvietcoffee.com.vn\/san-pham\"},{\"@type\":\"ListItem\",\"position\":3,\"name\":\"C\u00e0 ph\u00ea phin gi\u1ea5y\"}]},{\"@type\":\"WebSite\",\"@id\":\"https:\/\/datvietcoffee.com.vn\/#website\",\"url\":\"https:\/\/datvietcoffee.com.vn\/\",\"name\":\"Coffee \u0110\u1ea5t Vi\u1ec7t\",\"description\":\"C\u00f4ng ty TNHH C\u00e0 Ph\u00ea \u0110\u1ea5t Vi\u1ec7t\",\"potentialAction\":[{\"@type\":\"SearchAction\",\"target\":{\"@type\":\"EntryPoint\",\"urlTemplate\":\"https:\/\/datvietcoffee.com.vn\/?s={search_term_string}\"},\"query-input\":{\"@type\":\"PropertyValueSpecification\",\"valueRequired\":true,\"valueName\":\"search_term_string\"}}],\"inLanguage\":\"en-US\"}]}<\/script>\n<!-- \/ Yoast SEO plugin. -->","yoast_head_json":{"title":"[:vi]C\u00e0 ph\u00ea phin gi\u1ea5y[:en]Paper filter coffee[:] - Coffee \u0110\u1ea5t Vi\u1ec7t","robots":{"index":"index","follow":"follow","max-snippet":"max-snippet:-1","max-image-preview":"max-image-preview:large","max-video-preview":"max-video-preview:-1"},"canonical":"https:\/\/datvietcoffee.com.vn\/san-pham\/ca-phe-phin-giay","og_locale":"en_US","og_type":"article","og_title":"[:vi]C\u00e0 ph\u00ea phin gi\u1ea5y[:en]Paper filter coffee[:] - Coffee \u0110\u1ea5t Vi\u1ec7t","og_description":"[:vi]S\u1ea3n ph\u1ea7m t\u1ea1m d\u1eebng s\u1ea3n xu\u1ea5t.[:en]It is the optimal choice for those who prefer Vietnamese traditional coffee cups but use modern brewing to save time and be environmentally friendly. Easy to use at home or office, picnic ...  120.000 Vnd\/150g (10 pack x 15g)[:]","og_url":"https:\/\/datvietcoffee.com.vn\/san-pham\/ca-phe-phin-giay","og_site_name":"Coffee \u0110\u1ea5t Vi\u1ec7t","article_modified_time":"2025-12-10T12:30:15+00:00","og_image":[{"width":1200,"height":1200,"url":"https:\/\/datvietcoffee.com.vn\/wp-content\/uploads\/2020\/07\/CaphePhinGiay.jpg","type":"image\/jpeg"}],"twitter_card":"summary_large_image","schema":{"@context":"https:\/\/schema.org","@graph":[{"@type":"WebPage","@id":"https:\/\/datvietcoffee.com.vn\/san-pham\/ca-phe-phin-giay","url":"https:\/\/datvietcoffee.com.vn\/san-pham\/ca-phe-phin-giay","name":"[:vi]C\u00e0 ph\u00ea phin gi\u1ea5y[:en]Paper filter coffee[:] - Coffee \u0110\u1ea5t Vi\u1ec7t","isPartOf":{"@id":"https:\/\/datvietcoffee.com.vn\/#website"},"primaryImageOfPage":{"@id":"https:\/\/datvietcoffee.com.vn\/san-pham\/ca-phe-phin-giay#primaryimage"},"image":{"@id":"https:\/\/datvietcoffee.com.vn\/san-pham\/ca-phe-phin-giay#primaryimage"},"thumbnailUrl":"https:\/\/datvietcoffee.com.vn\/wp-content\/uploads\/2020\/07\/CaphePhinGiay.jpg","datePublished":"2020-07-20T09:06:59+00:00","dateModified":"2025-12-10T12:30:15+00:00","breadcrumb":{"@id":"https:\/\/datvietcoffee.com.vn\/san-pham\/ca-phe-phin-giay#breadcrumb"},"inLanguage":"en-US","potentialAction":[{"@type":"ReadAction","target":["https:\/\/datvietcoffee.com.vn\/san-pham\/ca-phe-phin-giay"]}]},{"@type":"ImageObject","inLanguage":"en-US","@id":"https:\/\/datvietcoffee.com.vn\/san-pham\/ca-phe-phin-giay#primaryimage","url":"https:\/\/datvietcoffee.com.vn\/wp-content\/uploads\/2020\/07\/CaphePhinGiay.jpg","contentUrl":"https:\/\/datvietcoffee.com.vn\/wp-content\/uploads\/2020\/07\/CaphePhinGiay.jpg","width":1200,"height":1200},{"@type":"BreadcrumbList","@id":"https:\/\/datvietcoffee.com.vn\/san-pham\/ca-phe-phin-giay#breadcrumb","itemListElement":[{"@type":"ListItem","position":1,"name":"Trang ch\u1ee7","item":"https:\/\/datvietcoffee.com.vn\/"},{"@type":"ListItem","position":2,"name":"S\u1ea3n ph\u1ea9m","item":"https:\/\/datvietcoffee.com.vn\/san-pham"},{"@type":"ListItem","position":3,"name":"C\u00e0 ph\u00ea phin gi\u1ea5y"}]},{"@type":"WebSite","@id":"https:\/\/datvietcoffee.com.vn\/#website","url":"https:\/\/datvietcoffee.com.vn\/","name":"Coffee \u0110\u1ea5t Vi\u1ec7t","description":"C\u00f4ng ty TNHH C\u00e0 Ph\u00ea \u0110\u1ea5t Vi\u1ec7t","potentialAction":[{"@type":"SearchAction","target":{"@type":"EntryPoint","urlTemplate":"https:\/\/datvietcoffee.com.vn\/?s={search_term_string}"},"query-input":{"@type":"PropertyValueSpecification","valueRequired":true,"valueName":"search_term_string"}}],"inLanguage":"en-US"}]}},"_links":{"self":[{"href":"https:\/\/datvietcoffee.com.vn\/en\/wp-json\/wp\/v2\/product\/744","targetHints":{"allow":["GET"]}}],"collection":[{"href":"https:\/\/datvietcoffee.com.vn\/en\/wp-json\/wp\/v2\/product"}],"about":[{"href":"https:\/\/datvietcoffee.com.vn\/en\/wp-json\/wp\/v2\/types\/product"}],"replies":[{"embeddable":true,"href":"https:\/\/datvietcoffee.com.vn\/en\/wp-json\/wp\/v2\/comments?post=744"}],"wp:featuredmedia":[{"embeddable":true,"href":"https:\/\/datvietcoffee.com.vn\/en\/wp-json\/wp\/v2\/media\/829"}],"wp:attachment":[{"href":"https:\/\/datvietcoffee.com.vn\/en\/wp-json\/wp\/v2\/media?parent=744"}],"wp:term":[{"taxonomy":"product_brand","embeddable":true,"href":"https:\/\/datvietcoffee.com.vn\/en\/wp-json\/wp\/v2\/product_brand?post=744"},{"taxonomy":"product_cat","embeddable":true,"href":"https:\/\/datvietcoffee.com.vn\/en\/wp-json\/wp\/v2\/product_cat?post=744"},{"taxonomy":"product_tag","embeddable":true,"href":"https:\/\/datvietcoffee.com.vn\/en\/wp-json\/wp\/v2\/product_tag?post=744"}],"curies":[{"name":"wp","href":"https:\/\/api.w.org\/{rel}","templated":true}]}}