{"id":520,"date":"2020-06-29T08:53:51","date_gmt":"2020-06-29T01:53:51","guid":{"rendered":"http:\/\/datviet.khatech.vn\/?post_type=product&#038;p=520"},"modified":"2025-12-10T20:58:38","modified_gmt":"2025-12-10T13:58:38","slug":"ca-phe-hat-arabica","status":"publish","type":"product","link":"https:\/\/datvietcoffee.com.vn\/en\/san-pham\/ca-phe-hat-arabica","title":{"rendered":"Arabica coffee beans"},"content":{"rendered":"Carefully selected from Lam Dong coffee beans, with special roasting technology, Vietnamese soil creates arabica coffee beans that can be used for brewing and making coffee.because the manufacturer can add a little butter, 1 little salt. into powdered coffee without any effect on health. In addition, selling powdered coffee will help you reduce the time to grind, as well as reduce the investment cost of the grinder.<\/p>\n<p>Cons of pure coffee powder: customers do not see you grinding coffee powder out of coffee beans, so it is easy to mistake you for not selling pure powder coffee.<\/p>\n<p style=\"text-align: justify;\"><a href=\"https:\/\/datvietcoffee.com.vn\/?attachment_id=\" rel=\"attachment wp-att-533\"><img loading=\"lazy\" decoding=\"async\" class=\"aligncenter size-full wp-image-533\" src=\"\/wp-content\/uploads\/2020\/06\/ca-phe-hat-rang.jpg\" alt=\"\" width=\"1080\" height=\"1080\" \/><\/a>The grinding of ground coffee from pure beans in place will create an atmosphere to enjoy authentic coffee, build trust in health with customers, .. so we recommend selling ground coffee at place if possible.<\/p>","protected":false},"excerpt":{"rendered":"<p>160.000 Vnd\/01 pack 500g<\/p>\n<p>320.000 Vnd\/kg (02 pack x 500g)<\/p>\n","protected":false},"featured_media":822,"comment_status":"open","ping_status":"closed","template":"","meta":[],"product_brand":[],"product_cat":[69],"product_tag":[],"class_list":{"0":"post-520","1":"product","2":"type-product","3":"status-publish","4":"has-post-thumbnail","6":"product_cat-ca-phe-hat","8":"first","9":"instock","10":"shipping-taxable","11":"purchasable","12":"product-type-variable","13":"has-default-attributes"},"yoast_head":"<!-- This site is optimized with the Yoast SEO plugin v27.1.1 - https:\/\/yoast.com\/product\/yoast-seo-wordpress\/ -->\n<title>Arabica coffee beans - Coffee \u0110\u1ea5t Vi\u1ec7t<\/title>\n<meta name=\"robots\" content=\"index, follow, max-snippet:-1, max-image-preview:large, max-video-preview:-1\" \/>\n<link rel=\"canonical\" href=\"https:\/\/datvietcoffee.com.vn\/san-pham\/ca-phe-hat-arabica\" \/>\n<meta property=\"og:locale\" content=\"en_US\" \/>\n<meta property=\"og:type\" content=\"article\" \/>\n<meta property=\"og:title\" content=\"[:vi]C\u00e0 ph\u00ea h\u1ea1t Arabica[:en]Arabica coffee beans[:] - Coffee \u0110\u1ea5t Vi\u1ec7t\" \/>\n<meta property=\"og:description\" content=\"[:vi]200.000 \u0111\/01 t\u00fai 500g  400.000 \u0111\/kg (02 t\u00fai x 500g)[:en]160.000 Vnd\/01 pack 500g  320.000 Vnd\/kg (02 pack x 500g)[:]\" \/>\n<meta property=\"og:url\" content=\"https:\/\/datvietcoffee.com.vn\/san-pham\/ca-phe-hat-arabica\" \/>\n<meta property=\"og:site_name\" content=\"Coffee \u0110\u1ea5t Vi\u1ec7t\" \/>\n<meta property=\"article:modified_time\" content=\"2025-12-10T13:58:38+00:00\" \/>\n<meta property=\"og:image\" content=\"https:\/\/datvietcoffee.com.vn\/wp-content\/uploads\/2020\/06\/CapheArabica.jpg\" \/>\n\t<meta property=\"og:image:width\" content=\"1200\" \/>\n\t<meta property=\"og:image:height\" content=\"1200\" \/>\n\t<meta property=\"og:image:type\" content=\"image\/jpeg\" \/>\n<meta name=\"twitter:card\" content=\"summary_large_image\" \/>\n<meta name=\"twitter:label1\" content=\"Est. reading time\" \/>\n\t<meta name=\"twitter:data1\" content=\"1 minute\" \/>\n<script type=\"application\/ld+json\" class=\"yoast-schema-graph\">{\"@context\":\"https:\/\/schema.org\",\"@graph\":[{\"@type\":\"WebPage\",\"@id\":\"https:\/\/datvietcoffee.com.vn\/san-pham\/ca-phe-hat-arabica\",\"url\":\"https:\/\/datvietcoffee.com.vn\/san-pham\/ca-phe-hat-arabica\",\"name\":\"[:vi]C\u00e0 ph\u00ea h\u1ea1t Arabica[:en]Arabica coffee beans[:] - Coffee \u0110\u1ea5t Vi\u1ec7t\",\"isPartOf\":{\"@id\":\"https:\/\/datvietcoffee.com.vn\/#website\"},\"primaryImageOfPage\":{\"@id\":\"https:\/\/datvietcoffee.com.vn\/san-pham\/ca-phe-hat-arabica#primaryimage\"},\"image\":{\"@id\":\"https:\/\/datvietcoffee.com.vn\/san-pham\/ca-phe-hat-arabica#primaryimage\"},\"thumbnailUrl\":\"https:\/\/datvietcoffee.com.vn\/wp-content\/uploads\/2020\/06\/CapheArabica.jpg\",\"datePublished\":\"2020-06-29T01:53:51+00:00\",\"dateModified\":\"2025-12-10T13:58:38+00:00\",\"breadcrumb\":{\"@id\":\"https:\/\/datvietcoffee.com.vn\/san-pham\/ca-phe-hat-arabica#breadcrumb\"},\"inLanguage\":\"en-US\",\"potentialAction\":[{\"@type\":\"ReadAction\",\"target\":[\"https:\/\/datvietcoffee.com.vn\/san-pham\/ca-phe-hat-arabica\"]}]},{\"@type\":\"ImageObject\",\"inLanguage\":\"en-US\",\"@id\":\"https:\/\/datvietcoffee.com.vn\/san-pham\/ca-phe-hat-arabica#primaryimage\",\"url\":\"https:\/\/datvietcoffee.com.vn\/wp-content\/uploads\/2020\/06\/CapheArabica.jpg\",\"contentUrl\":\"https:\/\/datvietcoffee.com.vn\/wp-content\/uploads\/2020\/06\/CapheArabica.jpg\",\"width\":1200,\"height\":1200},{\"@type\":\"BreadcrumbList\",\"@id\":\"https:\/\/datvietcoffee.com.vn\/san-pham\/ca-phe-hat-arabica#breadcrumb\",\"itemListElement\":[{\"@type\":\"ListItem\",\"position\":1,\"name\":\"Trang ch\u1ee7\",\"item\":\"https:\/\/datvietcoffee.com.vn\/\"},{\"@type\":\"ListItem\",\"position\":2,\"name\":\"S\u1ea3n ph\u1ea9m\",\"item\":\"https:\/\/datvietcoffee.com.vn\/san-pham\"},{\"@type\":\"ListItem\",\"position\":3,\"name\":\"C\u00e0 ph\u00ea h\u1ea1t Arabica\"}]},{\"@type\":\"WebSite\",\"@id\":\"https:\/\/datvietcoffee.com.vn\/#website\",\"url\":\"https:\/\/datvietcoffee.com.vn\/\",\"name\":\"Coffee \u0110\u1ea5t Vi\u1ec7t\",\"description\":\"C\u00f4ng ty TNHH C\u00e0 Ph\u00ea \u0110\u1ea5t Vi\u1ec7t\",\"potentialAction\":[{\"@type\":\"SearchAction\",\"target\":{\"@type\":\"EntryPoint\",\"urlTemplate\":\"https:\/\/datvietcoffee.com.vn\/?s={search_term_string}\"},\"query-input\":{\"@type\":\"PropertyValueSpecification\",\"valueRequired\":true,\"valueName\":\"search_term_string\"}}],\"inLanguage\":\"en-US\"}]}<\/script>\n<!-- \/ Yoast SEO plugin. -->","yoast_head_json":{"title":"[:vi]C\u00e0 ph\u00ea h\u1ea1t Arabica[:en]Arabica coffee beans[:] - Coffee \u0110\u1ea5t Vi\u1ec7t","robots":{"index":"index","follow":"follow","max-snippet":"max-snippet:-1","max-image-preview":"max-image-preview:large","max-video-preview":"max-video-preview:-1"},"canonical":"https:\/\/datvietcoffee.com.vn\/san-pham\/ca-phe-hat-arabica","og_locale":"en_US","og_type":"article","og_title":"[:vi]C\u00e0 ph\u00ea h\u1ea1t Arabica[:en]Arabica coffee beans[:] - Coffee \u0110\u1ea5t Vi\u1ec7t","og_description":"[:vi]200.000 \u0111\/01 t\u00fai 500g  400.000 \u0111\/kg (02 t\u00fai x 500g)[:en]160.000 Vnd\/01 pack 500g  320.000 Vnd\/kg (02 pack x 500g)[:]","og_url":"https:\/\/datvietcoffee.com.vn\/san-pham\/ca-phe-hat-arabica","og_site_name":"Coffee \u0110\u1ea5t Vi\u1ec7t","article_modified_time":"2025-12-10T13:58:38+00:00","og_image":[{"width":1200,"height":1200,"url":"https:\/\/datvietcoffee.com.vn\/wp-content\/uploads\/2020\/06\/CapheArabica.jpg","type":"image\/jpeg"}],"twitter_card":"summary_large_image","twitter_misc":{"Est. reading time":"1 minute"},"schema":{"@context":"https:\/\/schema.org","@graph":[{"@type":"WebPage","@id":"https:\/\/datvietcoffee.com.vn\/san-pham\/ca-phe-hat-arabica","url":"https:\/\/datvietcoffee.com.vn\/san-pham\/ca-phe-hat-arabica","name":"[:vi]C\u00e0 ph\u00ea h\u1ea1t Arabica[:en]Arabica coffee beans[:] - Coffee \u0110\u1ea5t Vi\u1ec7t","isPartOf":{"@id":"https:\/\/datvietcoffee.com.vn\/#website"},"primaryImageOfPage":{"@id":"https:\/\/datvietcoffee.com.vn\/san-pham\/ca-phe-hat-arabica#primaryimage"},"image":{"@id":"https:\/\/datvietcoffee.com.vn\/san-pham\/ca-phe-hat-arabica#primaryimage"},"thumbnailUrl":"https:\/\/datvietcoffee.com.vn\/wp-content\/uploads\/2020\/06\/CapheArabica.jpg","datePublished":"2020-06-29T01:53:51+00:00","dateModified":"2025-12-10T13:58:38+00:00","breadcrumb":{"@id":"https:\/\/datvietcoffee.com.vn\/san-pham\/ca-phe-hat-arabica#breadcrumb"},"inLanguage":"en-US","potentialAction":[{"@type":"ReadAction","target":["https:\/\/datvietcoffee.com.vn\/san-pham\/ca-phe-hat-arabica"]}]},{"@type":"ImageObject","inLanguage":"en-US","@id":"https:\/\/datvietcoffee.com.vn\/san-pham\/ca-phe-hat-arabica#primaryimage","url":"https:\/\/datvietcoffee.com.vn\/wp-content\/uploads\/2020\/06\/CapheArabica.jpg","contentUrl":"https:\/\/datvietcoffee.com.vn\/wp-content\/uploads\/2020\/06\/CapheArabica.jpg","width":1200,"height":1200},{"@type":"BreadcrumbList","@id":"https:\/\/datvietcoffee.com.vn\/san-pham\/ca-phe-hat-arabica#breadcrumb","itemListElement":[{"@type":"ListItem","position":1,"name":"Trang ch\u1ee7","item":"https:\/\/datvietcoffee.com.vn\/"},{"@type":"ListItem","position":2,"name":"S\u1ea3n ph\u1ea9m","item":"https:\/\/datvietcoffee.com.vn\/san-pham"},{"@type":"ListItem","position":3,"name":"C\u00e0 ph\u00ea h\u1ea1t Arabica"}]},{"@type":"WebSite","@id":"https:\/\/datvietcoffee.com.vn\/#website","url":"https:\/\/datvietcoffee.com.vn\/","name":"Coffee \u0110\u1ea5t Vi\u1ec7t","description":"C\u00f4ng ty TNHH C\u00e0 Ph\u00ea \u0110\u1ea5t Vi\u1ec7t","potentialAction":[{"@type":"SearchAction","target":{"@type":"EntryPoint","urlTemplate":"https:\/\/datvietcoffee.com.vn\/?s={search_term_string}"},"query-input":{"@type":"PropertyValueSpecification","valueRequired":true,"valueName":"search_term_string"}}],"inLanguage":"en-US"}]}},"_links":{"self":[{"href":"https:\/\/datvietcoffee.com.vn\/en\/wp-json\/wp\/v2\/product\/520","targetHints":{"allow":["GET"]}}],"collection":[{"href":"https:\/\/datvietcoffee.com.vn\/en\/wp-json\/wp\/v2\/product"}],"about":[{"href":"https:\/\/datvietcoffee.com.vn\/en\/wp-json\/wp\/v2\/types\/product"}],"replies":[{"embeddable":true,"href":"https:\/\/datvietcoffee.com.vn\/en\/wp-json\/wp\/v2\/comments?post=520"}],"wp:featuredmedia":[{"embeddable":true,"href":"https:\/\/datvietcoffee.com.vn\/en\/wp-json\/wp\/v2\/media\/822"}],"wp:attachment":[{"href":"https:\/\/datvietcoffee.com.vn\/en\/wp-json\/wp\/v2\/media?parent=520"}],"wp:term":[{"taxonomy":"product_brand","embeddable":true,"href":"https:\/\/datvietcoffee.com.vn\/en\/wp-json\/wp\/v2\/product_brand?post=520"},{"taxonomy":"product_cat","embeddable":true,"href":"https:\/\/datvietcoffee.com.vn\/en\/wp-json\/wp\/v2\/product_cat?post=520"},{"taxonomy":"product_tag","embeddable":true,"href":"https:\/\/datvietcoffee.com.vn\/en\/wp-json\/wp\/v2\/product_tag?post=520"}],"curies":[{"name":"wp","href":"https:\/\/api.w.org\/{rel}","templated":true}]}}