{"id":96,"date":"2013-08-11T15:20:04","date_gmt":"2013-08-11T15:20:04","guid":{"rendered":"http:\/\/localhost:8888\/test\/?page_id=453"},"modified":"2020-06-24T10:12:33","modified_gmt":"2020-06-24T03:12:33","slug":"tabs","status":"publish","type":"page","link":"https:\/\/datvietcoffee.com.vn\/en\/elements\/tabs","title":{"rendered":"Tabs"},"content":{"rendered":"\t<section class=\"section\" id=\"section_1199242796\">\n\t\t<div class=\"bg section-bg fill bg-fill  bg-loaded\" >\n\n\t\t\t\n\t\t\t\n\t\t\t\n\n\t\t<\/div>\n\n\t\t<div class=\"section-content relative\">\n\t\t\t\n<div class=\"row\"  id=\"row-121005343\">\n\n\t<div id=\"col-761288765\" class=\"col medium-4 large-4\"  >\n\t\t<div class=\"col-inner\"  >\n\t\t\t\n\t\t\t\n<h1>Tabs Element<\/h1>\n<p>Ad flannel sartorial helvetica readymade. Sunt cliche tempor irony letterpress mixtape. Letterpress literally retro freegan, lo-fi pitchfork organic narwhal eiusmod yr magna. Sriracha Carles laborum irure gastropub sed. \u00a0<\/p>\n\t\t<\/div>\n\t\t\t<\/div>\n\n\t\n\n\t<div id=\"col-136650534\" class=\"col medium-8 large-8\"  >\n\t\t<div class=\"col-inner\"  >\n\t\t\t\n\t\t\t\n\n\t\t<div class=\"tabbed-content\">\n\t\t\t\n\t\t\t<ul class=\"nav nav-tabs nav-uppercase nav-size-normal nav-left\"><li class=\"tab active has-icon\"><a href=\"#tab_tab-3-title\"><span>Tab 3 Title<\/span><\/a><\/li>\n<li class=\"tab has-icon\"><a href=\"#tab_tab-1-title\"><span>Tab 1 Title<\/span><\/a><\/li>\n<li class=\"tab has-icon\"><a href=\"#tab_tab-2-title\"><span>Tab 2 Title<\/span><\/a><\/li><\/ul><div class=\"tab-panels\"><div class=\"panel active entry-content\" id=\"tab_tab-3-title\">\n<p> lo-fi pitchfork organic narwhal eiusmod yr magna. Sriracha Carles laborum irure gastropub sed. Incididunt sint craft beer, church-key PBR quinoa ennui ugh cliche assumenda scenester 8-bit. Photo booth dolore authentic cornhole fixie. Ea farm-to-table twee DIY salvia tote bag four loko selvage delectus, hella Brooklyn scenester yr. <\/p>\n<\/div>\n<div class=\"panel entry-content\" id=\"tab_tab-1-title\">\n<p>Incididunt sint craft beer, church-key PBR quinoa ennui ugh cliche assumenda scenester 8-bit. Photo booth dolore authentic cornhole fixie. Ea farm-to-table twee DIY salvia tote bag four loko selvage delectus, hella Brooklyn scenester yr.<\/p>\n<\/div>\n<div class=\"panel entry-content\" id=\"tab_tab-2-title\">\n<p>Helvetica readymade. Sunt cliche tempor irony letterpress mixtape. Letterpress literally retro freegan, lo-fi pitchfork organic narwhal eiusmod yr magna. Sriracha Carles laborum irure gastropub sed..<\/p>\n<\/div><\/div><\/div>\n\t\t<\/div>\n\t\t\t<\/div>\n\n\t\n<\/div>\n\t\t<\/div>\n\n\t\t\n<style>\n#section_1199242796 {\n  padding-top: 30px;\n  padding-bottom: 30px;\n  background-color: rgb(246, 246, 246);\n}\n<\/style>\n\t<\/section>\n\t\n<div class=\"row\"  id=\"row-83313538\">\n\n\t<div id=\"col-756353467\" class=\"col medium-6 large-6\"  >\n\t\t<div class=\"col-inner\"  >\n\t\t\t\n\t\t\t\n\n\t\t<div class=\"tabbed-content\">\n\t\t\t<h4 class=\"uppercase text-left\">Line Tabs<\/h4>\n\t\t\t<ul class=\"nav nav-line nav-uppercase nav-size-normal nav-left\"><li class=\"tab active has-icon\"><a href=\"#tab_tab-1-title\"><span>Tab 1 Title<\/span><\/a><\/li>\n<li class=\"tab has-icon\"><a href=\"#tab_tab-2-title\"><span>Tab 2 Title<\/span><\/a><\/li>\n<li class=\"tab has-icon\"><a href=\"#tab_tab-3-title\"><span>Tab 3 Title<\/span><\/a><\/li><\/ul><div class=\"tab-panels\"><div class=\"panel active entry-content\" id=\"tab_tab-1-title\">\n<p>Lo-fi pitchfork organic narwhal eiusmod yr magna. Sriracha Carles laborum irure gastropub sed. Incididunt sint craft beer, church-key PBR quinoa ennui ugh cliche assumenda scenester 8-bit. Photo booth dolore authentic cornhole fixie. Ea farm-to-table twee DIY salvia tote bag four loko selvage delectus, hella Brooklyn scenester yr. <\/p>\n<\/div>\n<div class=\"panel entry-content\" id=\"tab_tab-2-title\">\n<p>Pitchfork organic narwhal eiusmod yr magna. Sriracha Carles laborum irure gastropub sed. Incididunt sint craft beer, church-key PBR quinoa ennui ugh cliche assumenda scenester 8-bit. Photo booth dolore authentic cornhole fixie. Ea farm-to-table twee DIY salvia tote bag four loko selvage delectus, hella Brooklyn scenester yr. <\/p>\n<\/div>\n<div class=\"panel entry-content\" id=\"tab_tab-3-title\">\n<p>Photo booth dolore authentic cornhole fixie. Ea farm-to-table twee DIY salvia tote bag four loko selvage delectus, hella Brooklyn scenester yr. <\/p>\n<\/div><\/div><\/div>\n\t\t<\/div>\n\t\t\t<\/div>\n\n\t\n\n\t<div id=\"col-760191712\" class=\"col medium-6 large-6\"  >\n\t\t<div class=\"col-inner\"  >\n\t\t\t\n\t\t\t\n\n\t\t<div class=\"tabbed-content\">\n\t\t\t<h4 class=\"uppercase text-left\">Line Tabs Bottom<\/h4>\n\t\t\t<ul class=\"nav nav-line-bottom nav-uppercase nav-size-normal nav-left\"><li class=\"tab active has-icon\"><a href=\"#tab_tab-1-title\"><span>Tab 1 Title<\/span><\/a><\/li>\n<li class=\"tab has-icon\"><a href=\"#tab_tab-2-title\"><span>Tab 2 Title<\/span><\/a><\/li>\n<li class=\"tab has-icon\"><a href=\"#tab_tab-3-title\"><span>Tab 3 Title<\/span><\/a><\/li><\/ul><div class=\"tab-panels\"><div class=\"panel active entry-content\" id=\"tab_tab-1-title\">\n<p>Sunt cliche tempor irony letterpress mixtape. Letterpress literally retro freegan, lo-fi pitchfork organic narwhal eiusmod yr magna. Sriracha Carles laborum irure gastropub sed. Incididunt sint craft beer, church-key PBR quinoa ennui ugh cliche assumenda scenester 8-bit. Photo booth dolore authentic cornhole fixie. Ea farm-to-table twee DIY salvia tote bag four loko selvage delectus, hella Brooklyn scenester yr. <\/p>\n<\/div>\n<div class=\"panel entry-content\" id=\"tab_tab-2-title\">\n<p>Readymade. Sunt cliche tempor irony letterpress mixtape. Letterpress literally retro freegan, lo-fi pitchfork organic narwhal eiusmod yr magna. Sriracha Carles laborum irure gastropub sed. Incididunt sint craft beer, church-key PBR quinoa ennui ugh cliche assumenda scenester 8-bit. Photo booth dolore authentic cornhole fixie. Ea farm-to-table twee DIY salvia tote bag four loko selvage delectus, hella Brooklyn scenester yr. <\/p>\n<\/div>\n<div class=\"panel entry-content\" id=\"tab_tab-3-title\">\n<p>Organic narwhal eiusmod yr magna. Sriracha Carles laborum irure gastropub sed. Incididunt sint craft beer, church-key PBR quinoa ennui ugh cliche assumenda scenester 8-bit. Photo booth dolore authentic cornhole fixie. Ea farm-to-table twee DIY salvia tote bag four loko selvage delectus, hella Brooklyn scenester yr. <\/p>\n<\/div><\/div><\/div>\n\t\t<\/div>\n\t\t\t<\/div>\n\n\t\n<\/div>\n<div class=\"row\"  id=\"row-1142158621\">\n\n\t<div id=\"col-343768936\" class=\"col medium-6 large-6\"  >\n\t\t<div class=\"col-inner\"  >\n\t\t\t\n\t\t\t\n\n\t\t<div class=\"tabbed-content\">\n\t\t\t<h4 class=\"uppercase text-center\">Tabs Pills Centered<\/h4>\n\t\t\t<ul class=\"nav nav-pills nav-uppercase nav-size-normal nav-center\"><li class=\"tab active has-icon\"><a href=\"#tab_tab-1-title\"><span>Tab 1 Title<\/span><\/a><\/li>\n<li class=\"tab has-icon\"><a href=\"#tab_tab-2-title\"><span>Tab 2 Title<\/span><\/a><\/li>\n<li class=\"tab has-icon\"><a href=\"#tab_tab-3-title\"><span>Tab 3 Title<\/span><\/a><\/li><\/ul><div class=\"tab-panels\"><div class=\"panel active entry-content\" id=\"tab_tab-1-title\">\n<p>Cliche tempor irony letterpress mixtape. Letterpress literally retro freegan, lo-fi pitchfork organic narwhal eiusmod yr magna. Sriracha Carles laborum irure gastropub sed. Incididunt sint craft beer, church-key PBR quinoa ennui ugh cliche assumenda scenester 8-bit. Photo booth dolore authentic cornhole fixie. Ea farm-to-table twee DIY salvia tote bag four loko selvage delectus, hella Brooklyn scenester yr.<\/p>\n<\/div>\n<div class=\"panel entry-content\" id=\"tab_tab-2-title\">\n<p>Sartorial helvetica readymade. Sunt cliche tempor irony letterpress mixtape. Letterpress literally retro freegan, lo-fi pitchfork organic narwhal eiusmod yr magna. Sriracha Carles laborum irure gastropub sed. Incididunt sint craft beer, church-key PBR quinoa ennui ugh cliche assumenda scenester 8-bit. Photo booth dolore authentic cornhole fixie. Ea farm-to-table twee DIY salvia tote bag four loko selvage delectus, hella Brooklyn scenester yr. <\/p>\n<\/div>\n<div class=\"panel entry-content\" id=\"tab_tab-3-title\">\n<p>Flannel sartorial helvetica readymade. Sunt cliche tempor irony letterpress mixtape. Letterpress literally retro freegan, lo-fi pitchfork organic narwhal eiusmod yr magna. Sriracha Carles laborum irure gastropub sed. Incididunt sint craft beer, church-key PBR quinoa ennui ugh cliche assumenda scenester 8-bit. Photo booth dolore authentic cornhole fixie. Ea farm-to-table twee DIY salvia tote bag four loko selvage delectus, hella Brooklyn scenester yr. <\/p>\n<\/div><\/div><\/div>\n\t\t<\/div>\n\t\t\t<\/div>\n\n\t\n\n\t<div id=\"col-196441577\" class=\"col medium-6 large-6\"  >\n\t\t<div class=\"col-inner\"  >\n\t\t\t\n\t\t\t\n\n\t\t<div class=\"tabbed-content\">\n\t\t\t<h4 class=\"uppercase text-center\">Outline Tabs Centered<\/h4>\n\t\t\t<ul class=\"nav nav-outline nav-uppercase nav-size-normal nav-center\"><li class=\"tab active has-icon\"><a href=\"#tab_tab-1-title\"><span>Tab 1 Title<\/span><\/a><\/li>\n<li class=\"tab has-icon\"><a href=\"#tab_tab-2-title\"><span>Tab 2 Title<\/span><\/a><\/li>\n<li class=\"tab has-icon\"><a href=\"#tab_tab-3-title\"><span>Tab 3 Title<\/span><\/a><\/li><\/ul><div class=\"tab-panels\"><div class=\"panel active entry-content\" id=\"tab_tab-1-title\">\n<p>Lo-fi pitchfork organic narwhal eiusmod yr magna. Sriracha Carles laborum irure gastropub sed. Incididunt sint craft beer, church-key PBR quinoa ennui ugh cliche assumenda scenester 8-bit. Photo booth dolore authentic cornhole fixie. Ea farm-to-table twee DIY salvia tote bag four loko selvage delectus, hella Brooklyn scenester yr. <\/p>\n<\/div>\n<div class=\"panel entry-content\" id=\"tab_tab-2-title\">\n<p>Sartorial helvetica readymade. Sunt cliche tempor irony letterpress mixtape. Letterpress literally retro freegan, lo-fi pitchfork organic narwhal eiusmod yr magna. Sriracha Carles laborum irure gastropub sed. Incididunt sint craft beer, church-key PBR quinoa ennui ugh cliche assumenda scenester 8-bit. Photo booth dolore authentic cornhole fixie. Ea farm-to-table twee DIY salvia tote bag four loko selvage delectus, hella Brooklyn scenester yr. <\/p>\n<\/div>\n<div class=\"panel entry-content\" id=\"tab_tab-3-title\">\n<p>Sunt cliche tempor irony letterpress mixtape. Letterpress literally retro freegan, lo-fi pitchfork organic narwhal eiusmod yr magna. Sriracha Carles laborum irure gastropub sed. Incididunt sint craft beer, church-key PBR quinoa ennui ugh cliche assumenda scenester 8-bit. Photo booth dolore authentic cornhole fixie. Ea farm-to-table twee DIY salvia tote bag four loko selvage delectus, hella Brooklyn scenester yr. <\/p>\n<\/div><\/div><\/div>\n\t\t<\/div>\n\t\t\t<\/div>\n\n\t\n<\/div>\n<div class=\"row\"  id=\"row-2061955635\">\n\n\t<div id=\"col-26151728\" class=\"col large-12\"  >\n\t\t<div class=\"col-inner\"  >\n\t\t\t\n\t\t\t\n\n\t\t<div class=\"tabbed-content\">\n\t\t\t<h4 class=\"uppercase text-center\">Line Grow Tabs Center<\/h4>\n\t\t\t<ul class=\"nav nav-line-grow nav-uppercase nav-size-normal nav-center\"><li class=\"tab active has-icon\"><a href=\"#tab_tab-1-title\"><span>Tab 1 Title<\/span><\/a><\/li>\n<li class=\"tab has-icon\"><a href=\"#tab_tab-2-title\"><span>Tab 2 Title<\/span><\/a><\/li>\n<li class=\"tab has-icon\"><a href=\"#tab_tab-3-title\"><span>Tab 3 Title<\/span><\/a><\/li><\/ul><div class=\"tab-panels\"><div class=\"panel active entry-content\" id=\"tab_tab-1-title\">\n<p>Cliche tempor irony letterpress mixtape. Letterpress literally retro freegan, lo-fi pitchfork organic narwhal eiusmod yr magna. Sriracha Carles laborum irure gastropub sed. Incididunt sint craft beer, church-key PBR quinoa ennui ugh cliche assumenda scenester 8-bit. Photo booth dolore authentic cornhole fixie. Ea farm-to-table twee DIY salvia tote bag four loko selvage delectus, hella Brooklyn scenester yr. <\/p>\n<\/div>\n<div class=\"panel entry-content\" id=\"tab_tab-2-title\">\n<p>Tempor irony letterpress mixtape. Letterpress literally retro freegan, lo-fi pitchfork organic narwhal eiusmod yr magna. Sriracha Carles laborum irure gastropub sed. Incididunt sint craft beer, church-key PBR quinoa ennui ugh cliche assumenda scenester 8-bit. Photo booth dolore authentic cornhole fixie. Ea farm-to-table twee DIY salvia tote bag four loko selvage delectus, hella Brooklyn scenester yr. <\/p>\n<\/div>\n<div class=\"panel entry-content\" id=\"tab_tab-3-title\">\n<p>Helvetica readymade. Sunt cliche tempor irony letterpress mixtape. Letterpress literally retro freegan, lo-fi pitchfork organic narwhal eiusmod yr magna. Sriracha Carles laborum irure gastropub sed. Incididunt sint craft beer, church-key PBR quinoa ennui ugh cliche assumenda scenester 8-bit. Photo booth dolore authentic cornhole fixie. Ea farm-to-table twee DIY salvia tote bag four loko selvage delectus, hella Brooklyn scenester yr. <\/p>\n<\/div><\/div><\/div>\n\t\t<\/div>\n\t\t\t<\/div>\n\n\t\n\n\t<div id=\"col-2140931286\" class=\"col large-12\"  >\n\t\t<div class=\"col-inner\"  >\n\t\t\t\n\t\t\t\n\n\t\t<div class=\"tabbed-content\">\n\t\t\t<h4 class=\"uppercase text-left\">Vertical Tabs<\/h4>\n\t\t\t<ul class=\"nav nav-line nav-vertical nav-uppercase nav-size-normal nav-left\"><li class=\"tab active has-icon\"><a href=\"#tab_top-tab\"><span>Top tab<\/span><\/a><\/li>\n<li class=\"tab has-icon\"><a href=\"#tab_this-is-tab\"><span>This is tab<\/span><\/a><\/li>\n<li class=\"tab has-icon\"><a href=\"#tab_this-is-another-tab\"><span>this is another tab<\/span><\/a><\/li><\/ul><div class=\"tab-panels\"><div class=\"panel active entry-content\" id=\"tab_top-tab\">\n<p>Flannel sartorial helvetica readymade. Sunt cliche tempor irony letterpress mixtape. Letterpress literally retro freegan, lo-fi pitchfork organic narwhal eiusmod yr magna. Sriracha Carles laborum irure gastropub sed. Incididunt sint craft beer, church-key PBR quinoa ennui ugh cliche assumenda scenester 8-bit. Photo booth dolore authentic cornhole fixie. Ea farm-to-table twee yr.<\/p>\n<\/div>\n<div class=\"panel entry-content\" id=\"tab_this-is-tab\">\n<p>Laborum irure gastropub sed. Incididunt sint craft beer, church-key PBR quinoa ennui ugh cliche assumenda scenester 8-bit. Photo booth dolore authentic cornhole fixie. Ea farm-to-table twee DIY salvia tote bag four loko selvage delectus, hella Brooklyn scenester yr. <\/p>\n<\/div>\n<div class=\"panel entry-content\" id=\"tab_this-is-another-tab\">\n<p>Lo-fi pitchfork organic narwhal eiusmod yr magna. Sriracha Carles laborum irure gastropub sed. Incididunt sint craft beer, church-key PBR quinoa ennui ugh cliche assumenda scenester 8-bit. Photo booth dolore authentic cornhole fixie.\u00a0<\/p>\n<\/div><\/div><\/div>\n\t\t<\/div>\n\t\t\t<\/div>\n\n\t\n\n\t<div id=\"col-2019913759\" class=\"col small-12 large-12\"  >\n\t\t<div class=\"col-inner\"  >\n\t\t\t\n\t\t\t\n\n\t\t<div class=\"tabbed-content\">\n\t\t\t\n\t\t\t<ul class=\"nav nav-outline nav-vertical nav-uppercase nav-size-normal nav-left\"><li class=\"tab active has-icon\"><a href=\"#tab_tab-title-1\"><span>Tab title 1<\/span><\/a><\/li>\n<li class=\"tab has-icon\"><a href=\"#tab_tab-title-2\"><span>Tab title 2<\/span><\/a><\/li>\n<li class=\"tab has-icon\"><a href=\"#tab_tab-title-3\"><span>Tab title 3<\/span><\/a><\/li><\/ul><div class=\"tab-panels\"><div class=\"panel active entry-content\" id=\"tab_tab-title-1\">\n<p>Sunt cliche tempor irony letterpress mixtape. Letterpress literally retro freegan, lo-fi pitchfork organic narwhal eiusmod yr magna. Sriracha Carles laborum irure gastropub sed. Incididunt sint craft beer, church-key PBR quinoa ennui ugh cliche assumenda scenester 8-bit. Photo booth dolore authentic cornhole fixie. Ea farm-to-table twee DIY salvia tote bag four loko selvage delectus, hella Brooklyn scenester yr. <\/p>\n<\/div>\n<div class=\"panel entry-content\" id=\"tab_tab-title-2\">\n<p>Lo-fi pitchfork organic narwhal eiusmod yr magna. Sriracha Carles laborum irure gastropub sed. Incididunt sint craft beer, church-key PBR quinoa ennui ugh cliche assumenda scenester 8-bit. Photo booth dolore authentic cornhole fixie. Ea farm-to-table twee DIY salvia tote bag four loko selvage delectus, hella Brooklyn scenester yr. <\/p>\n<\/div>\n<div class=\"panel entry-content\" id=\"tab_tab-title-3\">\n<p>Church-key PBR quinoa ennui ugh cliche assumenda scenester 8-bit. Photo booth dolore authentic cornhole fixie. Ea farm-to-table twee DIY salvia tote bag four loko selvage delectus, hella Brooklyn scenester yr. <\/p>\n<\/div><\/div><\/div>\n\t\t<\/div>\n\t\t\t<\/div>\n\n\t\n<\/div>\n","protected":false},"excerpt":{"rendered":"","protected":false},"author":1,"featured_media":12,"parent":97,"menu_order":25,"comment_status":"closed","ping_status":"closed","template":"page-blank.php","meta":{"footnotes":""},"class_list":["post-96","page","type-page","status-publish","has-post-thumbnail","hentry"],"yoast_head":"<!-- This site is optimized with the Yoast SEO plugin v27.1.1 - https:\/\/yoast.com\/product\/yoast-seo-wordpress\/ -->\n<title>Tabs - Coffee \u0110\u1ea5t Vi\u1ec7t<\/title>\n<meta name=\"robots\" content=\"index, follow, max-snippet:-1, max-image-preview:large, max-video-preview:-1\" \/>\n<link rel=\"canonical\" href=\"https:\/\/datvietcoffee.com.vn\/elements\/tabs\" \/>\n<meta property=\"og:locale\" content=\"en_US\" \/>\n<meta property=\"og:type\" content=\"article\" \/>\n<meta property=\"og:title\" content=\"Tabs - Coffee \u0110\u1ea5t Vi\u1ec7t\" \/>\n<meta property=\"og:url\" content=\"https:\/\/datvietcoffee.com.vn\/elements\/tabs\" \/>\n<meta property=\"og:site_name\" content=\"Coffee \u0110\u1ea5t Vi\u1ec7t\" \/>\n<meta property=\"article:modified_time\" content=\"2020-06-24T03:12:33+00:00\" \/>\n<meta property=\"og:image\" content=\"https:\/\/datvietcoffee.com.vn\/wp-content\/uploads\/2016\/08\/dummy-1.jpg\" \/>\n\t<meta property=\"og:image:width\" content=\"400\" \/>\n\t<meta property=\"og:image:height\" content=\"260\" \/>\n\t<meta property=\"og:image:type\" content=\"image\/jpeg\" \/>\n<meta name=\"twitter:card\" content=\"summary_large_image\" \/>\n<meta name=\"twitter:label1\" content=\"Est. reading time\" \/>\n\t<meta name=\"twitter:data1\" content=\"7 minutes\" \/>\n<script type=\"application\/ld+json\" class=\"yoast-schema-graph\">{\"@context\":\"https:\/\/schema.org\",\"@graph\":[{\"@type\":\"WebPage\",\"@id\":\"https:\/\/datvietcoffee.com.vn\/elements\/tabs\",\"url\":\"https:\/\/datvietcoffee.com.vn\/elements\/tabs\",\"name\":\"Tabs - Coffee \u0110\u1ea5t Vi\u1ec7t\",\"isPartOf\":{\"@id\":\"https:\/\/datvietcoffee.com.vn\/#website\"},\"primaryImageOfPage\":{\"@id\":\"https:\/\/datvietcoffee.com.vn\/elements\/tabs#primaryimage\"},\"image\":{\"@id\":\"https:\/\/datvietcoffee.com.vn\/elements\/tabs#primaryimage\"},\"thumbnailUrl\":\"https:\/\/datvietcoffee.com.vn\/wp-content\/uploads\/2016\/08\/dummy-1.jpg\",\"datePublished\":\"2013-08-11T15:20:04+00:00\",\"dateModified\":\"2020-06-24T03:12:33+00:00\",\"breadcrumb\":{\"@id\":\"https:\/\/datvietcoffee.com.vn\/elements\/tabs#breadcrumb\"},\"inLanguage\":\"en-US\",\"potentialAction\":[{\"@type\":\"ReadAction\",\"target\":[\"https:\/\/datvietcoffee.com.vn\/elements\/tabs\"]}]},{\"@type\":\"ImageObject\",\"inLanguage\":\"en-US\",\"@id\":\"https:\/\/datvietcoffee.com.vn\/elements\/tabs#primaryimage\",\"url\":\"https:\/\/datvietcoffee.com.vn\/wp-content\/uploads\/2016\/08\/dummy-1.jpg\",\"contentUrl\":\"https:\/\/datvietcoffee.com.vn\/wp-content\/uploads\/2016\/08\/dummy-1.jpg\",\"width\":400,\"height\":260},{\"@type\":\"BreadcrumbList\",\"@id\":\"https:\/\/datvietcoffee.com.vn\/elements\/tabs#breadcrumb\",\"itemListElement\":[{\"@type\":\"ListItem\",\"position\":1,\"name\":\"Trang ch\u1ee7\",\"item\":\"https:\/\/datvietcoffee.com.vn\/\"},{\"@type\":\"ListItem\",\"position\":2,\"name\":\"Elements\",\"item\":\"https:\/\/datvietcoffee.com.vn\/elements\"},{\"@type\":\"ListItem\",\"position\":3,\"name\":\"Tabs\"}]},{\"@type\":\"WebSite\",\"@id\":\"https:\/\/datvietcoffee.com.vn\/#website\",\"url\":\"https:\/\/datvietcoffee.com.vn\/\",\"name\":\"Coffee \u0110\u1ea5t Vi\u1ec7t\",\"description\":\"C\u00f4ng ty TNHH C\u00e0 Ph\u00ea \u0110\u1ea5t Vi\u1ec7t\",\"potentialAction\":[{\"@type\":\"SearchAction\",\"target\":{\"@type\":\"EntryPoint\",\"urlTemplate\":\"https:\/\/datvietcoffee.com.vn\/?s={search_term_string}\"},\"query-input\":{\"@type\":\"PropertyValueSpecification\",\"valueRequired\":true,\"valueName\":\"search_term_string\"}}],\"inLanguage\":\"en-US\"}]}<\/script>\n<!-- \/ Yoast SEO plugin. -->","yoast_head_json":{"title":"Tabs - Coffee \u0110\u1ea5t Vi\u1ec7t","robots":{"index":"index","follow":"follow","max-snippet":"max-snippet:-1","max-image-preview":"max-image-preview:large","max-video-preview":"max-video-preview:-1"},"canonical":"https:\/\/datvietcoffee.com.vn\/elements\/tabs","og_locale":"en_US","og_type":"article","og_title":"Tabs - Coffee \u0110\u1ea5t Vi\u1ec7t","og_url":"https:\/\/datvietcoffee.com.vn\/elements\/tabs","og_site_name":"Coffee \u0110\u1ea5t Vi\u1ec7t","article_modified_time":"2020-06-24T03:12:33+00:00","og_image":[{"width":400,"height":260,"url":"https:\/\/datvietcoffee.com.vn\/wp-content\/uploads\/2016\/08\/dummy-1.jpg","type":"image\/jpeg"}],"twitter_card":"summary_large_image","twitter_misc":{"Est. reading time":"7 minutes"},"schema":{"@context":"https:\/\/schema.org","@graph":[{"@type":"WebPage","@id":"https:\/\/datvietcoffee.com.vn\/elements\/tabs","url":"https:\/\/datvietcoffee.com.vn\/elements\/tabs","name":"Tabs - Coffee \u0110\u1ea5t Vi\u1ec7t","isPartOf":{"@id":"https:\/\/datvietcoffee.com.vn\/#website"},"primaryImageOfPage":{"@id":"https:\/\/datvietcoffee.com.vn\/elements\/tabs#primaryimage"},"image":{"@id":"https:\/\/datvietcoffee.com.vn\/elements\/tabs#primaryimage"},"thumbnailUrl":"https:\/\/datvietcoffee.com.vn\/wp-content\/uploads\/2016\/08\/dummy-1.jpg","datePublished":"2013-08-11T15:20:04+00:00","dateModified":"2020-06-24T03:12:33+00:00","breadcrumb":{"@id":"https:\/\/datvietcoffee.com.vn\/elements\/tabs#breadcrumb"},"inLanguage":"en-US","potentialAction":[{"@type":"ReadAction","target":["https:\/\/datvietcoffee.com.vn\/elements\/tabs"]}]},{"@type":"ImageObject","inLanguage":"en-US","@id":"https:\/\/datvietcoffee.com.vn\/elements\/tabs#primaryimage","url":"https:\/\/datvietcoffee.com.vn\/wp-content\/uploads\/2016\/08\/dummy-1.jpg","contentUrl":"https:\/\/datvietcoffee.com.vn\/wp-content\/uploads\/2016\/08\/dummy-1.jpg","width":400,"height":260},{"@type":"BreadcrumbList","@id":"https:\/\/datvietcoffee.com.vn\/elements\/tabs#breadcrumb","itemListElement":[{"@type":"ListItem","position":1,"name":"Trang ch\u1ee7","item":"https:\/\/datvietcoffee.com.vn\/"},{"@type":"ListItem","position":2,"name":"Elements","item":"https:\/\/datvietcoffee.com.vn\/elements"},{"@type":"ListItem","position":3,"name":"Tabs"}]},{"@type":"WebSite","@id":"https:\/\/datvietcoffee.com.vn\/#website","url":"https:\/\/datvietcoffee.com.vn\/","name":"Coffee \u0110\u1ea5t Vi\u1ec7t","description":"C\u00f4ng ty TNHH C\u00e0 Ph\u00ea \u0110\u1ea5t Vi\u1ec7t","potentialAction":[{"@type":"SearchAction","target":{"@type":"EntryPoint","urlTemplate":"https:\/\/datvietcoffee.com.vn\/?s={search_term_string}"},"query-input":{"@type":"PropertyValueSpecification","valueRequired":true,"valueName":"search_term_string"}}],"inLanguage":"en-US"}]}},"_links":{"self":[{"href":"https:\/\/datvietcoffee.com.vn\/en\/wp-json\/wp\/v2\/pages\/96","targetHints":{"allow":["GET"]}}],"collection":[{"href":"https:\/\/datvietcoffee.com.vn\/en\/wp-json\/wp\/v2\/pages"}],"about":[{"href":"https:\/\/datvietcoffee.com.vn\/en\/wp-json\/wp\/v2\/types\/page"}],"author":[{"embeddable":true,"href":"https:\/\/datvietcoffee.com.vn\/en\/wp-json\/wp\/v2\/users\/1"}],"replies":[{"embeddable":true,"href":"https:\/\/datvietcoffee.com.vn\/en\/wp-json\/wp\/v2\/comments?post=96"}],"version-history":[{"count":1,"href":"https:\/\/datvietcoffee.com.vn\/en\/wp-json\/wp\/v2\/pages\/96\/revisions"}],"predecessor-version":[{"id":157,"href":"https:\/\/datvietcoffee.com.vn\/en\/wp-json\/wp\/v2\/pages\/96\/revisions\/157"}],"up":[{"embeddable":true,"href":"https:\/\/datvietcoffee.com.vn\/en\/wp-json\/wp\/v2\/pages\/97"}],"wp:featuredmedia":[{"embeddable":true,"href":"https:\/\/datvietcoffee.com.vn\/en\/wp-json\/wp\/v2\/media\/12"}],"wp:attachment":[{"href":"https:\/\/datvietcoffee.com.vn\/en\/wp-json\/wp\/v2\/media?parent=96"}],"curies":[{"name":"wp","href":"https:\/\/api.w.org\/{rel}","templated":true}]}}