{"id":88,"date":"2013-08-11T19:22:53","date_gmt":"2013-08-11T19:22:53","guid":{"rendered":"http:\/\/localhost:8888\/test\/?page_id=532"},"modified":"2020-06-24T10:12:33","modified_gmt":"2020-06-24T03:12:33","slug":"contact","status":"publish","type":"page","link":"https:\/\/datvietcoffee.com.vn\/en\/elements\/pages\/contact","title":{"rendered":"Contact"},"content":{"rendered":"\n\t<script type=\"text\/javascript\">\n  jQuery( document ).ready(function() {\n    function initialize() {\n        var styles = {\n            'flatsome':  [{\n            \"featureType\": \"administrative\",\n            \"stylers\": [\n              { \"visibility\": \"on\" }\n            ]\n          },\n          {\n            \"featureType\": \"road\",\n            \"stylers\": [\n              { \"visibility\": \"on\" },\n              { \"hue\": \"\" }\n            ]\n          },\n          {\n            \"stylers\": [\n\t\t\t  { \"visibility\": \"on\" },\n\t\t\t  { \"hue\": \"\" },\n\t\t\t  { \"saturation\": -30 }\n            ]\n          }\n        ]};\n\n        var myLatlng = new google.maps.LatLng(40.79028, -73.95972);\n        var myOptions = {\n            zoom: 17,\n            center: myLatlng,\n            mapTypeId: google.maps.MapTypeId.ROADMAP,\n            disableDefaultUI: true,\n            mapTypeId: 'flatsome',\n            draggable: true,\n            zoomControl: false,\n            zoomControlOptions: {\n              position: google.maps.ControlPosition.TOP_LEFT\n            },\n      \t\t\t\/\/ panControl: false,\n            \/\/ panControlOptions: {\n            \/\/   position: google.maps.ControlPosition.TOP_LEFT\n            \/\/ },\n      \t\t\tmapTypeControl: false,\n            mapTypeControlOptions: {\n              position: google.maps.ControlPosition.TOP_LEFT\n            },\n      \t\t\t\/\/ scaleControl: false,\n            \/\/ scaleControlOptions: {\n            \/\/   position: google.maps.ControlPosition.TOP_LEFT\n            \/\/ },\n      \t\t\tstreetViewControl: false,\n            streetViewControlOptions: {\n              position: google.maps.ControlPosition.TOP_LEFT\n            },\n      \t\t\t\/\/ overviewMapControl: false,\n            \/\/ overviewMapControlOptions: {\n            \/\/   position: google.maps.ControlPosition.TOP_LEFT\n            \/\/ },\n            scrollwheel: false,\n            disableDoubleClickZoom: true\n        }\n        var map = new google.maps.Map(document.getElementById(\"map-1769097016-inner\"), myOptions);\n        var styledMapType = new google.maps.StyledMapType(styles['flatsome'], {name: 'flatsome'});\n        map.mapTypes.set('flatsome', styledMapType);\n\n        var marker = new google.maps.Marker({\n            position: myLatlng,\n            map: map,\n            title:\"\"\n        });\n    }\n\n    \/\/ Required to proceed\n    if (!(typeof google === 'object' && typeof google.maps === 'object')) {\n      return\n    }\n\n    initialize()\n    google.maps.event.addDomListener(window, 'resize', initialize);\n    });\n    <\/script>\n\n    <div class=\"google-map relative mb\" id=\"map-1769097016\">\n        <div class=\"map-height\" id=\"map-1769097016-inner\"><\/div>\n        <div id=\"map_overlay_top\"><\/div>\n        <div id=\"map_overlay_bottom\"><\/div>\n                  <div class=\"map_inner map-inner last-reset absolute x95 md-x95 lg-x95 y95 md-y95 lg-y95\">\n              \n<h3>Sesam Street 323b, 4010, Norway<\/h3>\n<p>We&#8217;re open Monday \u2013 Friday, 8 a.m. \u2013 7:30 p.m. EST<\/p>\n         <\/div>\n       \n       \n<style>\n#map-1769097016 .map-inner {\n  background-color: #fff;\n  max-width: 30%;\n}\n#map-1769097016 .map-height {\n  height: 400px;\n}\n<\/style>\n    <\/div>\n\n\t\n<div class=\"row\"  id=\"row-1743980371\">\n\n\t<div id=\"col-738936290\" class=\"col medium-6 large-6\"  >\n\t\t<div class=\"col-inner\"  >\n\t\t\t\n\t\t\t\n<div class=\"container section-title-container\" ><h3 class=\"section-title section-title-normal\"><b><\/b><span class=\"section-title-main\" >Frequently Asked Questions<\/span><b><\/b><\/h3><\/div>\n<p class=\"lead\">Please read our FAQ before sending us a message.<\/p>\n<div class=\"accordion\" rel=\"\">\n<div class=\"accordion-item\"><a href=\"#\" class=\"accordion-title plain\"><button class=\"toggle\"><i class=\"icon-angle-down\"><\/i><\/button><span>What are the delivery charges for orders from the Online Shop?<\/span><\/a><div class=\"accordion-inner\">\n<p>Lorem ipsum dolor sit amet, consectetur adipiscing elit. Aenean id convallis tellus. Nulla aliquam in mi et convallis. Pellentesque rutrum feugiat ante ut imperdiet. Vivamus et dolor nec nisl consectetur vulputate id non ante.<\/p>\n<\/div><\/div>\n<div class=\"accordion-item\"><a href=\"#\" class=\"accordion-title plain\"><button class=\"toggle\"><i class=\"icon-angle-down\"><\/i><\/button><span>Which payment methods are accepted in the Online Shop?<\/span><\/a><div class=\"accordion-inner\">\n<p>Lorem ipsum dolor sit amet, consectetur adipiscing elit. Aenean id convallis tellus. Nulla aliquam in mi et convallis. Pellentesque rutrum feugiat ante ut imperdiet. Vivamus et dolor nec nisl consectetur vulputate id non ante.<\/p>\n<\/div><\/div>\n<div class=\"accordion-item\"><a href=\"#\" class=\"accordion-title plain\"><button class=\"toggle\"><i class=\"icon-angle-down\"><\/i><\/button><span>How long will delivery take?<\/span><\/a><div class=\"accordion-inner\">\n<p>Lorem ipsum dolor sit amet, consectetur adipiscing elit. Aenean id convallis tellus. Nulla aliquam in mi et convallis. Pellentesque rutrum feugiat ante ut imperdiet. Vivamus et dolor nec nisl consectetur vulputate id non ante. <\/p>\n<\/div><\/div>\n<div class=\"accordion-item\"><a href=\"#\" class=\"accordion-title plain\"><button class=\"toggle\"><i class=\"icon-angle-down\"><\/i><\/button><span>How secure is shopping in the Online Shop? Is my data protected?<\/span><\/a><div class=\"accordion-inner\">\n<p>Lorem ipsum dolor sit amet, consectetur adipiscing elit. Aenean id convallis tellus. Nulla aliquam in mi et convallis. Pellentesque rutrum feugiat ante ut imperdiet. Vivamus et dolor nec nisl consectetur vulputate id non ante.<\/p>\n<\/div><\/div>\n<div class=\"accordion-item\"><a href=\"#\" class=\"accordion-title plain\"><button class=\"toggle\"><i class=\"icon-angle-down\"><\/i><\/button><span>What exactly happens after ordering?<\/span><\/a><div class=\"accordion-inner\">\n<p>Lorem ipsum dolor sit amet, consectetur adipiscing elit. Aenean id convallis tellus. Nulla aliquam in mi et convallis. Pellentesque rutrum feugiat ante ut imperdiet. Vivamus et dolor nec nisl consectetur vulputate id non ante. <\/p>\n<\/div><\/div>\n<div class=\"accordion-item\"><a href=\"#\" class=\"accordion-title plain\"><button class=\"toggle\"><i class=\"icon-angle-down\"><\/i><\/button><span>Do I receive an invoice for my order?<\/span><\/a><div class=\"accordion-inner\">\n<p>Lorem ipsum dolor sit amet, consectetur adipiscing elit. Aenean id convallis tellus. Nulla aliquam in mi et convallis. Pellentesque rutrum feugiat ante ut imperdiet. Vivamus et dolor nec nisl consectetur vulputate id non ante. <\/p>\n<\/div><\/div>\n<\/div>\n\t\t<\/div>\n\t\t\t<\/div>\n\n\t\n\n\t<div id=\"col-744874949\" class=\"col medium-6 large-6\"  >\n\t\t<div class=\"col-inner\"  >\n\t\t\t\n\t\t\t\n<div class=\"container section-title-container\" ><h3 class=\"section-title section-title-normal\"><b><\/b><span class=\"section-title-main\" >Send us an email<\/span><b><\/b><\/h3><\/div>\n<p>(insert contact form here)<\/p>\n<p>This is form is just for demo purpose. No inquiries will be answered.<\/p>\n\t\t<\/div>\n\t\t\t<\/div>\n\n\t\n<\/div>\n<p>\u00a0<\/p>\n","protected":false},"excerpt":{"rendered":"<p>\u00a0<\/p>\n","protected":false},"author":1,"featured_media":12,"parent":47,"menu_order":0,"comment_status":"closed","ping_status":"closed","template":"page-blank.php","meta":{"footnotes":""},"class_list":["post-88","page","type-page","status-publish","has-post-thumbnail","hentry"],"yoast_head":"<!-- This site is optimized with the Yoast SEO plugin v27.1.1 - https:\/\/yoast.com\/product\/yoast-seo-wordpress\/ -->\n<title>Contact - Coffee \u0110\u1ea5t Vi\u1ec7t<\/title>\n<meta name=\"robots\" content=\"index, follow, max-snippet:-1, max-image-preview:large, max-video-preview:-1\" \/>\n<link rel=\"canonical\" href=\"https:\/\/datvietcoffee.com.vn\/elements\/pages\/contact\" \/>\n<meta property=\"og:locale\" content=\"en_US\" \/>\n<meta property=\"og:type\" content=\"article\" \/>\n<meta property=\"og:title\" content=\"Contact - Coffee \u0110\u1ea5t Vi\u1ec7t\" \/>\n<meta property=\"og:description\" content=\"\u00a0\" \/>\n<meta property=\"og:url\" content=\"https:\/\/datvietcoffee.com.vn\/elements\/pages\/contact\" \/>\n<meta property=\"og:site_name\" content=\"Coffee \u0110\u1ea5t Vi\u1ec7t\" \/>\n<meta property=\"article:modified_time\" content=\"2020-06-24T03:12:33+00:00\" \/>\n<meta property=\"og:image\" content=\"https:\/\/datvietcoffee.com.vn\/wp-content\/uploads\/2016\/08\/dummy-1.jpg\" \/>\n\t<meta property=\"og:image:width\" content=\"400\" \/>\n\t<meta property=\"og:image:height\" content=\"260\" \/>\n\t<meta property=\"og:image:type\" content=\"image\/jpeg\" \/>\n<meta name=\"twitter:card\" content=\"summary_large_image\" \/>\n<meta name=\"twitter:label1\" content=\"Est. reading time\" \/>\n\t<meta name=\"twitter:data1\" content=\"2 minutes\" \/>\n<script type=\"application\/ld+json\" class=\"yoast-schema-graph\">{\"@context\":\"https:\/\/schema.org\",\"@graph\":[{\"@type\":\"WebPage\",\"@id\":\"https:\/\/datvietcoffee.com.vn\/elements\/pages\/contact\",\"url\":\"https:\/\/datvietcoffee.com.vn\/elements\/pages\/contact\",\"name\":\"Contact - Coffee \u0110\u1ea5t Vi\u1ec7t\",\"isPartOf\":{\"@id\":\"https:\/\/datvietcoffee.com.vn\/#website\"},\"primaryImageOfPage\":{\"@id\":\"https:\/\/datvietcoffee.com.vn\/elements\/pages\/contact#primaryimage\"},\"image\":{\"@id\":\"https:\/\/datvietcoffee.com.vn\/elements\/pages\/contact#primaryimage\"},\"thumbnailUrl\":\"https:\/\/datvietcoffee.com.vn\/wp-content\/uploads\/2016\/08\/dummy-1.jpg\",\"datePublished\":\"2013-08-11T19:22:53+00:00\",\"dateModified\":\"2020-06-24T03:12:33+00:00\",\"breadcrumb\":{\"@id\":\"https:\/\/datvietcoffee.com.vn\/elements\/pages\/contact#breadcrumb\"},\"inLanguage\":\"en-US\",\"potentialAction\":[{\"@type\":\"ReadAction\",\"target\":[\"https:\/\/datvietcoffee.com.vn\/elements\/pages\/contact\"]}]},{\"@type\":\"ImageObject\",\"inLanguage\":\"en-US\",\"@id\":\"https:\/\/datvietcoffee.com.vn\/elements\/pages\/contact#primaryimage\",\"url\":\"https:\/\/datvietcoffee.com.vn\/wp-content\/uploads\/2016\/08\/dummy-1.jpg\",\"contentUrl\":\"https:\/\/datvietcoffee.com.vn\/wp-content\/uploads\/2016\/08\/dummy-1.jpg\",\"width\":400,\"height\":260},{\"@type\":\"BreadcrumbList\",\"@id\":\"https:\/\/datvietcoffee.com.vn\/elements\/pages\/contact#breadcrumb\",\"itemListElement\":[{\"@type\":\"ListItem\",\"position\":1,\"name\":\"Trang ch\u1ee7\",\"item\":\"https:\/\/datvietcoffee.com.vn\/\"},{\"@type\":\"ListItem\",\"position\":2,\"name\":\"Elements\",\"item\":\"https:\/\/datvietcoffee.com.vn\/elements\"},{\"@type\":\"ListItem\",\"position\":3,\"name\":\"Pages\",\"item\":\"https:\/\/datvietcoffee.com.vn\/elements\/pages\"},{\"@type\":\"ListItem\",\"position\":4,\"name\":\"Contact\"}]},{\"@type\":\"WebSite\",\"@id\":\"https:\/\/datvietcoffee.com.vn\/#website\",\"url\":\"https:\/\/datvietcoffee.com.vn\/\",\"name\":\"Coffee \u0110\u1ea5t Vi\u1ec7t\",\"description\":\"C\u00f4ng ty TNHH C\u00e0 Ph\u00ea \u0110\u1ea5t Vi\u1ec7t\",\"potentialAction\":[{\"@type\":\"SearchAction\",\"target\":{\"@type\":\"EntryPoint\",\"urlTemplate\":\"https:\/\/datvietcoffee.com.vn\/?s={search_term_string}\"},\"query-input\":{\"@type\":\"PropertyValueSpecification\",\"valueRequired\":true,\"valueName\":\"search_term_string\"}}],\"inLanguage\":\"en-US\"}]}<\/script>\n<!-- \/ Yoast SEO plugin. -->","yoast_head_json":{"title":"Contact - Coffee \u0110\u1ea5t Vi\u1ec7t","robots":{"index":"index","follow":"follow","max-snippet":"max-snippet:-1","max-image-preview":"max-image-preview:large","max-video-preview":"max-video-preview:-1"},"canonical":"https:\/\/datvietcoffee.com.vn\/elements\/pages\/contact","og_locale":"en_US","og_type":"article","og_title":"Contact - Coffee \u0110\u1ea5t Vi\u1ec7t","og_description":"\u00a0","og_url":"https:\/\/datvietcoffee.com.vn\/elements\/pages\/contact","og_site_name":"Coffee \u0110\u1ea5t Vi\u1ec7t","article_modified_time":"2020-06-24T03:12:33+00:00","og_image":[{"width":400,"height":260,"url":"https:\/\/datvietcoffee.com.vn\/wp-content\/uploads\/2016\/08\/dummy-1.jpg","type":"image\/jpeg"}],"twitter_card":"summary_large_image","twitter_misc":{"Est. reading time":"2 minutes"},"schema":{"@context":"https:\/\/schema.org","@graph":[{"@type":"WebPage","@id":"https:\/\/datvietcoffee.com.vn\/elements\/pages\/contact","url":"https:\/\/datvietcoffee.com.vn\/elements\/pages\/contact","name":"Contact - Coffee \u0110\u1ea5t Vi\u1ec7t","isPartOf":{"@id":"https:\/\/datvietcoffee.com.vn\/#website"},"primaryImageOfPage":{"@id":"https:\/\/datvietcoffee.com.vn\/elements\/pages\/contact#primaryimage"},"image":{"@id":"https:\/\/datvietcoffee.com.vn\/elements\/pages\/contact#primaryimage"},"thumbnailUrl":"https:\/\/datvietcoffee.com.vn\/wp-content\/uploads\/2016\/08\/dummy-1.jpg","datePublished":"2013-08-11T19:22:53+00:00","dateModified":"2020-06-24T03:12:33+00:00","breadcrumb":{"@id":"https:\/\/datvietcoffee.com.vn\/elements\/pages\/contact#breadcrumb"},"inLanguage":"en-US","potentialAction":[{"@type":"ReadAction","target":["https:\/\/datvietcoffee.com.vn\/elements\/pages\/contact"]}]},{"@type":"ImageObject","inLanguage":"en-US","@id":"https:\/\/datvietcoffee.com.vn\/elements\/pages\/contact#primaryimage","url":"https:\/\/datvietcoffee.com.vn\/wp-content\/uploads\/2016\/08\/dummy-1.jpg","contentUrl":"https:\/\/datvietcoffee.com.vn\/wp-content\/uploads\/2016\/08\/dummy-1.jpg","width":400,"height":260},{"@type":"BreadcrumbList","@id":"https:\/\/datvietcoffee.com.vn\/elements\/pages\/contact#breadcrumb","itemListElement":[{"@type":"ListItem","position":1,"name":"Trang ch\u1ee7","item":"https:\/\/datvietcoffee.com.vn\/"},{"@type":"ListItem","position":2,"name":"Elements","item":"https:\/\/datvietcoffee.com.vn\/elements"},{"@type":"ListItem","position":3,"name":"Pages","item":"https:\/\/datvietcoffee.com.vn\/elements\/pages"},{"@type":"ListItem","position":4,"name":"Contact"}]},{"@type":"WebSite","@id":"https:\/\/datvietcoffee.com.vn\/#website","url":"https:\/\/datvietcoffee.com.vn\/","name":"Coffee \u0110\u1ea5t Vi\u1ec7t","description":"C\u00f4ng ty TNHH C\u00e0 Ph\u00ea \u0110\u1ea5t Vi\u1ec7t","potentialAction":[{"@type":"SearchAction","target":{"@type":"EntryPoint","urlTemplate":"https:\/\/datvietcoffee.com.vn\/?s={search_term_string}"},"query-input":{"@type":"PropertyValueSpecification","valueRequired":true,"valueName":"search_term_string"}}],"inLanguage":"en-US"}]}},"_links":{"self":[{"href":"https:\/\/datvietcoffee.com.vn\/en\/wp-json\/wp\/v2\/pages\/88","targetHints":{"allow":["GET"]}}],"collection":[{"href":"https:\/\/datvietcoffee.com.vn\/en\/wp-json\/wp\/v2\/pages"}],"about":[{"href":"https:\/\/datvietcoffee.com.vn\/en\/wp-json\/wp\/v2\/types\/page"}],"author":[{"embeddable":true,"href":"https:\/\/datvietcoffee.com.vn\/en\/wp-json\/wp\/v2\/users\/1"}],"replies":[{"embeddable":true,"href":"https:\/\/datvietcoffee.com.vn\/en\/wp-json\/wp\/v2\/comments?post=88"}],"version-history":[{"count":1,"href":"https:\/\/datvietcoffee.com.vn\/en\/wp-json\/wp\/v2\/pages\/88\/revisions"}],"predecessor-version":[{"id":152,"href":"https:\/\/datvietcoffee.com.vn\/en\/wp-json\/wp\/v2\/pages\/88\/revisions\/152"}],"up":[{"embeddable":true,"href":"https:\/\/datvietcoffee.com.vn\/en\/wp-json\/wp\/v2\/pages\/47"}],"wp:featuredmedia":[{"embeddable":true,"href":"https:\/\/datvietcoffee.com.vn\/en\/wp-json\/wp\/v2\/media\/12"}],"wp:attachment":[{"href":"https:\/\/datvietcoffee.com.vn\/en\/wp-json\/wp\/v2\/media?parent=88"}],"curies":[{"name":"wp","href":"https:\/\/api.w.org\/{rel}","templated":true}]}}