{"id":66,"date":"2015-11-17T20:27:42","date_gmt":"2015-11-17T20:27:42","guid":{"rendered":"http:\/\/localhost:8888\/flatsome-next\/?page_id=3053"},"modified":"2020-06-24T10:12:33","modified_gmt":"2020-06-24T03:12:33","slug":"lifestyle","status":"publish","type":"page","link":"https:\/\/datvietcoffee.com.vn\/en\/demos\/business-demos\/lifestyle","title":{"rendered":"Lifestyle"},"content":{"rendered":"<p>Coming soon&#8230;<\/p>\n","protected":false},"excerpt":{"rendered":"<p>Coming soon&#8230;<\/p>\n","protected":false},"author":1,"featured_media":12,"parent":69,"menu_order":10,"comment_status":"closed","ping_status":"closed","template":"","meta":{"footnotes":""},"class_list":["post-66","page","type-page","status-publish","has-post-thumbnail","hentry"],"yoast_head":"<!-- This site is optimized with the Yoast SEO plugin v27.1.1 - https:\/\/yoast.com\/product\/yoast-seo-wordpress\/ -->\n<title>Lifestyle - Coffee \u0110\u1ea5t Vi\u1ec7t<\/title>\n<meta name=\"robots\" content=\"index, follow, max-snippet:-1, max-image-preview:large, max-video-preview:-1\" \/>\n<link rel=\"canonical\" href=\"https:\/\/datvietcoffee.com.vn\/demos\/business-demos\/lifestyle\" \/>\n<meta property=\"og:locale\" content=\"en_US\" \/>\n<meta property=\"og:type\" content=\"article\" \/>\n<meta property=\"og:title\" content=\"Lifestyle - Coffee \u0110\u1ea5t Vi\u1ec7t\" \/>\n<meta property=\"og:description\" content=\"Coming soon&#8230;\" \/>\n<meta property=\"og:url\" content=\"https:\/\/datvietcoffee.com.vn\/demos\/business-demos\/lifestyle\" \/>\n<meta property=\"og:site_name\" content=\"Coffee \u0110\u1ea5t Vi\u1ec7t\" \/>\n<meta property=\"article:modified_time\" content=\"2020-06-24T03:12:33+00:00\" \/>\n<meta property=\"og:image\" content=\"https:\/\/datvietcoffee.com.vn\/wp-content\/uploads\/2016\/08\/dummy-1.jpg\" \/>\n\t<meta property=\"og:image:width\" content=\"400\" \/>\n\t<meta property=\"og:image:height\" content=\"260\" \/>\n\t<meta property=\"og:image:type\" content=\"image\/jpeg\" \/>\n<meta name=\"twitter:card\" content=\"summary_large_image\" \/>\n<script type=\"application\/ld+json\" class=\"yoast-schema-graph\">{\"@context\":\"https:\/\/schema.org\",\"@graph\":[{\"@type\":\"WebPage\",\"@id\":\"https:\/\/datvietcoffee.com.vn\/demos\/business-demos\/lifestyle\",\"url\":\"https:\/\/datvietcoffee.com.vn\/demos\/business-demos\/lifestyle\",\"name\":\"Lifestyle - Coffee \u0110\u1ea5t Vi\u1ec7t\",\"isPartOf\":{\"@id\":\"https:\/\/datvietcoffee.com.vn\/#website\"},\"primaryImageOfPage\":{\"@id\":\"https:\/\/datvietcoffee.com.vn\/demos\/business-demos\/lifestyle#primaryimage\"},\"image\":{\"@id\":\"https:\/\/datvietcoffee.com.vn\/demos\/business-demos\/lifestyle#primaryimage\"},\"thumbnailUrl\":\"https:\/\/datvietcoffee.com.vn\/wp-content\/uploads\/2016\/08\/dummy-1.jpg\",\"datePublished\":\"2015-11-17T20:27:42+00:00\",\"dateModified\":\"2020-06-24T03:12:33+00:00\",\"breadcrumb\":{\"@id\":\"https:\/\/datvietcoffee.com.vn\/demos\/business-demos\/lifestyle#breadcrumb\"},\"inLanguage\":\"en-US\",\"potentialAction\":[{\"@type\":\"ReadAction\",\"target\":[\"https:\/\/datvietcoffee.com.vn\/demos\/business-demos\/lifestyle\"]}]},{\"@type\":\"ImageObject\",\"inLanguage\":\"en-US\",\"@id\":\"https:\/\/datvietcoffee.com.vn\/demos\/business-demos\/lifestyle#primaryimage\",\"url\":\"https:\/\/datvietcoffee.com.vn\/wp-content\/uploads\/2016\/08\/dummy-1.jpg\",\"contentUrl\":\"https:\/\/datvietcoffee.com.vn\/wp-content\/uploads\/2016\/08\/dummy-1.jpg\",\"width\":400,\"height\":260},{\"@type\":\"BreadcrumbList\",\"@id\":\"https:\/\/datvietcoffee.com.vn\/demos\/business-demos\/lifestyle#breadcrumb\",\"itemListElement\":[{\"@type\":\"ListItem\",\"position\":1,\"name\":\"Trang ch\u1ee7\",\"item\":\"https:\/\/datvietcoffee.com.vn\/\"},{\"@type\":\"ListItem\",\"position\":2,\"name\":\"Demos\",\"item\":\"https:\/\/datvietcoffee.com.vn\/demos\"},{\"@type\":\"ListItem\",\"position\":3,\"name\":\"Business Demos\",\"item\":\"https:\/\/datvietcoffee.com.vn\/demos\/business-demos\"},{\"@type\":\"ListItem\",\"position\":4,\"name\":\"Lifestyle\"}]},{\"@type\":\"WebSite\",\"@id\":\"https:\/\/datvietcoffee.com.vn\/#website\",\"url\":\"https:\/\/datvietcoffee.com.vn\/\",\"name\":\"Coffee \u0110\u1ea5t Vi\u1ec7t\",\"description\":\"C\u00f4ng ty TNHH C\u00e0 Ph\u00ea \u0110\u1ea5t Vi\u1ec7t\",\"potentialAction\":[{\"@type\":\"SearchAction\",\"target\":{\"@type\":\"EntryPoint\",\"urlTemplate\":\"https:\/\/datvietcoffee.com.vn\/?s={search_term_string}\"},\"query-input\":{\"@type\":\"PropertyValueSpecification\",\"valueRequired\":true,\"valueName\":\"search_term_string\"}}],\"inLanguage\":\"en-US\"}]}<\/script>\n<!-- \/ Yoast SEO plugin. -->","yoast_head_json":{"title":"Lifestyle - Coffee \u0110\u1ea5t Vi\u1ec7t","robots":{"index":"index","follow":"follow","max-snippet":"max-snippet:-1","max-image-preview":"max-image-preview:large","max-video-preview":"max-video-preview:-1"},"canonical":"https:\/\/datvietcoffee.com.vn\/demos\/business-demos\/lifestyle","og_locale":"en_US","og_type":"article","og_title":"Lifestyle - Coffee \u0110\u1ea5t Vi\u1ec7t","og_description":"Coming soon&#8230;","og_url":"https:\/\/datvietcoffee.com.vn\/demos\/business-demos\/lifestyle","og_site_name":"Coffee \u0110\u1ea5t Vi\u1ec7t","article_modified_time":"2020-06-24T03:12:33+00:00","og_image":[{"width":400,"height":260,"url":"https:\/\/datvietcoffee.com.vn\/wp-content\/uploads\/2016\/08\/dummy-1.jpg","type":"image\/jpeg"}],"twitter_card":"summary_large_image","schema":{"@context":"https:\/\/schema.org","@graph":[{"@type":"WebPage","@id":"https:\/\/datvietcoffee.com.vn\/demos\/business-demos\/lifestyle","url":"https:\/\/datvietcoffee.com.vn\/demos\/business-demos\/lifestyle","name":"Lifestyle - Coffee \u0110\u1ea5t Vi\u1ec7t","isPartOf":{"@id":"https:\/\/datvietcoffee.com.vn\/#website"},"primaryImageOfPage":{"@id":"https:\/\/datvietcoffee.com.vn\/demos\/business-demos\/lifestyle#primaryimage"},"image":{"@id":"https:\/\/datvietcoffee.com.vn\/demos\/business-demos\/lifestyle#primaryimage"},"thumbnailUrl":"https:\/\/datvietcoffee.com.vn\/wp-content\/uploads\/2016\/08\/dummy-1.jpg","datePublished":"2015-11-17T20:27:42+00:00","dateModified":"2020-06-24T03:12:33+00:00","breadcrumb":{"@id":"https:\/\/datvietcoffee.com.vn\/demos\/business-demos\/lifestyle#breadcrumb"},"inLanguage":"en-US","potentialAction":[{"@type":"ReadAction","target":["https:\/\/datvietcoffee.com.vn\/demos\/business-demos\/lifestyle"]}]},{"@type":"ImageObject","inLanguage":"en-US","@id":"https:\/\/datvietcoffee.com.vn\/demos\/business-demos\/lifestyle#primaryimage","url":"https:\/\/datvietcoffee.com.vn\/wp-content\/uploads\/2016\/08\/dummy-1.jpg","contentUrl":"https:\/\/datvietcoffee.com.vn\/wp-content\/uploads\/2016\/08\/dummy-1.jpg","width":400,"height":260},{"@type":"BreadcrumbList","@id":"https:\/\/datvietcoffee.com.vn\/demos\/business-demos\/lifestyle#breadcrumb","itemListElement":[{"@type":"ListItem","position":1,"name":"Trang ch\u1ee7","item":"https:\/\/datvietcoffee.com.vn\/"},{"@type":"ListItem","position":2,"name":"Demos","item":"https:\/\/datvietcoffee.com.vn\/demos"},{"@type":"ListItem","position":3,"name":"Business Demos","item":"https:\/\/datvietcoffee.com.vn\/demos\/business-demos"},{"@type":"ListItem","position":4,"name":"Lifestyle"}]},{"@type":"WebSite","@id":"https:\/\/datvietcoffee.com.vn\/#website","url":"https:\/\/datvietcoffee.com.vn\/","name":"Coffee \u0110\u1ea5t Vi\u1ec7t","description":"C\u00f4ng ty TNHH C\u00e0 Ph\u00ea \u0110\u1ea5t Vi\u1ec7t","potentialAction":[{"@type":"SearchAction","target":{"@type":"EntryPoint","urlTemplate":"https:\/\/datvietcoffee.com.vn\/?s={search_term_string}"},"query-input":{"@type":"PropertyValueSpecification","valueRequired":true,"valueName":"search_term_string"}}],"inLanguage":"en-US"}]}},"_links":{"self":[{"href":"https:\/\/datvietcoffee.com.vn\/en\/wp-json\/wp\/v2\/pages\/66","targetHints":{"allow":["GET"]}}],"collection":[{"href":"https:\/\/datvietcoffee.com.vn\/en\/wp-json\/wp\/v2\/pages"}],"about":[{"href":"https:\/\/datvietcoffee.com.vn\/en\/wp-json\/wp\/v2\/types\/page"}],"author":[{"embeddable":true,"href":"https:\/\/datvietcoffee.com.vn\/en\/wp-json\/wp\/v2\/users\/1"}],"replies":[{"embeddable":true,"href":"https:\/\/datvietcoffee.com.vn\/en\/wp-json\/wp\/v2\/comments?post=66"}],"version-history":[{"count":1,"href":"https:\/\/datvietcoffee.com.vn\/en\/wp-json\/wp\/v2\/pages\/66\/revisions"}],"predecessor-version":[{"id":137,"href":"https:\/\/datvietcoffee.com.vn\/en\/wp-json\/wp\/v2\/pages\/66\/revisions\/137"}],"up":[{"embeddable":true,"href":"https:\/\/datvietcoffee.com.vn\/en\/wp-json\/wp\/v2\/pages\/69"}],"wp:featuredmedia":[{"embeddable":true,"href":"https:\/\/datvietcoffee.com.vn\/en\/wp-json\/wp\/v2\/media\/12"}],"wp:attachment":[{"href":"https:\/\/datvietcoffee.com.vn\/en\/wp-json\/wp\/v2\/media?parent=66"}],"curies":[{"name":"wp","href":"https:\/\/api.w.org\/{rel}","templated":true}]}}