{"id":44,"date":"2016-03-31T14:37:54","date_gmt":"2016-03-31T14:37:54","guid":{"rendered":"http:\/\/flatsome.dev\/?page_id=7011"},"modified":"2020-06-24T10:12:32","modified_gmt":"2020-06-24T03:12:32","slug":"accordion","status":"publish","type":"page","link":"https:\/\/datvietcoffee.com.vn\/en\/elements\/accordion","title":{"rendered":"Accordion"},"content":{"rendered":"\n  <div class=\"banner has-hover\" id=\"banner-1644078810\">\n          <div class=\"banner-inner fill\">\n        <div class=\"banner-bg fill\" >\n            <div class=\"bg fill bg-fill \"><\/div>\n                        <div class=\"overlay\"><\/div>            \n                    <\/div>\n        <div class=\"banner-layers container\">\n            <div class=\"fill banner-link\"><\/div>            \n   <div id=\"text-box-1077880653\" class=\"text-box banner-layer x50 md-x50 lg-x50 y50 md-y50 lg-y50 res-text\">\n                                <div class=\"text-box-content text dark\">\n              \n              <div class=\"text-inner text-center\">\n                  \n<h3 class=\"uppercase\"><strong>Accordion element<\/strong><\/h3>\n<p class=\"lead\">Create beautiful accordion sections. You can add any element to the accordion panels.<\/p>\n              <\/div>\n           <\/div>\n                            \n<style>\n#text-box-1077880653 {\n  width: 60%;\n}\n#text-box-1077880653 .text-box-content {\n  font-size: 100%;\n}\n<\/style>\n    <\/div>\n \n        <\/div>\n      <\/div>\n\n            \n<style>\n#banner-1644078810 {\n  padding-top: 338px;\n}\n#banner-1644078810 .bg.bg-loaded {\n  background-image: url(https:\/\/datvietcoffee.com.vn\/wp-content\/uploads\/2016\/08\/dummy-2.jpg);\n}\n#banner-1644078810 .overlay {\n  background-color: rgba(0, 0, 0, 0.41);\n}\n<\/style>\n  <\/div>\n\n\n<div class=\"container section-title-container\" ><h3 class=\"section-title section-title-center\"><b><\/b><span class=\"section-title-main\" >Simple accordion<\/span><b><\/b><\/h3><\/div>\n<div class=\"row\"  id=\"row-1592342548\">\n\n\t<div id=\"col-1043764987\" class=\"col small-12 large-12\"  >\n\t\t<div class=\"col-inner\"  >\n\t\t\t\n\t\t\t\n<div class=\"accordion\" rel=\"\">\n<div class=\"accordion-item\"><a href=\"#\" class=\"accordion-title plain\"><button class=\"toggle\"><i class=\"icon-angle-down\"><\/i><\/button><span>Accordion Title<\/span><\/a><div class=\"accordion-inner\">\n<p>Lorem ipsum dolor sit amet, consectetuer adipiscing elit, sed diam nonummy nibh euismod tincidunt ut laoreet dolore magna aliquam erat volutpat.<\/p>\n<\/div><\/div>\n<div class=\"accordion-item\"><a href=\"#\" class=\"accordion-title plain\"><button class=\"toggle\"><i class=\"icon-angle-down\"><\/i><\/button><span>Accordion Item 1 Title<\/span><\/a><div class=\"accordion-inner\">\n<p>Lorem ipsum dolor sit amet, consectetuer adipiscing elit, sed diam nonummy nibh euismod tincidunt ut laoreet dolore magna aliquam erat volutpat.<\/p>\n<\/div><\/div>\n<div class=\"accordion-item\"><a href=\"#\" class=\"accordion-title plain\"><button class=\"toggle\"><i class=\"icon-angle-down\"><\/i><\/button><span>Accordion Item 2 Title<\/span><\/a><div class=\"accordion-inner\">\n<p>Lorem ipsum dolor sit amet, consectetuer adipiscing elit, sed diam nonummy nibh euismod tincidunt ut laoreet dolore magna aliquam erat volutpat.<\/p>\n<\/div><\/div>\n<div class=\"accordion-item\"><a href=\"#\" class=\"accordion-title plain\"><button class=\"toggle\"><i class=\"icon-angle-down\"><\/i><\/button><span>Add any element to accordion<\/span><\/a><div class=\"accordion-inner\">\n\n  \n    <div class=\"row large-columns-3 medium-columns- small-columns-1 slider row-slider slider-nav-reveal slider-nav-push\"  data-flickity-options='{\"imagesLoaded\": true, \"groupCells\": \"100%\", \"dragThreshold\" : 5, \"cellAlign\": \"left\",\"wrapAround\": true,\"prevNextButtons\": true,\"percentPosition\": true,\"pageDots\": false, \"rightToLeft\": false, \"autoPlay\" : false}'>\n\n  \t\t<div class=\"col post-item\" >\n\t\t\t<div class=\"col-inner\">\n\t\t\t<a href=\"https:\/\/datvietcoffee.com.vn\/en\/tuyen-dung\/tuyen-dung-nhan-vien-kinh-doanh-ca-phe-gap.html\" class=\"plain\">\n\t\t\t\t<div class=\"box box-normal box-text-bottom box-blog-post has-hover\">\n            \t\t\t\t\t<div class=\"box-image\" >\n  \t\t\t\t\t\t<div class=\"image-cover\" style=\"padding-top:56.25%;\">\n  \t\t\t\t\t\t\t<img loading=\"lazy\" decoding=\"async\" width=\"711\" height=\"400\" src=\"https:\/\/datvietcoffee.com.vn\/wp-content\/uploads\/2026\/04\/383155853_340804331848126_9113460650397849307_n-711x400.jpg\" class=\"attachment-medium size-medium wp-post-image\" alt=\"\" srcset=\"https:\/\/datvietcoffee.com.vn\/wp-content\/uploads\/2026\/04\/383155853_340804331848126_9113460650397849307_n-711x400.jpg 711w, https:\/\/datvietcoffee.com.vn\/wp-content\/uploads\/2026\/04\/383155853_340804331848126_9113460650397849307_n-1400x787.jpg 1400w, https:\/\/datvietcoffee.com.vn\/wp-content\/uploads\/2026\/04\/383155853_340804331848126_9113460650397849307_n-768x432.jpg 768w, https:\/\/datvietcoffee.com.vn\/wp-content\/uploads\/2026\/04\/383155853_340804331848126_9113460650397849307_n-1536x864.jpg 1536w, https:\/\/datvietcoffee.com.vn\/wp-content\/uploads\/2026\/04\/383155853_340804331848126_9113460650397849307_n-600x337.jpg 600w, https:\/\/datvietcoffee.com.vn\/wp-content\/uploads\/2026\/04\/383155853_340804331848126_9113460650397849307_n.jpg 1707w\" sizes=\"auto, (max-width: 711px) 100vw, 711px\" \/>  \t\t\t\t\t\t\t  \t\t\t\t\t\t\t  \t\t\t\t\t\t<\/div>\n  \t\t\t\t\t\t  \t\t\t\t\t<\/div>\n          \t\t\t\t\t<div class=\"box-text text-center\" >\n\t\t\t\t\t<div class=\"box-text-inner blog-post-inner\">\n\n\t\t\t\t\t\n\t\t\t\t\t\t\t\t\t\t<h5 class=\"post-title is-large \">(Ti\u1ebfng Vi\u1ec7t) Tuy\u1ec3n d\u1ee5ng nh\u00e2n vi\u00ean kinh doanh C\u00e0 ph\u00ea &#8211; G\u1ea4P<\/h5>\n\t\t\t\t\t\t\t\t\t\t<div class=\"is-divider\"><\/div>\n\t\t\t\t\t\t\t\t\t\t<p class=\"from_the_blog_excerpt \">Sorry, this entry is only available in Ti\u1ebfng Vi\u1ec7t....\t\t\t\t\t<\/p>\n\t\t\t\t\t                    \n\t\t\t\t\t\n\t\t\t\t\t\n\t\t\t\t\t<\/div>\n\t\t\t\t\t<\/div>\n\t\t\t\t\t\t\t\t\t\t\t\t\t\t\t\t<div class=\"badge absolute top post-date badge-circle-inside\">\n\t\t\t\t\t\t\t<div class=\"badge-inner\">\n\t\t\t\t\t\t\t\t<span class=\"post-date-day\">22<\/span><br>\n\t\t\t\t\t\t\t\t<span class=\"post-date-month is-xsmall\">Apr<\/span>\n\t\t\t\t\t\t\t<\/div>\n\t\t\t\t\t\t<\/div>\n\t\t\t\t\t\t\t\t\t<\/div>\n\t\t\t\t<\/a>\n\t\t\t<\/div>\n\t\t<\/div>\n\t\t<div class=\"col post-item\" >\n\t\t\t<div class=\"col-inner\">\n\t\t\t<a href=\"https:\/\/datvietcoffee.com.vn\/en\/tuyen-dung\/tuyen-dung-gap-di-lam-ngay-tai-khanh-hoa-cong-ty-tnhh-ca-phe-dat-viet.html\" class=\"plain\">\n\t\t\t\t<div class=\"box box-normal box-text-bottom box-blog-post has-hover\">\n            \t\t\t\t\t<div class=\"box-image\" >\n  \t\t\t\t\t\t<div class=\"image-cover\" style=\"padding-top:56.25%;\">\n  \t\t\t\t\t\t\t<img loading=\"lazy\" decoding=\"async\" width=\"512\" height=\"379\" src=\"https:\/\/datvietcoffee.com.vn\/wp-content\/uploads\/2026\/04\/TuyendungGAP.jpg\" class=\"attachment-medium size-medium wp-post-image\" alt=\"\" \/>  \t\t\t\t\t\t\t  \t\t\t\t\t\t\t  \t\t\t\t\t\t<\/div>\n  \t\t\t\t\t\t  \t\t\t\t\t<\/div>\n          \t\t\t\t\t<div class=\"box-text text-center\" >\n\t\t\t\t\t<div class=\"box-text-inner blog-post-inner\">\n\n\t\t\t\t\t\n\t\t\t\t\t\t\t\t\t\t<h5 class=\"post-title is-large \">(Ti\u1ebfng Vi\u1ec7t) TUY\u1ec2N D\u1ee4NG G\u1ea4P \u2013 \u0110I L\u00c0M NGAY T\u1ea0I KH\u00c1NH H\u00d2A<\/h5>\n\t\t\t\t\t\t\t\t\t\t<div class=\"is-divider\"><\/div>\n\t\t\t\t\t\t\t\t\t\t<p class=\"from_the_blog_excerpt \">Sorry, this entry is only available in Ti\u1ebfng Vi\u1ec7t....\t\t\t\t\t<\/p>\n\t\t\t\t\t                    \n\t\t\t\t\t\n\t\t\t\t\t\n\t\t\t\t\t<\/div>\n\t\t\t\t\t<\/div>\n\t\t\t\t\t\t\t\t\t\t\t\t\t\t\t\t<div class=\"badge absolute top post-date badge-circle-inside\">\n\t\t\t\t\t\t\t<div class=\"badge-inner\">\n\t\t\t\t\t\t\t\t<span class=\"post-date-day\">10<\/span><br>\n\t\t\t\t\t\t\t\t<span class=\"post-date-month is-xsmall\">Apr<\/span>\n\t\t\t\t\t\t\t<\/div>\n\t\t\t\t\t\t<\/div>\n\t\t\t\t\t\t\t\t\t<\/div>\n\t\t\t\t<\/a>\n\t\t\t<\/div>\n\t\t<\/div>\n\t\t<div class=\"col post-item\" >\n\t\t\t<div class=\"col-inner\">\n\t\t\t<a href=\"https:\/\/datvietcoffee.com.vn\/en\/tuyen-dung\/cong-ty-tnhh-ca-phe-dat-viet-tuyen-dung-giam-sat-ban-hang.html\" class=\"plain\">\n\t\t\t\t<div class=\"box box-normal box-text-bottom box-blog-post has-hover\">\n          \t\t\t\t\t<div class=\"box-text text-center\" >\n\t\t\t\t\t<div class=\"box-text-inner blog-post-inner\">\n\n\t\t\t\t\t\n\t\t\t\t\t\t\t\t\t\t<h5 class=\"post-title is-large \">(Ti\u1ebfng Vi\u1ec7t) C\u00f4ng ty TNHH C\u00e0 ph\u00ea \u0110\u1ea5t Vi\u1ec7t tuy\u1ec3n d\u1ee5ng GI\u00c1M S\u00c1T B\u00c1N H\u00c0NG<\/h5>\n\t\t\t\t\t<div class=\"post-meta is-small op-8\">Thursday March 26th, 2026<\/div>\t\t\t\t\t<div class=\"is-divider\"><\/div>\n\t\t\t\t\t\t\t\t\t\t<p class=\"from_the_blog_excerpt \">Sorry, this entry is only available in Ti\u1ebfng Vi\u1ec7t....\t\t\t\t\t<\/p>\n\t\t\t\t\t                    \n\t\t\t\t\t\n\t\t\t\t\t\n\t\t\t\t\t<\/div>\n\t\t\t\t\t<\/div>\n\t\t\t\t\t\t\t\t\t<\/div>\n\t\t\t\t<\/a>\n\t\t\t<\/div>\n\t\t<\/div>\n\t\t<div class=\"col post-item\" >\n\t\t\t<div class=\"col-inner\">\n\t\t\t<a href=\"https:\/\/datvietcoffee.com.vn\/en\/tuyen-dung\/cong-ty-tnhh-ca-phe-dat-viet-tuyen-dung-nhan-vien-kinh-doanh-ca-phe.html\" class=\"plain\">\n\t\t\t\t<div class=\"box box-normal box-text-bottom box-blog-post has-hover\">\n          \t\t\t\t\t<div class=\"box-text text-center\" >\n\t\t\t\t\t<div class=\"box-text-inner blog-post-inner\">\n\n\t\t\t\t\t\n\t\t\t\t\t\t\t\t\t\t<h5 class=\"post-title is-large \">(Ti\u1ebfng Vi\u1ec7t) C\u00f4ng ty TNHH C\u00e0 ph\u00ea \u0110\u1ea5t Vi\u1ec7t tuy\u1ec3n d\u1ee5ng Nh\u00e2n vi\u00ean kinh doanh C\u00e0 ph\u00ea<\/h5>\n\t\t\t\t\t<div class=\"post-meta is-small op-8\">Thursday March 26th, 2026<\/div>\t\t\t\t\t<div class=\"is-divider\"><\/div>\n\t\t\t\t\t\t\t\t\t\t<p class=\"from_the_blog_excerpt \">Sorry, this entry is only available in Ti\u1ebfng Vi\u1ec7t....\t\t\t\t\t<\/p>\n\t\t\t\t\t                    \n\t\t\t\t\t\n\t\t\t\t\t\n\t\t\t\t\t<\/div>\n\t\t\t\t\t<\/div>\n\t\t\t\t\t\t\t\t\t<\/div>\n\t\t\t\t<\/a>\n\t\t\t<\/div>\n\t\t<\/div>\n\t\t<div class=\"col post-item\" >\n\t\t\t<div class=\"col-inner\">\n\t\t\t<a href=\"https:\/\/datvietcoffee.com.vn\/en\/chuoi-quan-ca-phe\/ca-phe-robusta-va-arabica-loai-nao-ngon-hon.html\" class=\"plain\">\n\t\t\t\t<div class=\"box box-normal box-text-bottom box-blog-post has-hover\">\n            \t\t\t\t\t<div class=\"box-image\" >\n  \t\t\t\t\t\t<div class=\"image-cover\" style=\"padding-top:56.25%;\">\n  \t\t\t\t\t\t\t<img loading=\"lazy\" decoding=\"async\" width=\"400\" height=\"400\" src=\"https:\/\/datvietcoffee.com.vn\/wp-content\/uploads\/2026\/03\/RO_Gemini-AI-400x400.png\" class=\"attachment-medium size-medium wp-post-image\" alt=\"\" srcset=\"https:\/\/datvietcoffee.com.vn\/wp-content\/uploads\/2026\/03\/RO_Gemini-AI-400x400.png 400w, https:\/\/datvietcoffee.com.vn\/wp-content\/uploads\/2026\/03\/RO_Gemini-AI-800x800.png 800w, https:\/\/datvietcoffee.com.vn\/wp-content\/uploads\/2026\/03\/RO_Gemini-AI-280x280.png 280w, https:\/\/datvietcoffee.com.vn\/wp-content\/uploads\/2026\/03\/RO_Gemini-AI-768x768.png 768w, https:\/\/datvietcoffee.com.vn\/wp-content\/uploads\/2026\/03\/RO_Gemini-AI-300x300.png 300w, https:\/\/datvietcoffee.com.vn\/wp-content\/uploads\/2026\/03\/RO_Gemini-AI-600x600.png 600w, https:\/\/datvietcoffee.com.vn\/wp-content\/uploads\/2026\/03\/RO_Gemini-AI-100x100.png 100w, https:\/\/datvietcoffee.com.vn\/wp-content\/uploads\/2026\/03\/RO_Gemini-AI.png 1024w\" sizes=\"auto, (max-width: 400px) 100vw, 400px\" \/>  \t\t\t\t\t\t\t  \t\t\t\t\t\t\t  \t\t\t\t\t\t<\/div>\n  \t\t\t\t\t\t  \t\t\t\t\t<\/div>\n          \t\t\t\t\t<div class=\"box-text text-center\" >\n\t\t\t\t\t<div class=\"box-text-inner blog-post-inner\">\n\n\t\t\t\t\t\n\t\t\t\t\t\t\t\t\t\t<h5 class=\"post-title is-large \">(Ti\u1ebfng Vi\u1ec7t) C\u00e0 ph\u00ea Robusta v\u00e0 Arabica lo\u1ea1i n\u00e0o ngon h\u01a1n?<\/h5>\n\t\t\t\t\t\t\t\t\t\t<div class=\"is-divider\"><\/div>\n\t\t\t\t\t\t\t\t\t\t<p class=\"from_the_blog_excerpt \">Sorry, this entry is only available in Ti\u1ebfng Vi\u1ec7t....\t\t\t\t\t<\/p>\n\t\t\t\t\t                    \n\t\t\t\t\t\n\t\t\t\t\t\n\t\t\t\t\t<\/div>\n\t\t\t\t\t<\/div>\n\t\t\t\t\t\t\t\t\t\t\t\t\t\t\t\t<div class=\"badge absolute top post-date badge-circle-inside\">\n\t\t\t\t\t\t\t<div class=\"badge-inner\">\n\t\t\t\t\t\t\t\t<span class=\"post-date-day\">26<\/span><br>\n\t\t\t\t\t\t\t\t<span class=\"post-date-month is-xsmall\">Mar<\/span>\n\t\t\t\t\t\t\t<\/div>\n\t\t\t\t\t\t<\/div>\n\t\t\t\t\t\t\t\t\t<\/div>\n\t\t\t\t<\/a>\n\t\t\t<\/div>\n\t\t<\/div>\n\t\t<div class=\"col post-item\" >\n\t\t\t<div class=\"col-inner\">\n\t\t\t<a href=\"https:\/\/datvietcoffee.com.vn\/en\/ben-ly-ca-phe\/tuyen-dung-nhan-vien-kinh-doanh-ca-phe.html\" class=\"plain\">\n\t\t\t\t<div class=\"box box-normal box-text-bottom box-blog-post has-hover\">\n            \t\t\t\t\t<div class=\"box-image\" >\n  \t\t\t\t\t\t<div class=\"image-cover\" style=\"padding-top:56.25%;\">\n  \t\t\t\t\t\t\t<img loading=\"lazy\" decoding=\"async\" width=\"279\" height=\"181\" src=\"https:\/\/datvietcoffee.com.vn\/wp-content\/uploads\/2026\/03\/Tuyendung.jpg\" class=\"attachment-medium size-medium wp-post-image\" alt=\"\" \/>  \t\t\t\t\t\t\t  \t\t\t\t\t\t\t  \t\t\t\t\t\t<\/div>\n  \t\t\t\t\t\t  \t\t\t\t\t<\/div>\n          \t\t\t\t\t<div class=\"box-text text-center\" >\n\t\t\t\t\t<div class=\"box-text-inner blog-post-inner\">\n\n\t\t\t\t\t\n\t\t\t\t\t\t\t\t\t\t<h5 class=\"post-title is-large \">(Ti\u1ebfng Vi\u1ec7t) Tuy\u1ec3n d\u1ee5ng Nh\u00e2n vi\u00ean kinh doanh C\u00e0 ph\u00ea<\/h5>\n\t\t\t\t\t\t\t\t\t\t<div class=\"is-divider\"><\/div>\n\t\t\t\t\t\t\t\t\t\t<p class=\"from_the_blog_excerpt \">Sorry, this entry is only available in Ti\u1ebfng Vi\u1ec7t....\t\t\t\t\t<\/p>\n\t\t\t\t\t                    \n\t\t\t\t\t\n\t\t\t\t\t\n\t\t\t\t\t<\/div>\n\t\t\t\t\t<\/div>\n\t\t\t\t\t\t\t\t\t\t\t\t\t\t\t\t<div class=\"badge absolute top post-date badge-circle-inside\">\n\t\t\t\t\t\t\t<div class=\"badge-inner\">\n\t\t\t\t\t\t\t\t<span class=\"post-date-day\">15<\/span><br>\n\t\t\t\t\t\t\t\t<span class=\"post-date-month is-xsmall\">Mar<\/span>\n\t\t\t\t\t\t\t<\/div>\n\t\t\t\t\t\t<\/div>\n\t\t\t\t\t\t\t\t\t<\/div>\n\t\t\t\t<\/a>\n\t\t\t<\/div>\n\t\t<\/div>\n\t\t<div class=\"col post-item\" >\n\t\t\t<div class=\"col-inner\">\n\t\t\t<a href=\"https:\/\/datvietcoffee.com.vn\/en\/ben-ly-ca-phe\/ca-phe-moka-dat-viet.html\" class=\"plain\">\n\t\t\t\t<div class=\"box box-normal box-text-bottom box-blog-post has-hover\">\n            \t\t\t\t\t<div class=\"box-image\" >\n  \t\t\t\t\t\t<div class=\"image-cover\" style=\"padding-top:56.25%;\">\n  \t\t\t\t\t\t\t<img loading=\"lazy\" decoding=\"async\" width=\"400\" height=\"400\" src=\"https:\/\/datvietcoffee.com.vn\/wp-content\/uploads\/2026\/02\/4MuaStyleMoka_AI1-400x400.png\" class=\"attachment-medium size-medium wp-post-image\" alt=\"\" srcset=\"https:\/\/datvietcoffee.com.vn\/wp-content\/uploads\/2026\/02\/4MuaStyleMoka_AI1-400x400.png 400w, https:\/\/datvietcoffee.com.vn\/wp-content\/uploads\/2026\/02\/4MuaStyleMoka_AI1-280x280.png 280w, https:\/\/datvietcoffee.com.vn\/wp-content\/uploads\/2026\/02\/4MuaStyleMoka_AI1-300x300.png 300w, https:\/\/datvietcoffee.com.vn\/wp-content\/uploads\/2026\/02\/4MuaStyleMoka_AI1-100x100.png 100w, https:\/\/datvietcoffee.com.vn\/wp-content\/uploads\/2026\/02\/4MuaStyleMoka_AI1.png 576w\" sizes=\"auto, (max-width: 400px) 100vw, 400px\" \/>  \t\t\t\t\t\t\t  \t\t\t\t\t\t\t  \t\t\t\t\t\t<\/div>\n  \t\t\t\t\t\t  \t\t\t\t\t<\/div>\n          \t\t\t\t\t<div class=\"box-text text-center\" >\n\t\t\t\t\t<div class=\"box-text-inner blog-post-inner\">\n\n\t\t\t\t\t\n\t\t\t\t\t\t\t\t\t\t<h5 class=\"post-title is-large \">(Ti\u1ebfng Vi\u1ec7t) C\u00e0 ph\u00ea Moka \u0110\u1ea5t Vi\u1ec7t<\/h5>\n\t\t\t\t\t\t\t\t\t\t<div class=\"is-divider\"><\/div>\n\t\t\t\t\t\t\t\t\t\t<p class=\"from_the_blog_excerpt \">Sorry, this entry is only available in Ti\u1ebfng Vi\u1ec7t....\t\t\t\t\t<\/p>\n\t\t\t\t\t                    \n\t\t\t\t\t\n\t\t\t\t\t\n\t\t\t\t\t<\/div>\n\t\t\t\t\t<\/div>\n\t\t\t\t\t\t\t\t\t\t\t\t\t\t\t\t<div class=\"badge absolute top post-date badge-circle-inside\">\n\t\t\t\t\t\t\t<div class=\"badge-inner\">\n\t\t\t\t\t\t\t\t<span class=\"post-date-day\">28<\/span><br>\n\t\t\t\t\t\t\t\t<span class=\"post-date-month is-xsmall\">Feb<\/span>\n\t\t\t\t\t\t\t<\/div>\n\t\t\t\t\t\t<\/div>\n\t\t\t\t\t\t\t\t\t<\/div>\n\t\t\t\t<\/a>\n\t\t\t<\/div>\n\t\t<\/div>\n\t\t<div class=\"col post-item\" >\n\t\t\t<div class=\"col-inner\">\n\t\t\t<a href=\"https:\/\/datvietcoffee.com.vn\/en\/ben-ly-ca-phe\/bon-mua-style-moka-2.html\" class=\"plain\">\n\t\t\t\t<div class=\"box box-normal box-text-bottom box-blog-post has-hover\">\n            \t\t\t\t\t<div class=\"box-image\" >\n  \t\t\t\t\t\t<div class=\"image-cover\" style=\"padding-top:56.25%;\">\n  \t\t\t\t\t\t\t<img loading=\"lazy\" decoding=\"async\" width=\"400\" height=\"400\" src=\"https:\/\/datvietcoffee.com.vn\/wp-content\/uploads\/2026\/02\/Moka-400x400.png\" class=\"attachment-medium size-medium wp-post-image\" alt=\"\" srcset=\"https:\/\/datvietcoffee.com.vn\/wp-content\/uploads\/2026\/02\/Moka-400x400.png 400w, https:\/\/datvietcoffee.com.vn\/wp-content\/uploads\/2026\/02\/Moka-800x800.png 800w, https:\/\/datvietcoffee.com.vn\/wp-content\/uploads\/2026\/02\/Moka-280x280.png 280w, https:\/\/datvietcoffee.com.vn\/wp-content\/uploads\/2026\/02\/Moka-768x768.png 768w, https:\/\/datvietcoffee.com.vn\/wp-content\/uploads\/2026\/02\/Moka-300x300.png 300w, https:\/\/datvietcoffee.com.vn\/wp-content\/uploads\/2026\/02\/Moka-600x600.png 600w, https:\/\/datvietcoffee.com.vn\/wp-content\/uploads\/2026\/02\/Moka-100x100.png 100w, https:\/\/datvietcoffee.com.vn\/wp-content\/uploads\/2026\/02\/Moka.png 1024w\" sizes=\"auto, (max-width: 400px) 100vw, 400px\" \/>  \t\t\t\t\t\t\t  \t\t\t\t\t\t\t  \t\t\t\t\t\t<\/div>\n  \t\t\t\t\t\t  \t\t\t\t\t<\/div>\n          \t\t\t\t\t<div class=\"box-text text-center\" >\n\t\t\t\t\t<div class=\"box-text-inner blog-post-inner\">\n\n\t\t\t\t\t\n\t\t\t\t\t\t\t\t\t\t<h5 class=\"post-title is-large \">(Ti\u1ebfng Vi\u1ec7t) B\u1ed1n m\u00f9a Style Moka<\/h5>\n\t\t\t\t\t\t\t\t\t\t<div class=\"is-divider\"><\/div>\n\t\t\t\t\t\t\t\t\t\t<p class=\"from_the_blog_excerpt \">Sorry, this entry is only available in Ti\u1ebfng Vi\u1ec7t....\t\t\t\t\t<\/p>\n\t\t\t\t\t                    \n\t\t\t\t\t\n\t\t\t\t\t\n\t\t\t\t\t<\/div>\n\t\t\t\t\t<\/div>\n\t\t\t\t\t\t\t\t\t\t\t\t\t\t\t\t<div class=\"badge absolute top post-date badge-circle-inside\">\n\t\t\t\t\t\t\t<div class=\"badge-inner\">\n\t\t\t\t\t\t\t\t<span class=\"post-date-day\">13<\/span><br>\n\t\t\t\t\t\t\t\t<span class=\"post-date-month is-xsmall\">Feb<\/span>\n\t\t\t\t\t\t\t<\/div>\n\t\t\t\t\t\t<\/div>\n\t\t\t\t\t\t\t\t\t<\/div>\n\t\t\t\t<\/a>\n\t\t\t<\/div>\n\t\t<\/div>\n<\/div>\n<a class=\"button primary is-outline\"  >\n    <span>Click me!<\/span>\n  <\/a>\n\n<\/div><\/div>\n<\/div>\n\t\t<\/div>\n\t\t\t<\/div>\n\n\t\n<\/div>\n","protected":false},"excerpt":{"rendered":"","protected":false},"author":1,"featured_media":12,"parent":97,"menu_order":99,"comment_status":"closed","ping_status":"closed","template":"page-blank.php","meta":{"footnotes":""},"class_list":["post-44","page","type-page","status-publish","has-post-thumbnail","hentry"],"yoast_head":"<!-- This site is optimized with the Yoast SEO plugin v27.1.1 - https:\/\/yoast.com\/product\/yoast-seo-wordpress\/ -->\n<title>Accordion - Coffee \u0110\u1ea5t Vi\u1ec7t<\/title>\n<meta name=\"robots\" content=\"index, follow, max-snippet:-1, max-image-preview:large, max-video-preview:-1\" \/>\n<link rel=\"canonical\" href=\"https:\/\/datvietcoffee.com.vn\/elements\/accordion\" \/>\n<meta property=\"og:locale\" content=\"en_US\" \/>\n<meta property=\"og:type\" content=\"article\" \/>\n<meta property=\"og:title\" content=\"Accordion - Coffee \u0110\u1ea5t Vi\u1ec7t\" \/>\n<meta property=\"og:url\" content=\"https:\/\/datvietcoffee.com.vn\/elements\/accordion\" \/>\n<meta property=\"og:site_name\" content=\"Coffee \u0110\u1ea5t Vi\u1ec7t\" \/>\n<meta property=\"article:modified_time\" content=\"2020-06-24T03:12:32+00:00\" \/>\n<meta property=\"og:image\" content=\"https:\/\/datvietcoffee.com.vn\/wp-content\/uploads\/2016\/08\/dummy-1.jpg\" \/>\n\t<meta property=\"og:image:width\" content=\"400\" \/>\n\t<meta property=\"og:image:height\" content=\"260\" \/>\n\t<meta property=\"og:image:type\" content=\"image\/jpeg\" \/>\n<meta name=\"twitter:card\" content=\"summary_large_image\" \/>\n<meta name=\"twitter:label1\" content=\"Est. reading time\" \/>\n\t<meta name=\"twitter:data1\" content=\"1 minute\" \/>\n<script type=\"application\/ld+json\" class=\"yoast-schema-graph\">{\"@context\":\"https:\/\/schema.org\",\"@graph\":[{\"@type\":\"WebPage\",\"@id\":\"https:\/\/datvietcoffee.com.vn\/elements\/accordion\",\"url\":\"https:\/\/datvietcoffee.com.vn\/elements\/accordion\",\"name\":\"Accordion - Coffee \u0110\u1ea5t Vi\u1ec7t\",\"isPartOf\":{\"@id\":\"https:\/\/datvietcoffee.com.vn\/#website\"},\"primaryImageOfPage\":{\"@id\":\"https:\/\/datvietcoffee.com.vn\/elements\/accordion#primaryimage\"},\"image\":{\"@id\":\"https:\/\/datvietcoffee.com.vn\/elements\/accordion#primaryimage\"},\"thumbnailUrl\":\"https:\/\/datvietcoffee.com.vn\/wp-content\/uploads\/2016\/08\/dummy-1.jpg\",\"datePublished\":\"2016-03-31T14:37:54+00:00\",\"dateModified\":\"2020-06-24T03:12:32+00:00\",\"breadcrumb\":{\"@id\":\"https:\/\/datvietcoffee.com.vn\/elements\/accordion#breadcrumb\"},\"inLanguage\":\"en-US\",\"potentialAction\":[{\"@type\":\"ReadAction\",\"target\":[\"https:\/\/datvietcoffee.com.vn\/elements\/accordion\"]}]},{\"@type\":\"ImageObject\",\"inLanguage\":\"en-US\",\"@id\":\"https:\/\/datvietcoffee.com.vn\/elements\/accordion#primaryimage\",\"url\":\"https:\/\/datvietcoffee.com.vn\/wp-content\/uploads\/2016\/08\/dummy-1.jpg\",\"contentUrl\":\"https:\/\/datvietcoffee.com.vn\/wp-content\/uploads\/2016\/08\/dummy-1.jpg\",\"width\":400,\"height\":260},{\"@type\":\"BreadcrumbList\",\"@id\":\"https:\/\/datvietcoffee.com.vn\/elements\/accordion#breadcrumb\",\"itemListElement\":[{\"@type\":\"ListItem\",\"position\":1,\"name\":\"Trang ch\u1ee7\",\"item\":\"https:\/\/datvietcoffee.com.vn\/\"},{\"@type\":\"ListItem\",\"position\":2,\"name\":\"Elements\",\"item\":\"https:\/\/datvietcoffee.com.vn\/elements\"},{\"@type\":\"ListItem\",\"position\":3,\"name\":\"Accordion\"}]},{\"@type\":\"WebSite\",\"@id\":\"https:\/\/datvietcoffee.com.vn\/#website\",\"url\":\"https:\/\/datvietcoffee.com.vn\/\",\"name\":\"Coffee \u0110\u1ea5t Vi\u1ec7t\",\"description\":\"C\u00f4ng ty TNHH C\u00e0 Ph\u00ea \u0110\u1ea5t Vi\u1ec7t\",\"potentialAction\":[{\"@type\":\"SearchAction\",\"target\":{\"@type\":\"EntryPoint\",\"urlTemplate\":\"https:\/\/datvietcoffee.com.vn\/?s={search_term_string}\"},\"query-input\":{\"@type\":\"PropertyValueSpecification\",\"valueRequired\":true,\"valueName\":\"search_term_string\"}}],\"inLanguage\":\"en-US\"}]}<\/script>\n<!-- \/ Yoast SEO plugin. -->","yoast_head_json":{"title":"Accordion - Coffee \u0110\u1ea5t Vi\u1ec7t","robots":{"index":"index","follow":"follow","max-snippet":"max-snippet:-1","max-image-preview":"max-image-preview:large","max-video-preview":"max-video-preview:-1"},"canonical":"https:\/\/datvietcoffee.com.vn\/elements\/accordion","og_locale":"en_US","og_type":"article","og_title":"Accordion - Coffee \u0110\u1ea5t Vi\u1ec7t","og_url":"https:\/\/datvietcoffee.com.vn\/elements\/accordion","og_site_name":"Coffee \u0110\u1ea5t Vi\u1ec7t","article_modified_time":"2020-06-24T03:12:32+00:00","og_image":[{"width":400,"height":260,"url":"https:\/\/datvietcoffee.com.vn\/wp-content\/uploads\/2016\/08\/dummy-1.jpg","type":"image\/jpeg"}],"twitter_card":"summary_large_image","twitter_misc":{"Est. reading time":"1 minute"},"schema":{"@context":"https:\/\/schema.org","@graph":[{"@type":"WebPage","@id":"https:\/\/datvietcoffee.com.vn\/elements\/accordion","url":"https:\/\/datvietcoffee.com.vn\/elements\/accordion","name":"Accordion - Coffee \u0110\u1ea5t Vi\u1ec7t","isPartOf":{"@id":"https:\/\/datvietcoffee.com.vn\/#website"},"primaryImageOfPage":{"@id":"https:\/\/datvietcoffee.com.vn\/elements\/accordion#primaryimage"},"image":{"@id":"https:\/\/datvietcoffee.com.vn\/elements\/accordion#primaryimage"},"thumbnailUrl":"https:\/\/datvietcoffee.com.vn\/wp-content\/uploads\/2016\/08\/dummy-1.jpg","datePublished":"2016-03-31T14:37:54+00:00","dateModified":"2020-06-24T03:12:32+00:00","breadcrumb":{"@id":"https:\/\/datvietcoffee.com.vn\/elements\/accordion#breadcrumb"},"inLanguage":"en-US","potentialAction":[{"@type":"ReadAction","target":["https:\/\/datvietcoffee.com.vn\/elements\/accordion"]}]},{"@type":"ImageObject","inLanguage":"en-US","@id":"https:\/\/datvietcoffee.com.vn\/elements\/accordion#primaryimage","url":"https:\/\/datvietcoffee.com.vn\/wp-content\/uploads\/2016\/08\/dummy-1.jpg","contentUrl":"https:\/\/datvietcoffee.com.vn\/wp-content\/uploads\/2016\/08\/dummy-1.jpg","width":400,"height":260},{"@type":"BreadcrumbList","@id":"https:\/\/datvietcoffee.com.vn\/elements\/accordion#breadcrumb","itemListElement":[{"@type":"ListItem","position":1,"name":"Trang ch\u1ee7","item":"https:\/\/datvietcoffee.com.vn\/"},{"@type":"ListItem","position":2,"name":"Elements","item":"https:\/\/datvietcoffee.com.vn\/elements"},{"@type":"ListItem","position":3,"name":"Accordion"}]},{"@type":"WebSite","@id":"https:\/\/datvietcoffee.com.vn\/#website","url":"https:\/\/datvietcoffee.com.vn\/","name":"Coffee \u0110\u1ea5t Vi\u1ec7t","description":"C\u00f4ng ty TNHH C\u00e0 Ph\u00ea \u0110\u1ea5t Vi\u1ec7t","potentialAction":[{"@type":"SearchAction","target":{"@type":"EntryPoint","urlTemplate":"https:\/\/datvietcoffee.com.vn\/?s={search_term_string}"},"query-input":{"@type":"PropertyValueSpecification","valueRequired":true,"valueName":"search_term_string"}}],"inLanguage":"en-US"}]}},"_links":{"self":[{"href":"https:\/\/datvietcoffee.com.vn\/en\/wp-json\/wp\/v2\/pages\/44","targetHints":{"allow":["GET"]}}],"collection":[{"href":"https:\/\/datvietcoffee.com.vn\/en\/wp-json\/wp\/v2\/pages"}],"about":[{"href":"https:\/\/datvietcoffee.com.vn\/en\/wp-json\/wp\/v2\/types\/page"}],"author":[{"embeddable":true,"href":"https:\/\/datvietcoffee.com.vn\/en\/wp-json\/wp\/v2\/users\/1"}],"replies":[{"embeddable":true,"href":"https:\/\/datvietcoffee.com.vn\/en\/wp-json\/wp\/v2\/comments?post=44"}],"version-history":[{"count":1,"href":"https:\/\/datvietcoffee.com.vn\/en\/wp-json\/wp\/v2\/pages\/44\/revisions"}],"predecessor-version":[{"id":119,"href":"https:\/\/datvietcoffee.com.vn\/en\/wp-json\/wp\/v2\/pages\/44\/revisions\/119"}],"up":[{"embeddable":true,"href":"https:\/\/datvietcoffee.com.vn\/en\/wp-json\/wp\/v2\/pages\/97"}],"wp:featuredmedia":[{"embeddable":true,"href":"https:\/\/datvietcoffee.com.vn\/en\/wp-json\/wp\/v2\/media\/12"}],"wp:attachment":[{"href":"https:\/\/datvietcoffee.com.vn\/en\/wp-json\/wp\/v2\/media?parent=44"}],"curies":[{"name":"wp","href":"https:\/\/api.w.org\/{rel}","templated":true}]}}