{"id":383,"date":"2020-06-27T08:20:02","date_gmt":"2020-06-27T01:20:02","guid":{"rendered":"http:\/\/datviet.khatech.vn\/?page_id=383"},"modified":"2020-07-22T15:55:47","modified_gmt":"2020-07-22T08:55:47","slug":"chinh-sach-doi-tra","status":"publish","type":"page","link":"https:\/\/datvietcoffee.com.vn\/en\/ve-chung-toi\/chinh-sach-doi-tra","title":{"rendered":"Return policy"},"content":{"rendered":"<p style=\"text-align: center;\"><span style=\"color: #ff6600; font-size: 150%;\"><strong>CONDITIONS OF GOODS REQUIRING REQUEST FOR CHANGE<\/strong><\/span><\/p>\n<p style=\"text-align: justify;\"><strong>1.1. About the product<\/strong><\/p>\n<p style=\"text-align: justify;\">&#8211; The product is delivered in wrong quantities, information and models compared to the order or damaged during shipping: Please check the product before payment and refuse to receive, send back products, orders in case the product is wrong, broken &#8230; for delivery staff. We will immediately replace the item as prescribed by the customer, in which case the customer does not incur any costs incurred.<\/p>\n<p style=\"text-align: justify;\">&#8211; The product is damaged due to manufacturer errors (packaging, content, product deformation errors, differences from the manufacturer&#8217;s published quality standards).<\/p>\n<p style=\"text-align: justify;\">&#8211; Product expires before or on the day the product is delivered to the customer.<\/p>\n<p style=\"text-align: justify;\"><strong>1.2. Customers need to use:<\/strong><\/p>\n<p style=\"text-align: justify;\">&#8211; The company accepts to return or exchange for the reason that customers change the demand for use, but products accepted for exchange will be based on business policies at the time of customer request.<\/p>\n<p style=\"text-align: justify;\">&#8211; Not applicable to products on the list of promotional products.<\/p>\n<p style=\"text-align: center;\">\n<span style=\"color: #ff6600; font-size: 150%;\"><strong>CONDITIONS FOR CHANGE RETURN:<\/strong><\/span><\/p>\n<p style=\"text-align: justify;\">&#8211; The product is intact, fully labeled, intact, sealed with the original specifications (unless the product is defective or damaged during transportation).<\/p>\n<p style=\"text-align: justify;\">&#8211; The product is not dirty, intact labels (except in case of fault or damage during transportation) have no signs of use.<\/p>\n<p style=\"text-align: justify;\">&#8211; Customers still keep confirmation of the purchase made at the Company (delivery notes, purchase invoices, bank statements &#8230;) and provide us with enough information to confirm orders.<\/p>\n<p style=\"text-align: justify;\">&#8211; In case of not meeting the above conditions, the right to decide to change or return goods belongs to the Company.<\/p>","protected":false},"excerpt":{"rendered":"<p>CONDITIONS OF GOODS REQUIRING REQUEST FOR CHANGE 1.1. About the product &#8211; The product is delivered in wrong quantities, information and models compared to the order or damaged during shipping: Please check the product before payment and refuse to receive, send back products, orders in case the product is wrong, broken &#8230; for delivery staff&#8230;.<\/p>\n","protected":false},"author":1,"featured_media":0,"parent":373,"menu_order":0,"comment_status":"closed","ping_status":"closed","template":"","meta":{"footnotes":""},"class_list":["post-383","page","type-page","status-publish","hentry"],"yoast_head":"<!-- This site is optimized with the Yoast SEO plugin v27.1.1 - https:\/\/yoast.com\/product\/yoast-seo-wordpress\/ -->\n<title>Return policy - Coffee \u0110\u1ea5t Vi\u1ec7t<\/title>\n<meta name=\"robots\" content=\"index, follow, max-snippet:-1, max-image-preview:large, max-video-preview:-1\" \/>\n<link rel=\"canonical\" href=\"https:\/\/datvietcoffee.com.vn\/ve-chung-toi\/chinh-sach-doi-tra\" \/>\n<meta property=\"og:locale\" content=\"en_US\" \/>\n<meta property=\"og:type\" content=\"article\" \/>\n<meta property=\"og:title\" content=\"[:vi]Ch\u00ednh s\u00e1ch \u0111\u1ed5i tr\u1ea3[:en]Return policy[:] - Coffee \u0110\u1ea5t Vi\u1ec7t\" \/>\n<meta property=\"og:description\" content=\"CONDITIONS OF GOODS REQUIRING REQUEST FOR CHANGE 1.1. About the product &#8211; The product is delivered in wrong quantities, information and models compared to the order or damaged during shipping: Please check the product before payment and refuse to receive, send back products, orders in case the product is wrong, broken &#8230; for delivery staff....\" \/>\n<meta property=\"og:url\" content=\"https:\/\/datvietcoffee.com.vn\/ve-chung-toi\/chinh-sach-doi-tra\" \/>\n<meta property=\"og:site_name\" content=\"Coffee \u0110\u1ea5t Vi\u1ec7t\" \/>\n<meta property=\"article:modified_time\" content=\"2020-07-22T08:55:47+00:00\" \/>\n<meta name=\"twitter:card\" content=\"summary_large_image\" \/>\n<meta name=\"twitter:label1\" content=\"Est. reading time\" \/>\n\t<meta name=\"twitter:data1\" content=\"4 minutes\" \/>\n<script type=\"application\/ld+json\" class=\"yoast-schema-graph\">{\"@context\":\"https:\/\/schema.org\",\"@graph\":[{\"@type\":\"WebPage\",\"@id\":\"https:\/\/datvietcoffee.com.vn\/ve-chung-toi\/chinh-sach-doi-tra\",\"url\":\"https:\/\/datvietcoffee.com.vn\/ve-chung-toi\/chinh-sach-doi-tra\",\"name\":\"[:vi]Ch\u00ednh s\u00e1ch \u0111\u1ed5i tr\u1ea3[:en]Return policy[:] - Coffee \u0110\u1ea5t Vi\u1ec7t\",\"isPartOf\":{\"@id\":\"https:\/\/datvietcoffee.com.vn\/#website\"},\"datePublished\":\"2020-06-27T01:20:02+00:00\",\"dateModified\":\"2020-07-22T08:55:47+00:00\",\"breadcrumb\":{\"@id\":\"https:\/\/datvietcoffee.com.vn\/ve-chung-toi\/chinh-sach-doi-tra#breadcrumb\"},\"inLanguage\":\"en-US\",\"potentialAction\":[{\"@type\":\"ReadAction\",\"target\":[\"https:\/\/datvietcoffee.com.vn\/ve-chung-toi\/chinh-sach-doi-tra\"]}]},{\"@type\":\"BreadcrumbList\",\"@id\":\"https:\/\/datvietcoffee.com.vn\/ve-chung-toi\/chinh-sach-doi-tra#breadcrumb\",\"itemListElement\":[{\"@type\":\"ListItem\",\"position\":1,\"name\":\"Trang ch\u1ee7\",\"item\":\"https:\/\/datvietcoffee.com.vn\/\"},{\"@type\":\"ListItem\",\"position\":2,\"name\":\"V\u1ec1 ch\u00fang t\u00f4i\",\"item\":\"https:\/\/datvietcoffee.com.vn\/ve-chung-toi\"},{\"@type\":\"ListItem\",\"position\":3,\"name\":\"Ch\u00ednh s\u00e1ch \u0111\u1ed5i tr\u1ea3\"}]},{\"@type\":\"WebSite\",\"@id\":\"https:\/\/datvietcoffee.com.vn\/#website\",\"url\":\"https:\/\/datvietcoffee.com.vn\/\",\"name\":\"Coffee \u0110\u1ea5t Vi\u1ec7t\",\"description\":\"C\u00f4ng ty TNHH C\u00e0 Ph\u00ea \u0110\u1ea5t Vi\u1ec7t\",\"potentialAction\":[{\"@type\":\"SearchAction\",\"target\":{\"@type\":\"EntryPoint\",\"urlTemplate\":\"https:\/\/datvietcoffee.com.vn\/?s={search_term_string}\"},\"query-input\":{\"@type\":\"PropertyValueSpecification\",\"valueRequired\":true,\"valueName\":\"search_term_string\"}}],\"inLanguage\":\"en-US\"}]}<\/script>\n<!-- \/ Yoast SEO plugin. -->","yoast_head_json":{"title":"[:vi]Ch\u00ednh s\u00e1ch \u0111\u1ed5i tr\u1ea3[:en]Return policy[:] - Coffee \u0110\u1ea5t Vi\u1ec7t","robots":{"index":"index","follow":"follow","max-snippet":"max-snippet:-1","max-image-preview":"max-image-preview:large","max-video-preview":"max-video-preview:-1"},"canonical":"https:\/\/datvietcoffee.com.vn\/ve-chung-toi\/chinh-sach-doi-tra","og_locale":"en_US","og_type":"article","og_title":"[:vi]Ch\u00ednh s\u00e1ch \u0111\u1ed5i tr\u1ea3[:en]Return policy[:] - Coffee \u0110\u1ea5t Vi\u1ec7t","og_description":"CONDITIONS OF GOODS REQUIRING REQUEST FOR CHANGE 1.1. About the product &#8211; The product is delivered in wrong quantities, information and models compared to the order or damaged during shipping: Please check the product before payment and refuse to receive, send back products, orders in case the product is wrong, broken &#8230; for delivery staff....","og_url":"https:\/\/datvietcoffee.com.vn\/ve-chung-toi\/chinh-sach-doi-tra","og_site_name":"Coffee \u0110\u1ea5t Vi\u1ec7t","article_modified_time":"2020-07-22T08:55:47+00:00","twitter_card":"summary_large_image","twitter_misc":{"Est. reading time":"4 minutes"},"schema":{"@context":"https:\/\/schema.org","@graph":[{"@type":"WebPage","@id":"https:\/\/datvietcoffee.com.vn\/ve-chung-toi\/chinh-sach-doi-tra","url":"https:\/\/datvietcoffee.com.vn\/ve-chung-toi\/chinh-sach-doi-tra","name":"[:vi]Ch\u00ednh s\u00e1ch \u0111\u1ed5i tr\u1ea3[:en]Return policy[:] - Coffee \u0110\u1ea5t Vi\u1ec7t","isPartOf":{"@id":"https:\/\/datvietcoffee.com.vn\/#website"},"datePublished":"2020-06-27T01:20:02+00:00","dateModified":"2020-07-22T08:55:47+00:00","breadcrumb":{"@id":"https:\/\/datvietcoffee.com.vn\/ve-chung-toi\/chinh-sach-doi-tra#breadcrumb"},"inLanguage":"en-US","potentialAction":[{"@type":"ReadAction","target":["https:\/\/datvietcoffee.com.vn\/ve-chung-toi\/chinh-sach-doi-tra"]}]},{"@type":"BreadcrumbList","@id":"https:\/\/datvietcoffee.com.vn\/ve-chung-toi\/chinh-sach-doi-tra#breadcrumb","itemListElement":[{"@type":"ListItem","position":1,"name":"Trang ch\u1ee7","item":"https:\/\/datvietcoffee.com.vn\/"},{"@type":"ListItem","position":2,"name":"V\u1ec1 ch\u00fang t\u00f4i","item":"https:\/\/datvietcoffee.com.vn\/ve-chung-toi"},{"@type":"ListItem","position":3,"name":"Ch\u00ednh s\u00e1ch \u0111\u1ed5i tr\u1ea3"}]},{"@type":"WebSite","@id":"https:\/\/datvietcoffee.com.vn\/#website","url":"https:\/\/datvietcoffee.com.vn\/","name":"Coffee \u0110\u1ea5t Vi\u1ec7t","description":"C\u00f4ng ty TNHH C\u00e0 Ph\u00ea \u0110\u1ea5t Vi\u1ec7t","potentialAction":[{"@type":"SearchAction","target":{"@type":"EntryPoint","urlTemplate":"https:\/\/datvietcoffee.com.vn\/?s={search_term_string}"},"query-input":{"@type":"PropertyValueSpecification","valueRequired":true,"valueName":"search_term_string"}}],"inLanguage":"en-US"}]}},"_links":{"self":[{"href":"https:\/\/datvietcoffee.com.vn\/en\/wp-json\/wp\/v2\/pages\/383","targetHints":{"allow":["GET"]}}],"collection":[{"href":"https:\/\/datvietcoffee.com.vn\/en\/wp-json\/wp\/v2\/pages"}],"about":[{"href":"https:\/\/datvietcoffee.com.vn\/en\/wp-json\/wp\/v2\/types\/page"}],"author":[{"embeddable":true,"href":"https:\/\/datvietcoffee.com.vn\/en\/wp-json\/wp\/v2\/users\/1"}],"replies":[{"embeddable":true,"href":"https:\/\/datvietcoffee.com.vn\/en\/wp-json\/wp\/v2\/comments?post=383"}],"version-history":[{"count":4,"href":"https:\/\/datvietcoffee.com.vn\/en\/wp-json\/wp\/v2\/pages\/383\/revisions"}],"predecessor-version":[{"id":769,"href":"https:\/\/datvietcoffee.com.vn\/en\/wp-json\/wp\/v2\/pages\/383\/revisions\/769"}],"up":[{"embeddable":true,"href":"https:\/\/datvietcoffee.com.vn\/en\/wp-json\/wp\/v2\/pages\/373"}],"wp:attachment":[{"href":"https:\/\/datvietcoffee.com.vn\/en\/wp-json\/wp\/v2\/media?parent=383"}],"curies":[{"name":"wp","href":"https:\/\/api.w.org\/{rel}","templated":true}]}}