{"id":380,"date":"2020-06-27T08:19:39","date_gmt":"2020-06-27T01:19:39","guid":{"rendered":"http:\/\/datviet.khatech.vn\/?page_id=380"},"modified":"2024-10-24T20:14:51","modified_gmt":"2024-10-24T13:14:51","slug":"chinh-sach-van-chuyen","status":"publish","type":"page","link":"https:\/\/datvietcoffee.com.vn\/en\/ve-chung-toi\/chinh-sach-van-chuyen","title":{"rendered":"Shipping policy"},"content":{"rendered":"After receiving the order information, <strong>Dat Viet Coffee Co., Ltd<\/strong> will process the order within 24 hours and respond to customer information about payment and delivery. Delivery time usually ranges from 3-5 days from the end of the order or by agreement with customers when ordering. However, there are also cases where the delivery is longer but only occurs in the following force majeure circumstances:<\/p>\n<ul>\n<li>Company employees will contact customers by phone should not be able to deliver.<\/li>\n<li>The shipping address you provided is incorrect or hard to find.<\/li>\n<li>The sudden increase in the number of orders of the company made the order processing slow.<\/li>\n<li>The company will mostly support transportation costs as a way to take care of its agents. For retail customers if there is a large demand, please contact us directly to agree on the contract as well as shipping fees.<\/li>\n<\/ul>","protected":false},"excerpt":{"rendered":"<p>After receiving the order information, Dat Viet Coffee Co., Ltd will process the order within 24 hours and respond to customer information about payment and delivery. Delivery time usually ranges from 3-5 days from the end of the order or by agreement with customers when ordering. However, there are also cases where the delivery is&#8230;<\/p>\n","protected":false},"author":1,"featured_media":0,"parent":373,"menu_order":0,"comment_status":"closed","ping_status":"closed","template":"","meta":{"footnotes":""},"class_list":["post-380","page","type-page","status-publish","hentry"],"yoast_head":"<!-- This site is optimized with the Yoast SEO plugin v27.1.1 - https:\/\/yoast.com\/product\/yoast-seo-wordpress\/ -->\n<title>Shipping policy - Coffee \u0110\u1ea5t Vi\u1ec7t<\/title>\n<meta name=\"robots\" content=\"index, follow, max-snippet:-1, max-image-preview:large, max-video-preview:-1\" \/>\n<link rel=\"canonical\" href=\"https:\/\/datvietcoffee.com.vn\/ve-chung-toi\/chinh-sach-van-chuyen\" \/>\n<meta property=\"og:locale\" content=\"en_US\" \/>\n<meta property=\"og:type\" content=\"article\" \/>\n<meta property=\"og:title\" content=\"[:vi]Ch\u00ednh s\u00e1ch v\u1eadn chuy\u1ec3n[:en]Shipping policy[:] - Coffee \u0110\u1ea5t Vi\u1ec7t\" \/>\n<meta property=\"og:description\" content=\"After receiving the order information, Dat Viet Coffee Co., Ltd will process the order within 24 hours and respond to customer information about payment and delivery. Delivery time usually ranges from 3-5 days from the end of the order or by agreement with customers when ordering. However, there are also cases where the delivery is...\" \/>\n<meta property=\"og:url\" content=\"https:\/\/datvietcoffee.com.vn\/ve-chung-toi\/chinh-sach-van-chuyen\" \/>\n<meta property=\"og:site_name\" content=\"Coffee \u0110\u1ea5t Vi\u1ec7t\" \/>\n<meta property=\"article:modified_time\" content=\"2024-10-24T13:14:51+00:00\" \/>\n<meta name=\"twitter:card\" content=\"summary_large_image\" \/>\n<meta name=\"twitter:label1\" content=\"Est. reading time\" \/>\n\t<meta name=\"twitter:data1\" content=\"2 minutes\" \/>\n<script type=\"application\/ld+json\" class=\"yoast-schema-graph\">{\"@context\":\"https:\/\/schema.org\",\"@graph\":[{\"@type\":\"WebPage\",\"@id\":\"https:\/\/datvietcoffee.com.vn\/ve-chung-toi\/chinh-sach-van-chuyen\",\"url\":\"https:\/\/datvietcoffee.com.vn\/ve-chung-toi\/chinh-sach-van-chuyen\",\"name\":\"[:vi]Ch\u00ednh s\u00e1ch v\u1eadn chuy\u1ec3n[:en]Shipping policy[:] - Coffee \u0110\u1ea5t Vi\u1ec7t\",\"isPartOf\":{\"@id\":\"https:\/\/datvietcoffee.com.vn\/#website\"},\"datePublished\":\"2020-06-27T01:19:39+00:00\",\"dateModified\":\"2024-10-24T13:14:51+00:00\",\"breadcrumb\":{\"@id\":\"https:\/\/datvietcoffee.com.vn\/ve-chung-toi\/chinh-sach-van-chuyen#breadcrumb\"},\"inLanguage\":\"en-US\",\"potentialAction\":[{\"@type\":\"ReadAction\",\"target\":[\"https:\/\/datvietcoffee.com.vn\/ve-chung-toi\/chinh-sach-van-chuyen\"]}]},{\"@type\":\"BreadcrumbList\",\"@id\":\"https:\/\/datvietcoffee.com.vn\/ve-chung-toi\/chinh-sach-van-chuyen#breadcrumb\",\"itemListElement\":[{\"@type\":\"ListItem\",\"position\":1,\"name\":\"Trang ch\u1ee7\",\"item\":\"https:\/\/datvietcoffee.com.vn\/\"},{\"@type\":\"ListItem\",\"position\":2,\"name\":\"V\u1ec1 ch\u00fang t\u00f4i\",\"item\":\"https:\/\/datvietcoffee.com.vn\/ve-chung-toi\"},{\"@type\":\"ListItem\",\"position\":3,\"name\":\"Ch\u00ednh s\u00e1ch v\u1eadn chuy\u1ec3n\"}]},{\"@type\":\"WebSite\",\"@id\":\"https:\/\/datvietcoffee.com.vn\/#website\",\"url\":\"https:\/\/datvietcoffee.com.vn\/\",\"name\":\"Coffee \u0110\u1ea5t Vi\u1ec7t\",\"description\":\"C\u00f4ng ty TNHH C\u00e0 Ph\u00ea \u0110\u1ea5t Vi\u1ec7t\",\"potentialAction\":[{\"@type\":\"SearchAction\",\"target\":{\"@type\":\"EntryPoint\",\"urlTemplate\":\"https:\/\/datvietcoffee.com.vn\/?s={search_term_string}\"},\"query-input\":{\"@type\":\"PropertyValueSpecification\",\"valueRequired\":true,\"valueName\":\"search_term_string\"}}],\"inLanguage\":\"en-US\"}]}<\/script>\n<!-- \/ Yoast SEO plugin. -->","yoast_head_json":{"title":"[:vi]Ch\u00ednh s\u00e1ch v\u1eadn chuy\u1ec3n[:en]Shipping policy[:] - Coffee \u0110\u1ea5t Vi\u1ec7t","robots":{"index":"index","follow":"follow","max-snippet":"max-snippet:-1","max-image-preview":"max-image-preview:large","max-video-preview":"max-video-preview:-1"},"canonical":"https:\/\/datvietcoffee.com.vn\/ve-chung-toi\/chinh-sach-van-chuyen","og_locale":"en_US","og_type":"article","og_title":"[:vi]Ch\u00ednh s\u00e1ch v\u1eadn chuy\u1ec3n[:en]Shipping policy[:] - Coffee \u0110\u1ea5t Vi\u1ec7t","og_description":"After receiving the order information, Dat Viet Coffee Co., Ltd will process the order within 24 hours and respond to customer information about payment and delivery. Delivery time usually ranges from 3-5 days from the end of the order or by agreement with customers when ordering. However, there are also cases where the delivery is...","og_url":"https:\/\/datvietcoffee.com.vn\/ve-chung-toi\/chinh-sach-van-chuyen","og_site_name":"Coffee \u0110\u1ea5t Vi\u1ec7t","article_modified_time":"2024-10-24T13:14:51+00:00","twitter_card":"summary_large_image","twitter_misc":{"Est. reading time":"2 minutes"},"schema":{"@context":"https:\/\/schema.org","@graph":[{"@type":"WebPage","@id":"https:\/\/datvietcoffee.com.vn\/ve-chung-toi\/chinh-sach-van-chuyen","url":"https:\/\/datvietcoffee.com.vn\/ve-chung-toi\/chinh-sach-van-chuyen","name":"[:vi]Ch\u00ednh s\u00e1ch v\u1eadn chuy\u1ec3n[:en]Shipping policy[:] - Coffee \u0110\u1ea5t Vi\u1ec7t","isPartOf":{"@id":"https:\/\/datvietcoffee.com.vn\/#website"},"datePublished":"2020-06-27T01:19:39+00:00","dateModified":"2024-10-24T13:14:51+00:00","breadcrumb":{"@id":"https:\/\/datvietcoffee.com.vn\/ve-chung-toi\/chinh-sach-van-chuyen#breadcrumb"},"inLanguage":"en-US","potentialAction":[{"@type":"ReadAction","target":["https:\/\/datvietcoffee.com.vn\/ve-chung-toi\/chinh-sach-van-chuyen"]}]},{"@type":"BreadcrumbList","@id":"https:\/\/datvietcoffee.com.vn\/ve-chung-toi\/chinh-sach-van-chuyen#breadcrumb","itemListElement":[{"@type":"ListItem","position":1,"name":"Trang ch\u1ee7","item":"https:\/\/datvietcoffee.com.vn\/"},{"@type":"ListItem","position":2,"name":"V\u1ec1 ch\u00fang t\u00f4i","item":"https:\/\/datvietcoffee.com.vn\/ve-chung-toi"},{"@type":"ListItem","position":3,"name":"Ch\u00ednh s\u00e1ch v\u1eadn chuy\u1ec3n"}]},{"@type":"WebSite","@id":"https:\/\/datvietcoffee.com.vn\/#website","url":"https:\/\/datvietcoffee.com.vn\/","name":"Coffee \u0110\u1ea5t Vi\u1ec7t","description":"C\u00f4ng ty TNHH C\u00e0 Ph\u00ea \u0110\u1ea5t Vi\u1ec7t","potentialAction":[{"@type":"SearchAction","target":{"@type":"EntryPoint","urlTemplate":"https:\/\/datvietcoffee.com.vn\/?s={search_term_string}"},"query-input":{"@type":"PropertyValueSpecification","valueRequired":true,"valueName":"search_term_string"}}],"inLanguage":"en-US"}]}},"_links":{"self":[{"href":"https:\/\/datvietcoffee.com.vn\/en\/wp-json\/wp\/v2\/pages\/380","targetHints":{"allow":["GET"]}}],"collection":[{"href":"https:\/\/datvietcoffee.com.vn\/en\/wp-json\/wp\/v2\/pages"}],"about":[{"href":"https:\/\/datvietcoffee.com.vn\/en\/wp-json\/wp\/v2\/types\/page"}],"author":[{"embeddable":true,"href":"https:\/\/datvietcoffee.com.vn\/en\/wp-json\/wp\/v2\/users\/1"}],"replies":[{"embeddable":true,"href":"https:\/\/datvietcoffee.com.vn\/en\/wp-json\/wp\/v2\/comments?post=380"}],"version-history":[{"count":8,"href":"https:\/\/datvietcoffee.com.vn\/en\/wp-json\/wp\/v2\/pages\/380\/revisions"}],"predecessor-version":[{"id":1109,"href":"https:\/\/datvietcoffee.com.vn\/en\/wp-json\/wp\/v2\/pages\/380\/revisions\/1109"}],"up":[{"embeddable":true,"href":"https:\/\/datvietcoffee.com.vn\/en\/wp-json\/wp\/v2\/pages\/373"}],"wp:attachment":[{"href":"https:\/\/datvietcoffee.com.vn\/en\/wp-json\/wp\/v2\/media?parent=380"}],"curies":[{"name":"wp","href":"https:\/\/api.w.org\/{rel}","templated":true}]}}