{"id":375,"date":"2020-06-27T08:19:04","date_gmt":"2020-06-27T01:19:04","guid":{"rendered":"http:\/\/datviet.khatech.vn\/?page_id=375"},"modified":"2020-07-22T15:48:26","modified_gmt":"2020-07-22T08:48:26","slug":"huong-dan-mua-hang","status":"publish","type":"page","link":"https:\/\/datvietcoffee.com.vn\/en\/ve-chung-toi\/huong-dan-mua-hang","title":{"rendered":"Shopping guide"},"content":{"rendered":"<p style=\"text-align: center;\"><span style=\"font-size: 150%; color: #ff6600;\"><strong>You can choose one of the following ways:<\/strong><\/span><\/p>\n<p><strong>1 \/ The first way:<\/strong> Company staff will advise and support customers all information about products and prices. Please contact us:<br \/>\n&#8211; Call the phone at 0258 3 82 82 92<br \/>\n&#8211; Zalo: https:\/\/zalo.me\/0905222227<br \/>\n&#8211; Fb: https:\/\/www.facebook.com\/caphedatviet.vn<\/p>\n<p><strong>2 \/ The second way:<\/strong><br \/>\nOrder via the contact form at the website, you can leave contact information and product needs such as: quotes, details of interested products, purchases, promotions &#8230;. The staff in charge will respond to customers soon after receiving the information.<\/p>\n<p><strong>3 \/ The third way:<\/strong> Customers can go directly to the shops of Dat Viet Coffee Co., Ltd. for advice and purchase products.","protected":false},"excerpt":{"rendered":"<p>You can choose one of the following ways: 1 \/ The first way: Company staff will advise and support customers all information about products and prices. Please contact us: &#8211; Call the phone at 0258 3 82 82 92 &#8211; Zalo: https:\/\/zalo.me\/0905222227 &#8211; Fb: https:\/\/www.facebook.com\/caphedatviet.vn 2 \/ The second way: Order via the contact form&#8230;<\/p>\n","protected":false},"author":1,"featured_media":0,"parent":373,"menu_order":0,"comment_status":"closed","ping_status":"closed","template":"","meta":{"footnotes":""},"class_list":["post-375","page","type-page","status-publish","hentry"],"yoast_head":"<!-- This site is optimized with the Yoast SEO plugin v27.1.1 - https:\/\/yoast.com\/product\/yoast-seo-wordpress\/ -->\n<title>Shopping guide - Coffee \u0110\u1ea5t Vi\u1ec7t<\/title>\n<meta name=\"robots\" content=\"index, follow, max-snippet:-1, max-image-preview:large, max-video-preview:-1\" \/>\n<link rel=\"canonical\" href=\"https:\/\/datvietcoffee.com.vn\/ve-chung-toi\/huong-dan-mua-hang\" \/>\n<meta property=\"og:locale\" content=\"en_US\" \/>\n<meta property=\"og:type\" content=\"article\" \/>\n<meta property=\"og:title\" content=\"[:vi]H\u01b0\u1edbng d\u1eabn mua h\u00e0ng[:en]Shopping guide[:] - Coffee \u0110\u1ea5t Vi\u1ec7t\" \/>\n<meta property=\"og:description\" content=\"You can choose one of the following ways: 1 \/ The first way: Company staff will advise and support customers all information about products and prices. Please contact us: &#8211; Call the phone at 0258 3 82 82 92 &#8211; Zalo: https:\/\/zalo.me\/0905222227 &#8211; Fb: https:\/\/www.facebook.com\/caphedatviet.vn 2 \/ The second way: Order via the contact form...\" \/>\n<meta property=\"og:url\" content=\"https:\/\/datvietcoffee.com.vn\/ve-chung-toi\/huong-dan-mua-hang\" \/>\n<meta property=\"og:site_name\" content=\"Coffee \u0110\u1ea5t Vi\u1ec7t\" \/>\n<meta property=\"article:modified_time\" content=\"2020-07-22T08:48:26+00:00\" \/>\n<meta name=\"twitter:card\" content=\"summary_large_image\" \/>\n<meta name=\"twitter:label1\" content=\"Est. reading time\" \/>\n\t<meta name=\"twitter:data1\" content=\"2 minutes\" \/>\n<script type=\"application\/ld+json\" class=\"yoast-schema-graph\">{\"@context\":\"https:\/\/schema.org\",\"@graph\":[{\"@type\":\"WebPage\",\"@id\":\"https:\/\/datvietcoffee.com.vn\/ve-chung-toi\/huong-dan-mua-hang\",\"url\":\"https:\/\/datvietcoffee.com.vn\/ve-chung-toi\/huong-dan-mua-hang\",\"name\":\"[:vi]H\u01b0\u1edbng d\u1eabn mua h\u00e0ng[:en]Shopping guide[:] - Coffee \u0110\u1ea5t Vi\u1ec7t\",\"isPartOf\":{\"@id\":\"https:\/\/datvietcoffee.com.vn\/#website\"},\"datePublished\":\"2020-06-27T01:19:04+00:00\",\"dateModified\":\"2020-07-22T08:48:26+00:00\",\"breadcrumb\":{\"@id\":\"https:\/\/datvietcoffee.com.vn\/ve-chung-toi\/huong-dan-mua-hang#breadcrumb\"},\"inLanguage\":\"en-US\",\"potentialAction\":[{\"@type\":\"ReadAction\",\"target\":[\"https:\/\/datvietcoffee.com.vn\/ve-chung-toi\/huong-dan-mua-hang\"]}]},{\"@type\":\"BreadcrumbList\",\"@id\":\"https:\/\/datvietcoffee.com.vn\/ve-chung-toi\/huong-dan-mua-hang#breadcrumb\",\"itemListElement\":[{\"@type\":\"ListItem\",\"position\":1,\"name\":\"Trang ch\u1ee7\",\"item\":\"https:\/\/datvietcoffee.com.vn\/\"},{\"@type\":\"ListItem\",\"position\":2,\"name\":\"V\u1ec1 ch\u00fang t\u00f4i\",\"item\":\"https:\/\/datvietcoffee.com.vn\/ve-chung-toi\"},{\"@type\":\"ListItem\",\"position\":3,\"name\":\"H\u01b0\u1edbng d\u1eabn mua h\u00e0ng\"}]},{\"@type\":\"WebSite\",\"@id\":\"https:\/\/datvietcoffee.com.vn\/#website\",\"url\":\"https:\/\/datvietcoffee.com.vn\/\",\"name\":\"Coffee \u0110\u1ea5t Vi\u1ec7t\",\"description\":\"C\u00f4ng ty TNHH C\u00e0 Ph\u00ea \u0110\u1ea5t Vi\u1ec7t\",\"potentialAction\":[{\"@type\":\"SearchAction\",\"target\":{\"@type\":\"EntryPoint\",\"urlTemplate\":\"https:\/\/datvietcoffee.com.vn\/?s={search_term_string}\"},\"query-input\":{\"@type\":\"PropertyValueSpecification\",\"valueRequired\":true,\"valueName\":\"search_term_string\"}}],\"inLanguage\":\"en-US\"}]}<\/script>\n<!-- \/ Yoast SEO plugin. -->","yoast_head_json":{"title":"[:vi]H\u01b0\u1edbng d\u1eabn mua h\u00e0ng[:en]Shopping guide[:] - Coffee \u0110\u1ea5t Vi\u1ec7t","robots":{"index":"index","follow":"follow","max-snippet":"max-snippet:-1","max-image-preview":"max-image-preview:large","max-video-preview":"max-video-preview:-1"},"canonical":"https:\/\/datvietcoffee.com.vn\/ve-chung-toi\/huong-dan-mua-hang","og_locale":"en_US","og_type":"article","og_title":"[:vi]H\u01b0\u1edbng d\u1eabn mua h\u00e0ng[:en]Shopping guide[:] - Coffee \u0110\u1ea5t Vi\u1ec7t","og_description":"You can choose one of the following ways: 1 \/ The first way: Company staff will advise and support customers all information about products and prices. Please contact us: &#8211; Call the phone at 0258 3 82 82 92 &#8211; Zalo: https:\/\/zalo.me\/0905222227 &#8211; Fb: https:\/\/www.facebook.com\/caphedatviet.vn 2 \/ The second way: Order via the contact form...","og_url":"https:\/\/datvietcoffee.com.vn\/ve-chung-toi\/huong-dan-mua-hang","og_site_name":"Coffee \u0110\u1ea5t Vi\u1ec7t","article_modified_time":"2020-07-22T08:48:26+00:00","twitter_card":"summary_large_image","twitter_misc":{"Est. reading time":"2 minutes"},"schema":{"@context":"https:\/\/schema.org","@graph":[{"@type":"WebPage","@id":"https:\/\/datvietcoffee.com.vn\/ve-chung-toi\/huong-dan-mua-hang","url":"https:\/\/datvietcoffee.com.vn\/ve-chung-toi\/huong-dan-mua-hang","name":"[:vi]H\u01b0\u1edbng d\u1eabn mua h\u00e0ng[:en]Shopping guide[:] - Coffee \u0110\u1ea5t Vi\u1ec7t","isPartOf":{"@id":"https:\/\/datvietcoffee.com.vn\/#website"},"datePublished":"2020-06-27T01:19:04+00:00","dateModified":"2020-07-22T08:48:26+00:00","breadcrumb":{"@id":"https:\/\/datvietcoffee.com.vn\/ve-chung-toi\/huong-dan-mua-hang#breadcrumb"},"inLanguage":"en-US","potentialAction":[{"@type":"ReadAction","target":["https:\/\/datvietcoffee.com.vn\/ve-chung-toi\/huong-dan-mua-hang"]}]},{"@type":"BreadcrumbList","@id":"https:\/\/datvietcoffee.com.vn\/ve-chung-toi\/huong-dan-mua-hang#breadcrumb","itemListElement":[{"@type":"ListItem","position":1,"name":"Trang ch\u1ee7","item":"https:\/\/datvietcoffee.com.vn\/"},{"@type":"ListItem","position":2,"name":"V\u1ec1 ch\u00fang t\u00f4i","item":"https:\/\/datvietcoffee.com.vn\/ve-chung-toi"},{"@type":"ListItem","position":3,"name":"H\u01b0\u1edbng d\u1eabn mua h\u00e0ng"}]},{"@type":"WebSite","@id":"https:\/\/datvietcoffee.com.vn\/#website","url":"https:\/\/datvietcoffee.com.vn\/","name":"Coffee \u0110\u1ea5t Vi\u1ec7t","description":"C\u00f4ng ty TNHH C\u00e0 Ph\u00ea \u0110\u1ea5t Vi\u1ec7t","potentialAction":[{"@type":"SearchAction","target":{"@type":"EntryPoint","urlTemplate":"https:\/\/datvietcoffee.com.vn\/?s={search_term_string}"},"query-input":{"@type":"PropertyValueSpecification","valueRequired":true,"valueName":"search_term_string"}}],"inLanguage":"en-US"}]}},"_links":{"self":[{"href":"https:\/\/datvietcoffee.com.vn\/en\/wp-json\/wp\/v2\/pages\/375","targetHints":{"allow":["GET"]}}],"collection":[{"href":"https:\/\/datvietcoffee.com.vn\/en\/wp-json\/wp\/v2\/pages"}],"about":[{"href":"https:\/\/datvietcoffee.com.vn\/en\/wp-json\/wp\/v2\/types\/page"}],"author":[{"embeddable":true,"href":"https:\/\/datvietcoffee.com.vn\/en\/wp-json\/wp\/v2\/users\/1"}],"replies":[{"embeddable":true,"href":"https:\/\/datvietcoffee.com.vn\/en\/wp-json\/wp\/v2\/comments?post=375"}],"version-history":[{"count":6,"href":"https:\/\/datvietcoffee.com.vn\/en\/wp-json\/wp\/v2\/pages\/375\/revisions"}],"predecessor-version":[{"id":766,"href":"https:\/\/datvietcoffee.com.vn\/en\/wp-json\/wp\/v2\/pages\/375\/revisions\/766"}],"up":[{"embeddable":true,"href":"https:\/\/datvietcoffee.com.vn\/en\/wp-json\/wp\/v2\/pages\/373"}],"wp:attachment":[{"href":"https:\/\/datvietcoffee.com.vn\/en\/wp-json\/wp\/v2\/media?parent=375"}],"curies":[{"name":"wp","href":"https:\/\/api.w.org\/{rel}","templated":true}]}}