{"id":270,"date":"2020-06-24T15:24:58","date_gmt":"2020-06-24T08:24:58","guid":{"rendered":"http:\/\/datviet.khatech.vn\/?page_id=270"},"modified":"2020-07-30T19:55:33","modified_gmt":"2020-07-30T12:55:33","slug":"gioi-thieu","status":"publish","type":"page","link":"https:\/\/datvietcoffee.com.vn\/en\/gioi-thieu","title":{"rendered":"About us"},"content":{"rendered":"<section class=\"section\" id=\"section_5961246\">\n\t\t<div class=\"bg section-bg fill bg-fill  bg-loaded\" >\n\n\t\t\t\n\t\t\t\n\t\t\t\n\n\t\t<\/div>\n\n\t\t<div class=\"section-content relative\">\n\t\t\t\n\t<div id=\"gap-343303755\" class=\"gap-element clearfix\" style=\"display:block; height:auto;\">\n\t\t\n<style>\n#gap-343303755 {\n  padding-top: 30px;\n}\n<\/style>\n\t<\/div>\n\t\n<div class=\"row\"  id=\"row-637622582\">\n\n\t<div id=\"col-2085702141\" class=\"col medium-5 small-12 large-5\"  >\n\t\t<div class=\"col-inner\"  >\n\t\t\t\n\t\t\t\n\n  <div class=\"banner has-hover\" id=\"banner-263412898\">\n          <div class=\"banner-inner fill\">\n        <div class=\"banner-bg fill\" >\n            <div class=\"bg fill bg-fill \"><\/div>\n                                    \n                    <\/div>\n        <div class=\"banner-layers container\">\n            <div class=\"fill banner-link\"><\/div>            \n        <\/div>\n      <\/div>\n\n            \n<style>\n#banner-263412898 {\n  padding-top: 500px;\n}\n#banner-263412898 .bg.bg-loaded {\n  background-image: url(https:\/\/datvietcoffee.com.vn\/wp-content\/uploads\/2020\/06\/d024296e5087aad9f396-599x800.jpg);\n}\n#banner-263412898 .bg {\n  background-position: 55% 12%;\n}\n<\/style>\n  <\/div>\n\n\n\t\t<\/div>\n\t\t\t<\/div>\n\n\t\n\n\t<div id=\"col-1374175952\" class=\"col medium-7 small-11 large-7\"  >\n\t\t<div class=\"col-inner\"  >\n\t\t\t\n\t\t\t\n\t<div id=\"gap-826998037\" class=\"gap-element clearfix\" style=\"display:block; height:auto;\">\n\t\t\n<style>\n#gap-826998037 {\n  padding-top: 70px;\n}\n<\/style>\n\t<\/div>\n\t\n<h2 class=\"uppercase\" style=\"text-align: justify;\"><span style=\"font-size: 120%;\">V\u1ec0 CH\u00daNG T\u00d4I<\/span><\/h2>\n<p style=\"text-align: justify;\">C\u00e0 ph\u00ea \u0110\u1ea5t Vi\u1ec7t \u0111\u01b0\u1ee3c th\u00e0nh l\u1eadp v\u00e0o ng\u00e0y 06 th\u00e1ng 06 n\u0103m 2005 t\u1ea1i th\u00e0nh ph\u1ed1 NhaTrang , Kh\u00e1nh H\u00f2a . T\u1eeb \u00fd t\u01b0\u1edfng mang \u0111\u1ebfn cho ng\u01b0\u1eddi Vi\u1ec7t m\u1ed9t s\u1ea3n ph\u1ea9m c\u00e0 ph\u00ea ch\u1ea5t l\u01b0\u1ee3ng t\u1ed1t , kh\u00e1c bi\u1ec7t v\u1edbi c\u00e1c lo\u1ea1i s\u1ea3n ph\u1ea9m \u0111ang c\u00f3 m\u1eb7t tr\u00ean th\u1ecb tr\u01b0\u1eddng . V\u1edbi ti\u00eau ch\u00ed \u201c Khai m\u1edf ni\u1ec1m tin &#8221; c\u00e0 ph\u00ea \u0110\u1ea5t Vi\u1ec7t th\u1ef1c s\u1ef1 \u0111\u01b0\u1ee3c ng\u01b0\u1eddi ti\u00eau d\u00f9ng tin t\u01b0\u1edfng v\u00e0 \u0111\u00f3n nh\u1eadn . Qua th\u1eddi gian ho\u1ea1t \u0111\u1ed9ng , c\u00e0 ph\u00ea \u0110\u1ea5t Vi\u1ec7t lu\u00f4n n\u00e2ng cao ch\u1ea5t l\u01b0\u1ee3ng s\u1ea3n ph\u1ea9m , ch\u1ea5t l\u01b0\u1ee3ng ph\u1ee5c V\u1ee4 v\u00e0 m\u1edf r\u1ed9ng h\u1ec7 th\u1ed1ng ph\u00e2n ph\u1ed1i tr\u00ean to\u00e0n qu\u1ed1c . N\u0103m 2008 , v\u1edbi s\u1ef1 nh\u1ea5t tr\u00ed c\u1ee7a ban l\u00e3nh \u0111\u1ea1o v\u00e0 quy\u1ebft t\u00e2m c\u1ee7a t\u1eadp th\u1ec3 nh\u00e2n vi\u00ean . C\u00f4ng ty TNHH c\u00e0 ph\u00ea \u0110\u1ea5t Vi\u1ec7t \u0111\u00e3 ch\u1ecdn m\u1ee5c ti\u00eau \u201c Tinh hoa c\u00e0 ph\u00ea Vi\u1ec7t \u201d \u0111\u1ec3 h\u01b0\u1edbng \u0111\u1ebfn . V\u00ec th\u1ebf , c\u00e0 ph\u00ea \u0110\u1ea5t Vi\u1ec7t kh\u00f4ng ng\u1eebng c\u1ea3i ti\u1ebfn v\u1ec1 m\u1ecdi m\u1eb7t \u0111\u1ec3 ph\u00f9 h\u1ee3p v\u1edbi nhu c\u1ea7u ng\u00e0y c\u00e0ng cao c\u1ee7a kh\u00e1ch h\u00e0ng , mang \u0111\u1ebfn cho kh\u00e1ch h\u00e0ng nh\u1eefng g\u00ec tinh t\u00fay nh\u1ea5t .<\/p>\n\t\t<\/div>\n\t\t\n<style>\n#col-1374175952 > .col-inner {\n  padding: 0px 0px 0px 30px;\n}\n<\/style>\n\t<\/div>\n\n\t\n<\/div>\n\t\t<\/div>\n\n\t\t\n<style>\n#section_5961246 {\n  padding-top: 30px;\n  padding-bottom: 30px;\n  background-color: rgb(255, 255, 255);\n}\n<\/style>\n\t<\/section>\n\t\n\n  <div class=\"banner has-hover\" id=\"banner-1431913326\">\n          <div class=\"banner-inner fill\">\n        <div class=\"banner-bg fill\" >\n            <div class=\"bg fill bg-fill \"><\/div>\n                                    \n                    <\/div>\n        <div class=\"banner-layers container\">\n            <div class=\"fill banner-link\"><\/div>            \n        <\/div>\n      <\/div>\n\n            \n<style>\n#banner-1431913326 {\n  padding-top: 300px;\n}\n#banner-1431913326 .bg.bg-loaded {\n  background-image: url(https:\/\/datvietcoffee.com.vn\/wp-content\/uploads\/2020\/06\/Cafe-chin-1090x800.jpg);\n}\n#banner-1431913326 .bg {\n  background-position: 77% 24%;\n}\n<\/style>\n  <\/div>\n\n\n\t<section class=\"section\" id=\"section_933984546\">\n\t\t<div class=\"bg section-bg fill bg-fill  bg-loaded\" >\n\n\t\t\t\n\t\t\t\n\t\t\t\n\n\t\t<\/div>\n\n\t\t<div class=\"section-content relative\">\n\t\t\t\n\t<div id=\"gap-1585200029\" class=\"gap-element clearfix\" style=\"display:block; height:auto;\">\n\t\t\n<style>\n#gap-1585200029 {\n  padding-top: 40px;\n}\n<\/style>\n\t<\/div>\n\t\n<div class=\"row align-center\"  id=\"row-1297482055\">\n\n\t<div id=\"col-347196373\" class=\"col medium-4 small-10 large-4\"  >\n\t\t<div class=\"col-inner\"  >\n\t\t\t\n\t\t\t\n<h2 class=\"uppercase\"><span style=\"font-size: 150%;\">H\u00e3y h\u1ee3p t\u00e1c c\u00f9ng ch\u00fang t\u00f4i<\/span><\/h2>\n<a class=\"button primary is-link\"  >\n    <span>Nh\u01b0\u1ee3ng quy\u1ec1n th\u01b0\u01a1ng hi\u1ec7u<\/span>\n  <i class=\"icon-angle-right\" ><\/i><\/a>\n\n\t\t<\/div>\n\t\t\t<\/div>\n\n\t\n\n\t<div id=\"col-1005724950\" class=\"col medium-8 small-10 large-8\"  >\n\t\t<div class=\"col-inner\"  >\n\t\t\t\n\t\t\t\n<p><strong>C\u00e0 Ph\u00ea \u0110\u1ea5t Vi\u1ec7t<\/strong> l\u00e0 <strong>c\u00f4ng ty c\u00e0 ph\u00ea uy t\u00edn<\/strong> &#8211; chuy\u00ean cung c\u1ea5p c\u00e0 ph\u00ea h\u1ea1t rang xay, c\u00e0 ph\u00ea b\u1ed9t s\u1ea1ch nguy\u00ean ch\u1ea5t, v\u00ec l\u1ee3i \u00edch cho s\u1ee9c kh\u1ecfe ng\u01b0\u1eddi ti\u00eau d\u00f9ng v\u00e0 s\u1ef1 ph\u00e1t tri\u1ec3n b\u1ec1n v\u1eefng.<\/p>\n<p><strong>C<\/strong><strong>\u00e0 ph\u00ea \u0110\u1ea5t Vi\u1ec7t<\/strong>\u00a0l\u00e0m t\u1eeb 100% h\u1ea1t c\u00e0 ph\u00ea s\u1ea1ch,\u00a0ch\u1ea5t l\u01b0\u1ee3ng cao, kh\u00f4ng pha tr\u1ed9n c\u00e1c lo\u1ea1i t\u1ea1p ch\u1ea5t, ph\u1ee5 gia, h\u00f3a ch\u1ea5t hay h\u01b0\u01a1ng li\u1ec7u.\u00a0<strong>C<\/strong><strong>\u00e0\u00a0ph\u00ea\u00a0h\u1ea1t\u00a0<\/strong><strong>nguy\u00ean ch\u1ea5t<\/strong>\u00a0ch\u1ee9a \u0111\u1ea7y \u0111\u1ee7 h\u00e0m l\u01b0\u1ee3ng c\u00e1c ch\u1ea5t c\u00f3 l\u1ee3i cho s\u1ee9c kh\u1ecfe, t\u1ea1o ni\u1ec1m s\u1ea3ng kho\u00e1i, m\u00e0u n\u01b0\u1edbc kh\u00f4ng \u0111\u1eadm \u0111en, n\u01b0\u1edbc kh\u00f4ng s\u00e1nh \u0111\u1eb7c, v\u1ecb \u0111\u1eafng c\u00e0 ph\u00ea t\u1ef1 nhi\u00ean, h\u01b0\u01a1ng th\u01a1m h\u1ea5p d\u1eabn c\u1ee7a ch\u00ednh h\u1ea1t c\u00e0 ph\u00ea rang.<\/p>\n\t\t<\/div>\n\t\t\t<\/div>\n\n\t\n<\/div>\n\t\t<\/div>\n\n\t\t\n<style>\n#section_933984546 {\n  padding-top: 30px;\n  padding-bottom: 30px;\n}\n<\/style>\n\t<\/section>","protected":false},"excerpt":{"rendered":"","protected":false},"author":1,"featured_media":0,"parent":0,"menu_order":0,"comment_status":"closed","ping_status":"closed","template":"page-blank.php","meta":{"footnotes":""},"class_list":["post-270","page","type-page","status-publish","hentry"],"yoast_head":"<!-- This site is optimized with the Yoast SEO plugin v27.1.1 - https:\/\/yoast.com\/product\/yoast-seo-wordpress\/ -->\n<title>About us - Coffee \u0110\u1ea5t Vi\u1ec7t<\/title>\n<meta name=\"robots\" content=\"index, follow, max-snippet:-1, max-image-preview:large, max-video-preview:-1\" \/>\n<link rel=\"canonical\" href=\"https:\/\/datvietcoffee.com.vn\/gioi-thieu\" \/>\n<meta property=\"og:locale\" content=\"en_US\" \/>\n<meta property=\"og:type\" content=\"article\" \/>\n<meta property=\"og:title\" content=\"[:vi]Gi\u1edbi thi\u1ec7u[:en]About us[:] - Coffee \u0110\u1ea5t Vi\u1ec7t\" \/>\n<meta property=\"og:url\" content=\"https:\/\/datvietcoffee.com.vn\/gioi-thieu\" \/>\n<meta property=\"og:site_name\" content=\"Coffee \u0110\u1ea5t Vi\u1ec7t\" \/>\n<meta property=\"article:modified_time\" content=\"2020-07-30T12:55:33+00:00\" \/>\n<meta name=\"twitter:card\" content=\"summary_large_image\" \/>\n<meta name=\"twitter:label1\" content=\"Est. reading time\" \/>\n\t<meta name=\"twitter:data1\" content=\"5 minutes\" \/>\n<script type=\"application\/ld+json\" class=\"yoast-schema-graph\">{\"@context\":\"https:\/\/schema.org\",\"@graph\":[{\"@type\":\"WebPage\",\"@id\":\"https:\/\/datvietcoffee.com.vn\/gioi-thieu\",\"url\":\"https:\/\/datvietcoffee.com.vn\/gioi-thieu\",\"name\":\"[:vi]Gi\u1edbi thi\u1ec7u[:en]About us[:] - Coffee \u0110\u1ea5t Vi\u1ec7t\",\"isPartOf\":{\"@id\":\"https:\/\/datvietcoffee.com.vn\/#website\"},\"datePublished\":\"2020-06-24T08:24:58+00:00\",\"dateModified\":\"2020-07-30T12:55:33+00:00\",\"breadcrumb\":{\"@id\":\"https:\/\/datvietcoffee.com.vn\/gioi-thieu#breadcrumb\"},\"inLanguage\":\"en-US\",\"potentialAction\":[{\"@type\":\"ReadAction\",\"target\":[\"https:\/\/datvietcoffee.com.vn\/gioi-thieu\"]}]},{\"@type\":\"BreadcrumbList\",\"@id\":\"https:\/\/datvietcoffee.com.vn\/gioi-thieu#breadcrumb\",\"itemListElement\":[{\"@type\":\"ListItem\",\"position\":1,\"name\":\"Trang ch\u1ee7\",\"item\":\"https:\/\/datvietcoffee.com.vn\/\"},{\"@type\":\"ListItem\",\"position\":2,\"name\":\"Gi\u1edbi thi\u1ec7u\"}]},{\"@type\":\"WebSite\",\"@id\":\"https:\/\/datvietcoffee.com.vn\/#website\",\"url\":\"https:\/\/datvietcoffee.com.vn\/\",\"name\":\"Coffee \u0110\u1ea5t Vi\u1ec7t\",\"description\":\"C\u00f4ng ty TNHH C\u00e0 Ph\u00ea \u0110\u1ea5t Vi\u1ec7t\",\"potentialAction\":[{\"@type\":\"SearchAction\",\"target\":{\"@type\":\"EntryPoint\",\"urlTemplate\":\"https:\/\/datvietcoffee.com.vn\/?s={search_term_string}\"},\"query-input\":{\"@type\":\"PropertyValueSpecification\",\"valueRequired\":true,\"valueName\":\"search_term_string\"}}],\"inLanguage\":\"en-US\"}]}<\/script>\n<!-- \/ Yoast SEO plugin. -->","yoast_head_json":{"title":"[:vi]Gi\u1edbi thi\u1ec7u[:en]About us[:] - Coffee \u0110\u1ea5t Vi\u1ec7t","robots":{"index":"index","follow":"follow","max-snippet":"max-snippet:-1","max-image-preview":"max-image-preview:large","max-video-preview":"max-video-preview:-1"},"canonical":"https:\/\/datvietcoffee.com.vn\/gioi-thieu","og_locale":"en_US","og_type":"article","og_title":"[:vi]Gi\u1edbi thi\u1ec7u[:en]About us[:] - Coffee \u0110\u1ea5t Vi\u1ec7t","og_url":"https:\/\/datvietcoffee.com.vn\/gioi-thieu","og_site_name":"Coffee \u0110\u1ea5t Vi\u1ec7t","article_modified_time":"2020-07-30T12:55:33+00:00","twitter_card":"summary_large_image","twitter_misc":{"Est. reading time":"5 minutes"},"schema":{"@context":"https:\/\/schema.org","@graph":[{"@type":"WebPage","@id":"https:\/\/datvietcoffee.com.vn\/gioi-thieu","url":"https:\/\/datvietcoffee.com.vn\/gioi-thieu","name":"[:vi]Gi\u1edbi thi\u1ec7u[:en]About us[:] - Coffee \u0110\u1ea5t Vi\u1ec7t","isPartOf":{"@id":"https:\/\/datvietcoffee.com.vn\/#website"},"datePublished":"2020-06-24T08:24:58+00:00","dateModified":"2020-07-30T12:55:33+00:00","breadcrumb":{"@id":"https:\/\/datvietcoffee.com.vn\/gioi-thieu#breadcrumb"},"inLanguage":"en-US","potentialAction":[{"@type":"ReadAction","target":["https:\/\/datvietcoffee.com.vn\/gioi-thieu"]}]},{"@type":"BreadcrumbList","@id":"https:\/\/datvietcoffee.com.vn\/gioi-thieu#breadcrumb","itemListElement":[{"@type":"ListItem","position":1,"name":"Trang ch\u1ee7","item":"https:\/\/datvietcoffee.com.vn\/"},{"@type":"ListItem","position":2,"name":"Gi\u1edbi thi\u1ec7u"}]},{"@type":"WebSite","@id":"https:\/\/datvietcoffee.com.vn\/#website","url":"https:\/\/datvietcoffee.com.vn\/","name":"Coffee \u0110\u1ea5t Vi\u1ec7t","description":"C\u00f4ng ty TNHH C\u00e0 Ph\u00ea \u0110\u1ea5t Vi\u1ec7t","potentialAction":[{"@type":"SearchAction","target":{"@type":"EntryPoint","urlTemplate":"https:\/\/datvietcoffee.com.vn\/?s={search_term_string}"},"query-input":{"@type":"PropertyValueSpecification","valueRequired":true,"valueName":"search_term_string"}}],"inLanguage":"en-US"}]}},"_links":{"self":[{"href":"https:\/\/datvietcoffee.com.vn\/en\/wp-json\/wp\/v2\/pages\/270","targetHints":{"allow":["GET"]}}],"collection":[{"href":"https:\/\/datvietcoffee.com.vn\/en\/wp-json\/wp\/v2\/pages"}],"about":[{"href":"https:\/\/datvietcoffee.com.vn\/en\/wp-json\/wp\/v2\/types\/page"}],"author":[{"embeddable":true,"href":"https:\/\/datvietcoffee.com.vn\/en\/wp-json\/wp\/v2\/users\/1"}],"replies":[{"embeddable":true,"href":"https:\/\/datvietcoffee.com.vn\/en\/wp-json\/wp\/v2\/comments?post=270"}],"version-history":[{"count":11,"href":"https:\/\/datvietcoffee.com.vn\/en\/wp-json\/wp\/v2\/pages\/270\/revisions"}],"predecessor-version":[{"id":792,"href":"https:\/\/datvietcoffee.com.vn\/en\/wp-json\/wp\/v2\/pages\/270\/revisions\/792"}],"wp:attachment":[{"href":"https:\/\/datvietcoffee.com.vn\/en\/wp-json\/wp\/v2\/media?parent=270"}],"curies":[{"name":"wp","href":"https:\/\/api.w.org\/{rel}","templated":true}]}}