{"id":26,"date":"2016-08-09T14:23:35","date_gmt":"2016-08-09T14:23:35","guid":{"rendered":"http:\/\/flatsome.dev\/?page_id=8550"},"modified":"2020-06-24T10:12:32","modified_gmt":"2020-06-24T03:12:32","slug":"slider-cover","status":"publish","type":"page","link":"https:\/\/datvietcoffee.com.vn\/en\/demos\/shop-demos\/slider-cover","title":{"rendered":"Slider Cover"},"content":{"rendered":"<div class=\"slider-wrapper relative\" id=\"slider-975726673\" >\n    <div class=\"slider slider-nav-simple slider-nav-normal slider-nav-light slider-style-normal slider-show-nav\"\n        data-flickity-options='{\n            \"cellAlign\": \"center\",\n            \"imagesLoaded\": true,\n            \"lazyLoad\": 1,\n            \"freeScroll\": false,\n            \"wrapAround\": false,\n            \"autoPlay\": 6000,\n            \"pauseAutoPlayOnHover\" : true,\n            \"prevNextButtons\": true,\n            \"contain\" : true,\n            \"adaptiveHeight\" : true,\n            \"dragThreshold\" : 10,\n            \"percentPosition\": true,\n            \"pageDots\": false,\n            \"rightToLeft\": false,\n            \"draggable\": true,\n            \"selectedAttraction\": 0.1,\n            \"parallax\" : 2,\n            \"friction\": 0.6        }'\n        >\n        \n\n  <div class=\"banner has-hover is-full-height\" id=\"banner-1186177461\">\n          <div class=\"banner-inner fill\">\n        <div class=\"banner-bg fill\" >\n            <div class=\"bg fill bg-fill \"><\/div>\n                        <div class=\"overlay\"><\/div>            \n                    <\/div>\n        <div class=\"banner-layers container\">\n            <div class=\"fill banner-link\"><\/div>            \n   <div id=\"text-box-349056877\" class=\"text-box banner-layer x5 md-x5 lg-x5 y80 md-y80 lg-y80 res-text\">\n                                <div class=\"text-box-content text dark\">\n              \n              <div class=\"text-inner text-left\">\n                  \n<h2 class=\"uppercase\"><span style=\"font-size: 100%;\"><strong>Welcome to our Fashion shop<\/strong><\/span><\/h2>\n<p>Lorem ipsum dolor sit amet, consectetuer adipiscing elit, sed diam nonummy nibh euismod tincidunt ut laoreet dolore magna aliquam erat volutpat.<\/p>\n<a class=\"button white\"  >\n    <span>Click me!<\/span>\n  <\/a>\n\n              <\/div>\n           <\/div>\n                            \n<style>\n#text-box-349056877 {\n  width: 78%;\n}\n#text-box-349056877 .text-box-content {\n  font-size: 125%;\n}\n@media (min-width:550px) {\n  #text-box-349056877 {\n    width: 45%;\n  }\n  #text-box-349056877 .text-box-content {\n    font-size: 100%;\n  }\n}\n<\/style>\n    <\/div>\n \n        <\/div>\n      <\/div>\n\n            \n<style>\n#banner-1186177461 {\n  padding-top: 100%;\n}\n#banner-1186177461 .bg.bg-loaded {\n  background-image: url(https:\/\/datvietcoffee.com.vn\/wp-content\/uploads\/2016\/08\/dummy-2.jpg);\n}\n#banner-1186177461 .overlay {\n  background-color: rgba(0, 0, 0, 0.17);\n}\n#banner-1186177461 .bg {\n  background-position: 30% 57%;\n}\n<\/style>\n  <\/div>\n\n\n\n  <div class=\"banner has-hover is-full-height\" id=\"banner-1673626380\">\n          <div class=\"banner-inner fill\">\n        <div class=\"banner-bg fill\" >\n            <div class=\"bg fill bg-fill \"><\/div>\n                        <div class=\"overlay\"><\/div>            \n                    <\/div>\n        <div class=\"banner-layers container\">\n            <div class=\"fill banner-link\"><\/div>            \n   <div id=\"text-box-1307951194\" class=\"text-box banner-layer x5 md-x5 lg-x5 y80 md-y80 lg-y80 res-text\">\n                                <div class=\"text-box-content text dark\">\n              \n              <div class=\"text-inner text-left\">\n                  \n<h2 class=\"uppercase\"><strong>Welcome to our Fashion shop<\/strong><\/h2>\n<p>Lorem ipsum dolor sit amet, consectetuer adipiscing elit, sed diam nonummy nibh euismod tincidunt ut laoreet dolore magna aliquam erat volutpat.<\/p>\n<a class=\"button white\"  >\n    <span>Click me!<\/span>\n  <\/a>\n\n              <\/div>\n           <\/div>\n                            \n<style>\n#text-box-1307951194 {\n  width: 78%;\n}\n#text-box-1307951194 .text-box-content {\n  font-size: 125%;\n}\n@media (min-width:550px) {\n  #text-box-1307951194 {\n    width: 45%;\n  }\n  #text-box-1307951194 .text-box-content {\n    font-size: 100%;\n  }\n}\n<\/style>\n    <\/div>\n \n        <\/div>\n      <\/div>\n\n            \n<style>\n#banner-1673626380 {\n  padding-top: 100%;\n}\n#banner-1673626380 .bg.bg-loaded {\n  background-image: url(https:\/\/datvietcoffee.com.vn\/wp-content\/uploads\/2016\/08\/dummy-2.jpg);\n}\n#banner-1673626380 .overlay {\n  background-color: rgba(0, 0, 0, 0.17);\n}\n#banner-1673626380 .bg {\n  background-position: 62% 18%;\n}\n<\/style>\n  <\/div>\n\n\n\n  <div class=\"banner has-hover is-full-height\" id=\"banner-1779390391\">\n          <div class=\"banner-inner fill\">\n        <div class=\"banner-bg fill\" >\n            <div class=\"bg fill bg-fill \"><\/div>\n                        <div class=\"overlay\"><\/div>            \n                    <\/div>\n        <div class=\"banner-layers container\">\n            <div class=\"fill banner-link\"><\/div>            \n   <div id=\"text-box-433961142\" class=\"text-box banner-layer x5 md-x5 lg-x5 y80 md-y80 lg-y80 res-text\">\n                                <div class=\"text-box-content text dark\">\n              \n              <div class=\"text-inner text-left\">\n                  \n<h2 class=\"uppercase\"><strong>Welcome to our Fashion shop<\/strong><\/h2>\n<p>Lorem ipsum dolor sit amet, consectetuer adipiscing elit, sed diam nonummy nibh euismod tincidunt ut laoreet dolore magna aliquam erat volutpat.<\/p>\n<a class=\"button white\"  >\n    <span>Click me!<\/span>\n  <\/a>\n\n              <\/div>\n           <\/div>\n                            \n<style>\n#text-box-433961142 {\n  width: 78%;\n}\n#text-box-433961142 .text-box-content {\n  font-size: 125%;\n}\n@media (min-width:550px) {\n  #text-box-433961142 {\n    width: 45%;\n  }\n  #text-box-433961142 .text-box-content {\n    font-size: 100%;\n  }\n}\n<\/style>\n    <\/div>\n \n        <\/div>\n      <\/div>\n\n            \n<style>\n#banner-1779390391 {\n  padding-top: 100%;\n}\n#banner-1779390391 .bg.bg-loaded {\n  background-image: url(https:\/\/datvietcoffee.com.vn\/wp-content\/uploads\/2016\/08\/dummy-2.jpg);\n}\n#banner-1779390391 .overlay {\n  background-color: rgba(0, 0, 0, 0.17);\n}\n#banner-1779390391 .bg {\n  background-position: 74% 14%;\n}\n<\/style>\n  <\/div>\n\n\n     <\/div>\n\n     <div class=\"loading-spin dark large centered\"><\/div>\n\n     \t<\/div>\n\n\n","protected":false},"excerpt":{"rendered":"","protected":false},"author":1,"featured_media":12,"parent":70,"menu_order":12,"comment_status":"closed","ping_status":"closed","template":"page-transparent-header-light.php","meta":{"footnotes":""},"class_list":["post-26","page","type-page","status-publish","has-post-thumbnail","hentry"],"yoast_head":"<!-- This site is optimized with the Yoast SEO plugin v27.1.1 - https:\/\/yoast.com\/product\/yoast-seo-wordpress\/ -->\n<title>Slider Cover - Coffee \u0110\u1ea5t Vi\u1ec7t<\/title>\n<meta name=\"robots\" content=\"index, follow, max-snippet:-1, max-image-preview:large, max-video-preview:-1\" \/>\n<link rel=\"canonical\" href=\"https:\/\/datvietcoffee.com.vn\/demos\/shop-demos\/slider-cover\" \/>\n<meta property=\"og:locale\" content=\"en_US\" \/>\n<meta property=\"og:type\" content=\"article\" \/>\n<meta property=\"og:title\" content=\"Slider Cover - Coffee \u0110\u1ea5t Vi\u1ec7t\" \/>\n<meta property=\"og:url\" content=\"https:\/\/datvietcoffee.com.vn\/demos\/shop-demos\/slider-cover\" \/>\n<meta property=\"og:site_name\" content=\"Coffee \u0110\u1ea5t Vi\u1ec7t\" \/>\n<meta property=\"article:modified_time\" content=\"2020-06-24T03:12:32+00:00\" \/>\n<meta property=\"og:image\" content=\"https:\/\/datvietcoffee.com.vn\/wp-content\/uploads\/2016\/08\/dummy-1.jpg\" \/>\n\t<meta property=\"og:image:width\" content=\"400\" \/>\n\t<meta property=\"og:image:height\" content=\"260\" \/>\n\t<meta property=\"og:image:type\" content=\"image\/jpeg\" \/>\n<meta name=\"twitter:card\" content=\"summary_large_image\" \/>\n<meta name=\"twitter:label1\" content=\"Est. reading time\" \/>\n\t<meta name=\"twitter:data1\" content=\"1 minute\" \/>\n<script type=\"application\/ld+json\" class=\"yoast-schema-graph\">{\"@context\":\"https:\/\/schema.org\",\"@graph\":[{\"@type\":\"WebPage\",\"@id\":\"https:\/\/datvietcoffee.com.vn\/demos\/shop-demos\/slider-cover\",\"url\":\"https:\/\/datvietcoffee.com.vn\/demos\/shop-demos\/slider-cover\",\"name\":\"Slider Cover - Coffee \u0110\u1ea5t Vi\u1ec7t\",\"isPartOf\":{\"@id\":\"https:\/\/datvietcoffee.com.vn\/#website\"},\"primaryImageOfPage\":{\"@id\":\"https:\/\/datvietcoffee.com.vn\/demos\/shop-demos\/slider-cover#primaryimage\"},\"image\":{\"@id\":\"https:\/\/datvietcoffee.com.vn\/demos\/shop-demos\/slider-cover#primaryimage\"},\"thumbnailUrl\":\"https:\/\/datvietcoffee.com.vn\/wp-content\/uploads\/2016\/08\/dummy-1.jpg\",\"datePublished\":\"2016-08-09T14:23:35+00:00\",\"dateModified\":\"2020-06-24T03:12:32+00:00\",\"breadcrumb\":{\"@id\":\"https:\/\/datvietcoffee.com.vn\/demos\/shop-demos\/slider-cover#breadcrumb\"},\"inLanguage\":\"en-US\",\"potentialAction\":[{\"@type\":\"ReadAction\",\"target\":[\"https:\/\/datvietcoffee.com.vn\/demos\/shop-demos\/slider-cover\"]}]},{\"@type\":\"ImageObject\",\"inLanguage\":\"en-US\",\"@id\":\"https:\/\/datvietcoffee.com.vn\/demos\/shop-demos\/slider-cover#primaryimage\",\"url\":\"https:\/\/datvietcoffee.com.vn\/wp-content\/uploads\/2016\/08\/dummy-1.jpg\",\"contentUrl\":\"https:\/\/datvietcoffee.com.vn\/wp-content\/uploads\/2016\/08\/dummy-1.jpg\",\"width\":400,\"height\":260},{\"@type\":\"BreadcrumbList\",\"@id\":\"https:\/\/datvietcoffee.com.vn\/demos\/shop-demos\/slider-cover#breadcrumb\",\"itemListElement\":[{\"@type\":\"ListItem\",\"position\":1,\"name\":\"Trang ch\u1ee7\",\"item\":\"https:\/\/datvietcoffee.com.vn\/\"},{\"@type\":\"ListItem\",\"position\":2,\"name\":\"Demos\",\"item\":\"https:\/\/datvietcoffee.com.vn\/demos\"},{\"@type\":\"ListItem\",\"position\":3,\"name\":\"Shop Demos\",\"item\":\"https:\/\/datvietcoffee.com.vn\/demos\/shop-demos\"},{\"@type\":\"ListItem\",\"position\":4,\"name\":\"Slider Cover\"}]},{\"@type\":\"WebSite\",\"@id\":\"https:\/\/datvietcoffee.com.vn\/#website\",\"url\":\"https:\/\/datvietcoffee.com.vn\/\",\"name\":\"Coffee \u0110\u1ea5t Vi\u1ec7t\",\"description\":\"C\u00f4ng ty TNHH C\u00e0 Ph\u00ea \u0110\u1ea5t Vi\u1ec7t\",\"potentialAction\":[{\"@type\":\"SearchAction\",\"target\":{\"@type\":\"EntryPoint\",\"urlTemplate\":\"https:\/\/datvietcoffee.com.vn\/?s={search_term_string}\"},\"query-input\":{\"@type\":\"PropertyValueSpecification\",\"valueRequired\":true,\"valueName\":\"search_term_string\"}}],\"inLanguage\":\"en-US\"}]}<\/script>\n<!-- \/ Yoast SEO plugin. -->","yoast_head_json":{"title":"Slider Cover - Coffee \u0110\u1ea5t Vi\u1ec7t","robots":{"index":"index","follow":"follow","max-snippet":"max-snippet:-1","max-image-preview":"max-image-preview:large","max-video-preview":"max-video-preview:-1"},"canonical":"https:\/\/datvietcoffee.com.vn\/demos\/shop-demos\/slider-cover","og_locale":"en_US","og_type":"article","og_title":"Slider Cover - Coffee \u0110\u1ea5t Vi\u1ec7t","og_url":"https:\/\/datvietcoffee.com.vn\/demos\/shop-demos\/slider-cover","og_site_name":"Coffee \u0110\u1ea5t Vi\u1ec7t","article_modified_time":"2020-06-24T03:12:32+00:00","og_image":[{"width":400,"height":260,"url":"https:\/\/datvietcoffee.com.vn\/wp-content\/uploads\/2016\/08\/dummy-1.jpg","type":"image\/jpeg"}],"twitter_card":"summary_large_image","twitter_misc":{"Est. reading time":"1 minute"},"schema":{"@context":"https:\/\/schema.org","@graph":[{"@type":"WebPage","@id":"https:\/\/datvietcoffee.com.vn\/demos\/shop-demos\/slider-cover","url":"https:\/\/datvietcoffee.com.vn\/demos\/shop-demos\/slider-cover","name":"Slider Cover - Coffee \u0110\u1ea5t Vi\u1ec7t","isPartOf":{"@id":"https:\/\/datvietcoffee.com.vn\/#website"},"primaryImageOfPage":{"@id":"https:\/\/datvietcoffee.com.vn\/demos\/shop-demos\/slider-cover#primaryimage"},"image":{"@id":"https:\/\/datvietcoffee.com.vn\/demos\/shop-demos\/slider-cover#primaryimage"},"thumbnailUrl":"https:\/\/datvietcoffee.com.vn\/wp-content\/uploads\/2016\/08\/dummy-1.jpg","datePublished":"2016-08-09T14:23:35+00:00","dateModified":"2020-06-24T03:12:32+00:00","breadcrumb":{"@id":"https:\/\/datvietcoffee.com.vn\/demos\/shop-demos\/slider-cover#breadcrumb"},"inLanguage":"en-US","potentialAction":[{"@type":"ReadAction","target":["https:\/\/datvietcoffee.com.vn\/demos\/shop-demos\/slider-cover"]}]},{"@type":"ImageObject","inLanguage":"en-US","@id":"https:\/\/datvietcoffee.com.vn\/demos\/shop-demos\/slider-cover#primaryimage","url":"https:\/\/datvietcoffee.com.vn\/wp-content\/uploads\/2016\/08\/dummy-1.jpg","contentUrl":"https:\/\/datvietcoffee.com.vn\/wp-content\/uploads\/2016\/08\/dummy-1.jpg","width":400,"height":260},{"@type":"BreadcrumbList","@id":"https:\/\/datvietcoffee.com.vn\/demos\/shop-demos\/slider-cover#breadcrumb","itemListElement":[{"@type":"ListItem","position":1,"name":"Trang ch\u1ee7","item":"https:\/\/datvietcoffee.com.vn\/"},{"@type":"ListItem","position":2,"name":"Demos","item":"https:\/\/datvietcoffee.com.vn\/demos"},{"@type":"ListItem","position":3,"name":"Shop Demos","item":"https:\/\/datvietcoffee.com.vn\/demos\/shop-demos"},{"@type":"ListItem","position":4,"name":"Slider Cover"}]},{"@type":"WebSite","@id":"https:\/\/datvietcoffee.com.vn\/#website","url":"https:\/\/datvietcoffee.com.vn\/","name":"Coffee \u0110\u1ea5t Vi\u1ec7t","description":"C\u00f4ng ty TNHH C\u00e0 Ph\u00ea \u0110\u1ea5t Vi\u1ec7t","potentialAction":[{"@type":"SearchAction","target":{"@type":"EntryPoint","urlTemplate":"https:\/\/datvietcoffee.com.vn\/?s={search_term_string}"},"query-input":{"@type":"PropertyValueSpecification","valueRequired":true,"valueName":"search_term_string"}}],"inLanguage":"en-US"}]}},"_links":{"self":[{"href":"https:\/\/datvietcoffee.com.vn\/en\/wp-json\/wp\/v2\/pages\/26","targetHints":{"allow":["GET"]}}],"collection":[{"href":"https:\/\/datvietcoffee.com.vn\/en\/wp-json\/wp\/v2\/pages"}],"about":[{"href":"https:\/\/datvietcoffee.com.vn\/en\/wp-json\/wp\/v2\/types\/page"}],"author":[{"embeddable":true,"href":"https:\/\/datvietcoffee.com.vn\/en\/wp-json\/wp\/v2\/users\/1"}],"replies":[{"embeddable":true,"href":"https:\/\/datvietcoffee.com.vn\/en\/wp-json\/wp\/v2\/comments?post=26"}],"version-history":[{"count":1,"href":"https:\/\/datvietcoffee.com.vn\/en\/wp-json\/wp\/v2\/pages\/26\/revisions"}],"predecessor-version":[{"id":101,"href":"https:\/\/datvietcoffee.com.vn\/en\/wp-json\/wp\/v2\/pages\/26\/revisions\/101"}],"up":[{"embeddable":true,"href":"https:\/\/datvietcoffee.com.vn\/en\/wp-json\/wp\/v2\/pages\/70"}],"wp:featuredmedia":[{"embeddable":true,"href":"https:\/\/datvietcoffee.com.vn\/en\/wp-json\/wp\/v2\/media\/12"}],"wp:attachment":[{"href":"https:\/\/datvietcoffee.com.vn\/en\/wp-json\/wp\/v2\/media?parent=26"}],"curies":[{"name":"wp","href":"https:\/\/api.w.org\/{rel}","templated":true}]}}